{"id":1198,"date":"2025-09-15T16:43:15","date_gmt":"2025-09-15T14:43:15","guid":{"rendered":"https:\/\/re-sentir.be\/?page_id=1198"},"modified":"2025-09-22T14:31:16","modified_gmt":"2025-09-22T12:31:16","slug":"elementor-page-1198","status":"publish","type":"page","link":"https:\/\/re-sentir.be\/?page_id=1198","title":{"rendered":"La parfumeuse"},"content":{"rendered":"\t\t<div data-elementor-type=\"wp-page\" data-elementor-id=\"1198\" class=\"elementor elementor-1198\">\n\t\t\t\t<div class=\"elementor-element elementor-element-65f94a2 e-flex e-con-boxed e-con e-parent\" data-id=\"65f94a2\" data-element_type=\"container\">\n\t\t\t\t\t<div class=\"e-con-inner\">\n\t\t<div class=\"elementor-element elementor-element-fdefbfc e-con-full e-flex e-con e-child\" data-id=\"fdefbfc\" data-element_type=\"container\">\n\t\t\t\t<div class=\"elementor-element elementor-element-b8495ce elementor-widget elementor-widget-text-editor\" data-id=\"b8495ce\" data-element_type=\"widget\" data-widget_type=\"text-editor.default\">\n\t\t\t\t<div class=\"elementor-widget-container\">\n\t\t\t\t\t\t\t\t\t<p>Active depuis plus de dix ans dans la cr\u00e9ation de cosm\u00e9tiques naturels et passionn\u00e9e de nature depuis son enfance, Val\u00e9rie a fait le gage de d\u00e9velopper une gamme de parfums enti\u00e8rement naturelle, sans synth\u00e9tiques.<\/p>\n<p>Apr\u00e8s des mois de formation, la rencontre de fournisseurs et de parfumeurs \u00e0 Grasse, elle lance RE.SENTIR.<\/p>\n<p>Chaque parfum fait r\u00e9f\u00e9rence \u00e0 un environnement.<\/p>\t\t\t\t\t\t\t\t<\/div>\n\t\t\t\t<\/div>\n\t\t\t\t<\/div>\n\t\t<div class=\"elementor-element elementor-element-d0b6e49 e-con-full e-flex e-con e-child\" data-id=\"d0b6e49\" data-element_type=\"container\">\n\t\t\t\t<div class=\"elementor-element elementor-element-7ad51ab elementor-widget elementor-widget-image\" data-id=\"7ad51ab\" data-element_type=\"widget\" data-widget_type=\"image.default\">\n\t\t\t\t<div class=\"elementor-widget-container\">\n\t\t\t\t\t\t\t\t\t\t\t\t\t\t\t<img fetchpriority=\"high\" decoding=\"async\" width=\"1707\" height=\"1380\" src=\"https:\/\/re-sentir.be\/wp-content\/uploads\/2025\/05\/ice_janvier25_045-28-05.jpg\" class=\"attachment-2048x2048 size-2048x2048 wp-image-888\" alt=\"\" srcset=\"https:\/\/re-sentir.be\/wp-content\/uploads\/2025\/05\/ice_janvier25_045-28-05.jpg 1707w, https:\/\/re-sentir.be\/wp-content\/uploads\/2025\/05\/ice_janvier25_045-28-05-600x485.jpg 600w, https:\/\/re-sentir.be\/wp-content\/uploads\/2025\/05\/ice_janvier25_045-28-05-300x243.jpg 300w, https:\/\/re-sentir.be\/wp-content\/uploads\/2025\/05\/ice_janvier25_045-28-05-1024x828.jpg 1024w, https:\/\/re-sentir.be\/wp-content\/uploads\/2025\/05\/ice_janvier25_045-28-05-768x621.jpg 768w, https:\/\/re-sentir.be\/wp-content\/uploads\/2025\/05\/ice_janvier25_045-28-05-1536x1242.jpg 1536w\" sizes=\"(max-width: 1707px) 100vw, 1707px\" \/>\t\t\t\t\t\t\t\t\t\t\t\t\t\t\t<\/div>\n\t\t\t\t<\/div>\n\t\t\t\t<\/div>\n\t\t<div class=\"elementor-element elementor-element-f64b25b e-con-full e-flex e-con e-child\" data-id=\"f64b25b\" data-element_type=\"container\">\n\t\t\t\t<div class=\"elementor-element elementor-element-e30c981 elementor-widget elementor-widget-text-editor\" data-id=\"e30c981\" data-element_type=\"widget\" data-widget_type=\"text-editor.default\">\n\t\t\t\t<div class=\"elementor-widget-container\">\n\t\t\t\t\t\t\t\t\t<p>Dans la for\u00eat, Solstice d&rsquo;\u00e9t\u00e9, Chapelle Sixtine, Ros\u00e9e du matin et Passionn\u00e9ment vous plongeront au coeur de son univers !<\/p><p>Chaque parfum est une cr\u00e9ation personnelle,\u00a0 un \u00e9quilibre entre les notes de t\u00eate, de coeur et de fond.\u00a0<\/p><p>Pour arriver \u00e0 une harmonie et vous proposer des parfums authentiques, hors des sentiers battus&#8230; et ressentir des \u00e9motions oubli\u00e9es !<\/p>\t\t\t\t\t\t\t\t<\/div>\n\t\t\t\t<\/div>\n\t\t\t\t<\/div>\n\t\t\t\t\t<\/div>\n\t\t\t\t<\/div>\n\t\t\t\t<\/div>\n\t\t","protected":false},"excerpt":{"rendered":"<p>Active depuis plus de dix ans dans la cr\u00e9ation de cosm\u00e9tiques naturels et passionn\u00e9e de nature depuis son enfance, Val\u00e9rie a fait le gage de &hellip;<\/p>\n","protected":false},"author":1,"featured_media":0,"parent":0,"menu_order":0,"comment_status":"closed","ping_status":"closed","template":"elementor_theme","meta":{"footnotes":""},"class_list":["post-1198","page","type-page","status-publish","hentry"],"yoast_head":"<!-- This site is optimized with the Yoast SEO plugin v25.9 - https:\/\/yoast.com\/wordpress\/plugins\/seo\/ -->\n<title>Re.sentir | Parfums authentiques Bruxelles<\/title>\n<meta name=\"description\" content=\"RE.SENTIR c&#039;est une parfumerie de niche, ind\u00e9pendante et qui invite \u00e0 se r\u00e9approprier les odeurs authentiques de la nature. A ressentir des \u00e9motions oubli\u00e9es. A se faire plaisir tout en prenant soin du monde qui nous entoure.\" \/>\n<meta name=\"robots\" content=\"index, follow, max-snippet:-1, max-image-preview:large, max-video-preview:-1\" \/>\n<link rel=\"canonical\" href=\"https:\/\/re-sentir.be\/?page_id=1198\" \/>\n<meta property=\"og:locale\" content=\"fr_FR\" \/>\n<meta property=\"og:type\" content=\"article\" \/>\n<meta property=\"og:title\" content=\"Re.sentir | Parfums authentiques Bruxelles\" \/>\n<meta property=\"og:description\" content=\"RE.SENTIR c&#039;est une parfumerie de niche, ind\u00e9pendante et qui invite \u00e0 se r\u00e9approprier les odeurs authentiques de la nature. A ressentir des \u00e9motions oubli\u00e9es. A se faire plaisir tout en prenant soin du monde qui nous entoure.\" \/>\n<meta property=\"og:url\" content=\"https:\/\/re-sentir.be\/?page_id=1198\" \/>\n<meta property=\"og:site_name\" content=\"Re.sentir\" \/>\n<meta property=\"article:modified_time\" content=\"2025-09-22T12:31:16+00:00\" \/>\n<meta property=\"og:image\" content=\"https:\/\/re-sentir.be\/wp-content\/uploads\/2025\/05\/ice_janvier25_045-28-05.jpg\" \/>\n\t<meta property=\"og:image:width\" content=\"1707\" \/>\n\t<meta property=\"og:image:height\" content=\"1380\" \/>\n\t<meta property=\"og:image:type\" content=\"image\/jpeg\" \/>\n<meta name=\"twitter:card\" content=\"summary_large_image\" \/>\n<meta name=\"twitter:label1\" content=\"Dur\u00e9e de lecture est.\" \/>\n\t<meta name=\"twitter:data1\" content=\"1 minute\" \/>\n<script type=\"application\/ld+json\" class=\"yoast-schema-graph\">{\"@context\":\"https:\/\/schema.org\",\"@graph\":[{\"@type\":\"WebPage\",\"@id\":\"https:\/\/re-sentir.be\/?page_id=1198\",\"url\":\"https:\/\/re-sentir.be\/?page_id=1198\",\"name\":\"Re.sentir | Parfums authentiques Bruxelles\",\"isPartOf\":{\"@id\":\"https:\/\/re-sentir.be\/#website\"},\"primaryImageOfPage\":{\"@id\":\"https:\/\/re-sentir.be\/?page_id=1198#primaryimage\"},\"image\":{\"@id\":\"https:\/\/re-sentir.be\/?page_id=1198#primaryimage\"},\"thumbnailUrl\":\"https:\/\/re-sentir.be\/wp-content\/uploads\/2025\/05\/ice_janvier25_045-28-05.jpg\",\"datePublished\":\"2025-09-15T14:43:15+00:00\",\"dateModified\":\"2025-09-22T12:31:16+00:00\",\"description\":\"RE.SENTIR c'est une parfumerie de niche, ind\u00e9pendante et qui invite \u00e0 se r\u00e9approprier les odeurs authentiques de la nature. A ressentir des \u00e9motions oubli\u00e9es. A se faire plaisir tout en prenant soin du monde qui nous entoure.\",\"breadcrumb\":{\"@id\":\"https:\/\/re-sentir.be\/?page_id=1198#breadcrumb\"},\"inLanguage\":\"fr-BE\",\"potentialAction\":[{\"@type\":\"ReadAction\",\"target\":[\"https:\/\/re-sentir.be\/?page_id=1198\"]}]},{\"@type\":\"ImageObject\",\"inLanguage\":\"fr-BE\",\"@id\":\"https:\/\/re-sentir.be\/?page_id=1198#primaryimage\",\"url\":\"https:\/\/re-sentir.be\/wp-content\/uploads\/2025\/05\/ice_janvier25_045-28-05.jpg\",\"contentUrl\":\"https:\/\/re-sentir.be\/wp-content\/uploads\/2025\/05\/ice_janvier25_045-28-05.jpg\",\"width\":1707,\"height\":1380},{\"@type\":\"BreadcrumbList\",\"@id\":\"https:\/\/re-sentir.be\/?page_id=1198#breadcrumb\",\"itemListElement\":[{\"@type\":\"ListItem\",\"position\":1,\"name\":\"Accueil\",\"item\":\"https:\/\/re-sentir.be\/\"},{\"@type\":\"ListItem\",\"position\":2,\"name\":\"La parfumeuse\"}]},{\"@type\":\"WebSite\",\"@id\":\"https:\/\/re-sentir.be\/#website\",\"url\":\"https:\/\/re-sentir.be\/\",\"name\":\"Re-Sentir\",\"description\":\"Parfums authentiques\",\"publisher\":{\"@id\":\"https:\/\/re-sentir.be\/#organization\"},\"potentialAction\":[{\"@type\":\"SearchAction\",\"target\":{\"@type\":\"EntryPoint\",\"urlTemplate\":\"https:\/\/re-sentir.be\/?s={search_term_string}\"},\"query-input\":{\"@type\":\"PropertyValueSpecification\",\"valueRequired\":true,\"valueName\":\"search_term_string\"}}],\"inLanguage\":\"fr-BE\"},{\"@type\":\"Organization\",\"@id\":\"https:\/\/re-sentir.be\/#organization\",\"name\":\"Re-Sentir\",\"url\":\"https:\/\/re-sentir.be\/\",\"logo\":{\"@type\":\"ImageObject\",\"inLanguage\":\"fr-BE\",\"@id\":\"https:\/\/re-sentir.be\/#\/schema\/logo\/image\/\",\"url\":\"https:\/\/re-sentir.be\/wp-content\/uploads\/2025\/02\/resentir_logo_100x100_72pp.png\",\"contentUrl\":\"https:\/\/re-sentir.be\/wp-content\/uploads\/2025\/02\/resentir_logo_100x100_72pp.png\",\"width\":44,\"height\":34,\"caption\":\"Re-Sentir\"},\"image\":{\"@id\":\"https:\/\/re-sentir.be\/#\/schema\/logo\/image\/\"}}]}<\/script>\n<!-- \/ Yoast SEO plugin. -->","yoast_head_json":{"title":"Re.sentir | Parfums authentiques Bruxelles","description":"RE.SENTIR c'est une parfumerie de niche, ind\u00e9pendante et qui invite \u00e0 se r\u00e9approprier les odeurs authentiques de la nature. A ressentir des \u00e9motions oubli\u00e9es. A se faire plaisir tout en prenant soin du monde qui nous entoure.","robots":{"index":"index","follow":"follow","max-snippet":"max-snippet:-1","max-image-preview":"max-image-preview:large","max-video-preview":"max-video-preview:-1"},"canonical":"https:\/\/re-sentir.be\/?page_id=1198","og_locale":"fr_FR","og_type":"article","og_title":"Re.sentir | Parfums authentiques Bruxelles","og_description":"RE.SENTIR c'est une parfumerie de niche, ind\u00e9pendante et qui invite \u00e0 se r\u00e9approprier les odeurs authentiques de la nature. A ressentir des \u00e9motions oubli\u00e9es. A se faire plaisir tout en prenant soin du monde qui nous entoure.","og_url":"https:\/\/re-sentir.be\/?page_id=1198","og_site_name":"Re.sentir","article_modified_time":"2025-09-22T12:31:16+00:00","og_image":[{"width":1707,"height":1380,"url":"https:\/\/re-sentir.be\/wp-content\/uploads\/2025\/05\/ice_janvier25_045-28-05.jpg","type":"image\/jpeg"}],"twitter_card":"summary_large_image","twitter_misc":{"Dur\u00e9e de lecture est.":"1 minute"},"schema":{"@context":"https:\/\/schema.org","@graph":[{"@type":"WebPage","@id":"https:\/\/re-sentir.be\/?page_id=1198","url":"https:\/\/re-sentir.be\/?page_id=1198","name":"Re.sentir | Parfums authentiques Bruxelles","isPartOf":{"@id":"https:\/\/re-sentir.be\/#website"},"primaryImageOfPage":{"@id":"https:\/\/re-sentir.be\/?page_id=1198#primaryimage"},"image":{"@id":"https:\/\/re-sentir.be\/?page_id=1198#primaryimage"},"thumbnailUrl":"https:\/\/re-sentir.be\/wp-content\/uploads\/2025\/05\/ice_janvier25_045-28-05.jpg","datePublished":"2025-09-15T14:43:15+00:00","dateModified":"2025-09-22T12:31:16+00:00","description":"RE.SENTIR c'est une parfumerie de niche, ind\u00e9pendante et qui invite \u00e0 se r\u00e9approprier les odeurs authentiques de la nature. A ressentir des \u00e9motions oubli\u00e9es. A se faire plaisir tout en prenant soin du monde qui nous entoure.","breadcrumb":{"@id":"https:\/\/re-sentir.be\/?page_id=1198#breadcrumb"},"inLanguage":"fr-BE","potentialAction":[{"@type":"ReadAction","target":["https:\/\/re-sentir.be\/?page_id=1198"]}]},{"@type":"ImageObject","inLanguage":"fr-BE","@id":"https:\/\/re-sentir.be\/?page_id=1198#primaryimage","url":"https:\/\/re-sentir.be\/wp-content\/uploads\/2025\/05\/ice_janvier25_045-28-05.jpg","contentUrl":"https:\/\/re-sentir.be\/wp-content\/uploads\/2025\/05\/ice_janvier25_045-28-05.jpg","width":1707,"height":1380},{"@type":"BreadcrumbList","@id":"https:\/\/re-sentir.be\/?page_id=1198#breadcrumb","itemListElement":[{"@type":"ListItem","position":1,"name":"Accueil","item":"https:\/\/re-sentir.be\/"},{"@type":"ListItem","position":2,"name":"La parfumeuse"}]},{"@type":"WebSite","@id":"https:\/\/re-sentir.be\/#website","url":"https:\/\/re-sentir.be\/","name":"Re-Sentir","description":"Parfums authentiques","publisher":{"@id":"https:\/\/re-sentir.be\/#organization"},"potentialAction":[{"@type":"SearchAction","target":{"@type":"EntryPoint","urlTemplate":"https:\/\/re-sentir.be\/?s={search_term_string}"},"query-input":{"@type":"PropertyValueSpecification","valueRequired":true,"valueName":"search_term_string"}}],"inLanguage":"fr-BE"},{"@type":"Organization","@id":"https:\/\/re-sentir.be\/#organization","name":"Re-Sentir","url":"https:\/\/re-sentir.be\/","logo":{"@type":"ImageObject","inLanguage":"fr-BE","@id":"https:\/\/re-sentir.be\/#\/schema\/logo\/image\/","url":"https:\/\/re-sentir.be\/wp-content\/uploads\/2025\/02\/resentir_logo_100x100_72pp.png","contentUrl":"https:\/\/re-sentir.be\/wp-content\/uploads\/2025\/02\/resentir_logo_100x100_72pp.png","width":44,"height":34,"caption":"Re-Sentir"},"image":{"@id":"https:\/\/re-sentir.be\/#\/schema\/logo\/image\/"}}]}},"_links":{"self":[{"href":"https:\/\/re-sentir.be\/index.php?rest_route=\/wp\/v2\/pages\/1198","targetHints":{"allow":["GET"]}}],"collection":[{"href":"https:\/\/re-sentir.be\/index.php?rest_route=\/wp\/v2\/pages"}],"about":[{"href":"https:\/\/re-sentir.be\/index.php?rest_route=\/wp\/v2\/types\/page"}],"author":[{"embeddable":true,"href":"https:\/\/re-sentir.be\/index.php?rest_route=\/wp\/v2\/users\/1"}],"replies":[{"embeddable":true,"href":"https:\/\/re-sentir.be\/index.php?rest_route=%2Fwp%2Fv2%2Fcomments&post=1198"}],"version-history":[{"count":29,"href":"https:\/\/re-sentir.be\/index.php?rest_route=\/wp\/v2\/pages\/1198\/revisions"}],"predecessor-version":[{"id":1777,"href":"https:\/\/re-sentir.be\/index.php?rest_route=\/wp\/v2\/pages\/1198\/revisions\/1777"}],"wp:attachment":[{"href":"https:\/\/re-sentir.be\/index.php?rest_route=%2Fwp%2Fv2%2Fmedia&parent=1198"}],"curies":[{"name":"wp","href":"https:\/\/api.w.org\/{rel}","templated":true}]}}