{"id":1327,"date":"2025-09-16T15:04:04","date_gmt":"2025-09-16T13:04:04","guid":{"rendered":"https:\/\/re-sentir.be\/?page_id=1327"},"modified":"2025-09-22T14:51:02","modified_gmt":"2025-09-22T12:51:02","slug":"re-sentir-parfums-authentiques","status":"publish","type":"page","link":"https:\/\/re-sentir.be\/?page_id=1327","title":{"rendered":"Hors des sentiers battus"},"content":{"rendered":"\t\t<div data-elementor-type=\"wp-page\" data-elementor-id=\"1327\" class=\"elementor elementor-1327\">\n\t\t\t\t<div class=\"elementor-element elementor-element-02ec61d e-flex e-con-boxed e-con e-parent\" data-id=\"02ec61d\" data-element_type=\"container\">\n\t\t\t\t\t<div class=\"e-con-inner\">\n\t\t<div class=\"elementor-element elementor-element-e124e23 e-con-full e-flex e-con e-child\" data-id=\"e124e23\" data-element_type=\"container\">\n\t\t\t\t<div class=\"elementor-element elementor-element-1e3708b elementor-widget__width-initial elementor-widget elementor-widget-video\" data-id=\"1e3708b\" data-element_type=\"widget\" data-settings=\"{&quot;video_type&quot;:&quot;hosted&quot;,&quot;autoplay&quot;:&quot;yes&quot;,&quot;play_on_mobile&quot;:&quot;yes&quot;,&quot;mute&quot;:&quot;yes&quot;,&quot;loop&quot;:&quot;yes&quot;,&quot;controls&quot;:&quot;yes&quot;}\" data-widget_type=\"video.default\">\n\t\t\t\t<div class=\"elementor-widget-container\">\n\t\t\t\t\t\t\t<div class=\"e-hosted-video elementor-wrapper elementor-open-inline\">\n\t\t\t\t\t<video class=\"elementor-video\" src=\"https:\/\/re-sentir.be\/wp-content\/uploads\/2025\/09\/82ca6ba3-19ad-4eea-bbd6-857292f9e6ac.mp4\" autoplay=\"\" loop=\"\" controls=\"\" muted=\"muted\" playsinline=\"\" controlsList=\"nodownload\"><\/video>\n\t\t\t\t<\/div>\n\t\t\t\t\t\t<\/div>\n\t\t\t\t<\/div>\n\t\t\t\t<\/div>\n\t\t<div class=\"elementor-element elementor-element-aeb8ba9 e-con-full e-flex e-con e-child\" data-id=\"aeb8ba9\" data-element_type=\"container\">\n\t\t\t\t<div class=\"elementor-element elementor-element-80378ba elementor-widget elementor-widget-text-editor\" data-id=\"80378ba\" data-element_type=\"widget\" data-widget_type=\"text-editor.default\">\n\t\t\t\t<div class=\"elementor-widget-container\">\n\t\t\t\t\t\t\t\t\t<p><span style=\"color: #808080;\">RE.SENTIR c&rsquo;est l&rsquo;assurance d&rsquo;un parfum exceptionnel, tant au niveau de l&rsquo;univers olfactif propos\u00e9 que par la qualit\u00e9 de ses ingr\u00e9dients.\u00a0<\/span><\/p><p><span style=\"color: #808080;\">Dans la For\u00eat, Solstice d&rsquo;\u00e9t\u00e9, Ros\u00e9e du Matin, Chapelle Sixtine, Passionn\u00e9ment&#8230; cinq univers aux sensorialit\u00e9s tr\u00e8s diff\u00e9rentes. Des cr\u00e9ations tr\u00e8s personnelles, hors des sentiers battus pour une exp\u00e9rience olfactive intense.\u00a0<\/span><\/p><p><span style=\"color: #808080;\">RE.SENTIR c&rsquo;est r\u00e9apprendre \u00e0 sentir non pas des imitations synth\u00e9tiques de la nature, mais bien les odeurs authentiques, des fleurs, des fruits, des bois. La nature regorge de richesses et de mol\u00e9cules odorantes, qui donnent une profondeur inimitable aux parfums, pourquoi s&rsquo;en priver ?\u00a0<\/span><\/p><p><span style=\"color: #808080;\">Le sens de l&rsquo;odorat est le plus primitif, celui qui nous replonge le plus en arri\u00e8re dans nos souvenirs. Situ\u00e9 juste sous le cerveau, le nez capte les odeurs et les envoie directement au cerveau, sans filtre, sans analyse. On arrive alors dans le domaine des EMOTIONS directement et nous voil\u00e0 transport\u00e9s dans un autre lieu, \u00e0 une autre \u00e9poque.\u00a0<\/span><\/p><p><span style=\"color: #808080;\">Vous retrouverez d&rsquo;autres informations int\u00e9ressantes dans \u00ab\u00a0<\/span><a href=\"https:\/\/re-sentir.be\/?page_id=405\" target=\"_blank\" rel=\"noopener\">Questions fr\u00e9quentes<\/a><span style=\"color: #808080;\">\u00ab\u00a0.<\/span><\/p>\t\t\t\t\t\t\t\t<\/div>\n\t\t\t\t<\/div>\n\t\t\t\t<\/div>\n\t\t\t\t\t<\/div>\n\t\t\t\t<\/div>\n\t\t\t\t<\/div>\n\t\t","protected":false},"excerpt":{"rendered":"<p>https:\/\/re-sentir.be\/wp-content\/uploads\/2025\/09\/82ca6ba3-19ad-4eea-bbd6-857292f9e6ac.mp4 RE.SENTIR c&rsquo;est l&rsquo;assurance d&rsquo;un parfum exceptionnel, tant au niveau de l&rsquo;univers olfactif propos\u00e9 que par la qualit\u00e9 de ses ingr\u00e9dients.\u00a0 Dans la For\u00eat, Solstice &hellip;<\/p>\n","protected":false},"author":1,"featured_media":0,"parent":0,"menu_order":0,"comment_status":"closed","ping_status":"closed","template":"elementor_theme","meta":{"footnotes":""},"class_list":["post-1327","page","type-page","status-publish","hentry"],"yoast_head":"<!-- This site is optimized with the Yoast SEO plugin v25.9 - https:\/\/yoast.com\/wordpress\/plugins\/seo\/ -->\n<title>Re.sentir | Parfums authentiques Bruxelles<\/title>\n<meta name=\"description\" content=\"RE.SENTIR c&#039;est une parfumerie de niche, ind\u00e9pendante et qui invite \u00e0 se r\u00e9approprier les odeurs authentiques de la nature. A ressentir des \u00e9motions oubli\u00e9es. A se faire plaisir tout en prenant soin du monde qui nous entoure.\" \/>\n<meta name=\"robots\" content=\"index, follow, max-snippet:-1, max-image-preview:large, max-video-preview:-1\" \/>\n<link rel=\"canonical\" href=\"https:\/\/re-sentir.be\/?page_id=1327\" \/>\n<meta property=\"og:locale\" content=\"fr_FR\" \/>\n<meta property=\"og:type\" content=\"article\" \/>\n<meta property=\"og:title\" content=\"Re.sentir | Parfums authentiques Bruxelles\" \/>\n<meta property=\"og:description\" content=\"RE.SENTIR c&#039;est une parfumerie de niche, ind\u00e9pendante et qui invite \u00e0 se r\u00e9approprier les odeurs authentiques de la nature. A ressentir des \u00e9motions oubli\u00e9es. A se faire plaisir tout en prenant soin du monde qui nous entoure.\" \/>\n<meta property=\"og:url\" content=\"https:\/\/re-sentir.be\/?page_id=1327\" \/>\n<meta property=\"og:site_name\" content=\"Re.sentir\" \/>\n<meta property=\"article:modified_time\" content=\"2025-09-22T12:51:02+00:00\" \/>\n<meta name=\"twitter:card\" content=\"summary_large_image\" \/>\n<meta name=\"twitter:label1\" content=\"Dur\u00e9e de lecture est.\" \/>\n\t<meta name=\"twitter:data1\" content=\"1 minute\" \/>\n<script type=\"application\/ld+json\" class=\"yoast-schema-graph\">{\"@context\":\"https:\/\/schema.org\",\"@graph\":[{\"@type\":\"WebPage\",\"@id\":\"https:\/\/re-sentir.be\/?page_id=1327\",\"url\":\"https:\/\/re-sentir.be\/?page_id=1327\",\"name\":\"Re.sentir | Parfums authentiques Bruxelles\",\"isPartOf\":{\"@id\":\"https:\/\/re-sentir.be\/#website\"},\"datePublished\":\"2025-09-16T13:04:04+00:00\",\"dateModified\":\"2025-09-22T12:51:02+00:00\",\"description\":\"RE.SENTIR c'est une parfumerie de niche, ind\u00e9pendante et qui invite \u00e0 se r\u00e9approprier les odeurs authentiques de la nature. A ressentir des \u00e9motions oubli\u00e9es. A se faire plaisir tout en prenant soin du monde qui nous entoure.\",\"breadcrumb\":{\"@id\":\"https:\/\/re-sentir.be\/?page_id=1327#breadcrumb\"},\"inLanguage\":\"fr-BE\",\"potentialAction\":[{\"@type\":\"ReadAction\",\"target\":[\"https:\/\/re-sentir.be\/?page_id=1327\"]}]},{\"@type\":\"BreadcrumbList\",\"@id\":\"https:\/\/re-sentir.be\/?page_id=1327#breadcrumb\",\"itemListElement\":[{\"@type\":\"ListItem\",\"position\":1,\"name\":\"Accueil\",\"item\":\"https:\/\/re-sentir.be\/\"},{\"@type\":\"ListItem\",\"position\":2,\"name\":\"Hors des sentiers battus\"}]},{\"@type\":\"WebSite\",\"@id\":\"https:\/\/re-sentir.be\/#website\",\"url\":\"https:\/\/re-sentir.be\/\",\"name\":\"Re-Sentir\",\"description\":\"Parfums authentiques\",\"publisher\":{\"@id\":\"https:\/\/re-sentir.be\/#organization\"},\"potentialAction\":[{\"@type\":\"SearchAction\",\"target\":{\"@type\":\"EntryPoint\",\"urlTemplate\":\"https:\/\/re-sentir.be\/?s={search_term_string}\"},\"query-input\":{\"@type\":\"PropertyValueSpecification\",\"valueRequired\":true,\"valueName\":\"search_term_string\"}}],\"inLanguage\":\"fr-BE\"},{\"@type\":\"Organization\",\"@id\":\"https:\/\/re-sentir.be\/#organization\",\"name\":\"Re-Sentir\",\"url\":\"https:\/\/re-sentir.be\/\",\"logo\":{\"@type\":\"ImageObject\",\"inLanguage\":\"fr-BE\",\"@id\":\"https:\/\/re-sentir.be\/#\/schema\/logo\/image\/\",\"url\":\"https:\/\/re-sentir.be\/wp-content\/uploads\/2025\/02\/resentir_logo_100x100_72pp.png\",\"contentUrl\":\"https:\/\/re-sentir.be\/wp-content\/uploads\/2025\/02\/resentir_logo_100x100_72pp.png\",\"width\":44,\"height\":34,\"caption\":\"Re-Sentir\"},\"image\":{\"@id\":\"https:\/\/re-sentir.be\/#\/schema\/logo\/image\/\"}}]}<\/script>\n<!-- \/ Yoast SEO plugin. -->","yoast_head_json":{"title":"Re.sentir | Parfums authentiques Bruxelles","description":"RE.SENTIR c'est une parfumerie de niche, ind\u00e9pendante et qui invite \u00e0 se r\u00e9approprier les odeurs authentiques de la nature. A ressentir des \u00e9motions oubli\u00e9es. A se faire plaisir tout en prenant soin du monde qui nous entoure.","robots":{"index":"index","follow":"follow","max-snippet":"max-snippet:-1","max-image-preview":"max-image-preview:large","max-video-preview":"max-video-preview:-1"},"canonical":"https:\/\/re-sentir.be\/?page_id=1327","og_locale":"fr_FR","og_type":"article","og_title":"Re.sentir | Parfums authentiques Bruxelles","og_description":"RE.SENTIR c'est une parfumerie de niche, ind\u00e9pendante et qui invite \u00e0 se r\u00e9approprier les odeurs authentiques de la nature. A ressentir des \u00e9motions oubli\u00e9es. A se faire plaisir tout en prenant soin du monde qui nous entoure.","og_url":"https:\/\/re-sentir.be\/?page_id=1327","og_site_name":"Re.sentir","article_modified_time":"2025-09-22T12:51:02+00:00","twitter_card":"summary_large_image","twitter_misc":{"Dur\u00e9e de lecture est.":"1 minute"},"schema":{"@context":"https:\/\/schema.org","@graph":[{"@type":"WebPage","@id":"https:\/\/re-sentir.be\/?page_id=1327","url":"https:\/\/re-sentir.be\/?page_id=1327","name":"Re.sentir | Parfums authentiques Bruxelles","isPartOf":{"@id":"https:\/\/re-sentir.be\/#website"},"datePublished":"2025-09-16T13:04:04+00:00","dateModified":"2025-09-22T12:51:02+00:00","description":"RE.SENTIR c'est une parfumerie de niche, ind\u00e9pendante et qui invite \u00e0 se r\u00e9approprier les odeurs authentiques de la nature. A ressentir des \u00e9motions oubli\u00e9es. A se faire plaisir tout en prenant soin du monde qui nous entoure.","breadcrumb":{"@id":"https:\/\/re-sentir.be\/?page_id=1327#breadcrumb"},"inLanguage":"fr-BE","potentialAction":[{"@type":"ReadAction","target":["https:\/\/re-sentir.be\/?page_id=1327"]}]},{"@type":"BreadcrumbList","@id":"https:\/\/re-sentir.be\/?page_id=1327#breadcrumb","itemListElement":[{"@type":"ListItem","position":1,"name":"Accueil","item":"https:\/\/re-sentir.be\/"},{"@type":"ListItem","position":2,"name":"Hors des sentiers battus"}]},{"@type":"WebSite","@id":"https:\/\/re-sentir.be\/#website","url":"https:\/\/re-sentir.be\/","name":"Re-Sentir","description":"Parfums authentiques","publisher":{"@id":"https:\/\/re-sentir.be\/#organization"},"potentialAction":[{"@type":"SearchAction","target":{"@type":"EntryPoint","urlTemplate":"https:\/\/re-sentir.be\/?s={search_term_string}"},"query-input":{"@type":"PropertyValueSpecification","valueRequired":true,"valueName":"search_term_string"}}],"inLanguage":"fr-BE"},{"@type":"Organization","@id":"https:\/\/re-sentir.be\/#organization","name":"Re-Sentir","url":"https:\/\/re-sentir.be\/","logo":{"@type":"ImageObject","inLanguage":"fr-BE","@id":"https:\/\/re-sentir.be\/#\/schema\/logo\/image\/","url":"https:\/\/re-sentir.be\/wp-content\/uploads\/2025\/02\/resentir_logo_100x100_72pp.png","contentUrl":"https:\/\/re-sentir.be\/wp-content\/uploads\/2025\/02\/resentir_logo_100x100_72pp.png","width":44,"height":34,"caption":"Re-Sentir"},"image":{"@id":"https:\/\/re-sentir.be\/#\/schema\/logo\/image\/"}}]}},"_links":{"self":[{"href":"https:\/\/re-sentir.be\/index.php?rest_route=\/wp\/v2\/pages\/1327","targetHints":{"allow":["GET"]}}],"collection":[{"href":"https:\/\/re-sentir.be\/index.php?rest_route=\/wp\/v2\/pages"}],"about":[{"href":"https:\/\/re-sentir.be\/index.php?rest_route=\/wp\/v2\/types\/page"}],"author":[{"embeddable":true,"href":"https:\/\/re-sentir.be\/index.php?rest_route=\/wp\/v2\/users\/1"}],"replies":[{"embeddable":true,"href":"https:\/\/re-sentir.be\/index.php?rest_route=%2Fwp%2Fv2%2Fcomments&post=1327"}],"version-history":[{"count":26,"href":"https:\/\/re-sentir.be\/index.php?rest_route=\/wp\/v2\/pages\/1327\/revisions"}],"predecessor-version":[{"id":1783,"href":"https:\/\/re-sentir.be\/index.php?rest_route=\/wp\/v2\/pages\/1327\/revisions\/1783"}],"wp:attachment":[{"href":"https:\/\/re-sentir.be\/index.php?rest_route=%2Fwp%2Fv2%2Fmedia&parent=1327"}],"curies":[{"name":"wp","href":"https:\/\/api.w.org\/{rel}","templated":true}]}}