{"id":16,"date":"2025-02-01T18:19:25","date_gmt":"2025-02-01T17:19:25","guid":{"rendered":"https:\/\/re-sentir.be\/?page_id=16"},"modified":"2025-09-16T14:47:42","modified_gmt":"2025-09-16T12:47:42","slug":"panier","status":"publish","type":"page","link":"https:\/\/re-sentir.be\/?page_id=16","title":{"rendered":"Panier"},"content":{"rendered":"\n<div data-block-name=\"woocommerce\/cart\" class=\"wp-block-woocommerce-cart alignwide is-loading\">\n<div data-block-name=\"woocommerce\/filled-cart-block\" class=\"wp-block-woocommerce-filled-cart-block\">\n<div data-block-name=\"woocommerce\/cart-items-block\" class=\"wp-block-woocommerce-cart-items-block\">\n<div data-block-name=\"woocommerce\/cart-line-items-block\" class=\"wp-block-woocommerce-cart-line-items-block\"><\/div>\n\n\n\n<div data-block-name=\"woocommerce\/cart-cross-sells-block\" class=\"wp-block-woocommerce-cart-cross-sells-block\">\n<h2 class=\"wp-block-heading has-large-font-size\">You may be interested in\u2026<\/h2>\n\n\n\n<div data-block-name=\"woocommerce\/cart-cross-sells-products-block\" class=\"wp-block-woocommerce-cart-cross-sells-products-block\"><\/div>\n<\/div>\n<\/div>\n\n\n\n<div data-block-name=\"woocommerce\/cart-totals-block\" class=\"wp-block-woocommerce-cart-totals-block\">\n<div data-block-name=\"woocommerce\/cart-order-summary-block\" class=\"wp-block-woocommerce-cart-order-summary-block\">\n<div data-block-name=\"woocommerce\/cart-order-summary-heading-block\" class=\"wp-block-woocommerce-cart-order-summary-heading-block\"><\/div><div data-block-name=\"woocommerce\/cart-order-summary-coupon-form-block\" class=\"wp-block-woocommerce-cart-order-summary-coupon-form-block\"><\/div><div data-block-name=\"woocommerce\/cart-order-summary-totals-block\" class=\"wp-block-woocommerce-cart-order-summary-totals-block\">\n<div data-block-name=\"woocommerce\/cart-order-summary-subtotal-block\" class=\"wp-block-woocommerce-cart-order-summary-subtotal-block\"><\/div>\n<div data-block-name=\"woocommerce\/cart-order-summary-discount-block\" class=\"wp-block-woocommerce-cart-order-summary-discount-block\"><\/div>\n<div data-block-name=\"woocommerce\/cart-order-summary-fee-block\" class=\"wp-block-woocommerce-cart-order-summary-fee-block\"><\/div>\n<div data-block-name=\"woocommerce\/cart-order-summary-shipping-block\" class=\"wp-block-woocommerce-cart-order-summary-shipping-block\"><\/div>\n<div data-block-name=\"woocommerce\/cart-order-summary-taxes-block\" class=\"wp-block-woocommerce-cart-order-summary-taxes-block\"><\/div><\/div>\n<\/div>\n\n\n\n<div data-block-name=\"woocommerce\/cart-express-payment-block\" class=\"wp-block-woocommerce-cart-express-payment-block\"><\/div>\n\n\n\n<div data-block-name=\"woocommerce\/proceed-to-checkout-block\" class=\"wp-block-woocommerce-proceed-to-checkout-block\"><\/div>\n\n\n\n<div data-block-name=\"woocommerce\/cart-accepted-payment-methods-block\" class=\"wp-block-woocommerce-cart-accepted-payment-methods-block\"><\/div>\n<\/div>\n<\/div>\n\n\n\n<div data-block-name=\"woocommerce\/empty-cart-block\" class=\"wp-block-woocommerce-empty-cart-block\">\n<h2 class=\"wp-block-heading has-text-align-center with-empty-cart-icon wc-block-cart__empty-cart__title\">Votre panier est actuellement vide\u00a0!<\/h2>\n\n\n\n<hr class=\"wp-block-separator has-alpha-channel-opacity is-style-dots\"\/>\n\n\n\n<h2 class=\"wp-block-heading has-text-align-center\">Nouveau dans la boutique<\/h2>\n\n\n<div data-block-name=\"woocommerce\/product-new\" data-columns=\"4\" data-rows=\"1\" class=\"wc-block-grid wp-block-product-new wp-block-woocommerce-product-new wc-block-product-new has-4-columns\"><ul class=\"wc-block-grid__products\"><li class=\"wc-block-grid__product\">\n\t\t\t\t<a href=\"https:\/\/re-sentir.be\/?product=coffret-decouverte-2\" class=\"wc-block-grid__product-link\">\n\t\t\t\t\t\n\t\t\t\t\t<div class=\"wc-block-grid__product-image\"><img fetchpriority=\"high\" decoding=\"async\" width=\"300\" height=\"400\" src=\"https:\/\/re-sentir.be\/wp-content\/uploads\/2025\/09\/IMG_20250915_233529-300x400.jpg\" class=\"attachment-woocommerce_thumbnail size-woocommerce_thumbnail\" alt=\"Re.sentir - Echantillons - Couverture\" srcset=\"https:\/\/re-sentir.be\/wp-content\/uploads\/2025\/09\/IMG_20250915_233529-300x400.jpg 300w, https:\/\/re-sentir.be\/wp-content\/uploads\/2025\/09\/IMG_20250915_233529-225x300.jpg 225w, https:\/\/re-sentir.be\/wp-content\/uploads\/2025\/09\/IMG_20250915_233529-768x1024.jpg 768w, https:\/\/re-sentir.be\/wp-content\/uploads\/2025\/09\/IMG_20250915_233529-1152x1536.jpg 1152w, https:\/\/re-sentir.be\/wp-content\/uploads\/2025\/09\/IMG_20250915_233529-1536x2048.jpg 1536w, https:\/\/re-sentir.be\/wp-content\/uploads\/2025\/09\/IMG_20250915_233529-600x800.jpg 600w, https:\/\/re-sentir.be\/wp-content\/uploads\/2025\/09\/IMG_20250915_233529-scaled.jpg 1920w\" sizes=\"(max-width: 300px) 100vw, 300px\" \/><\/div>\n\t\t\t\t\t<div class=\"wc-block-grid__product-title\">Coffret d\u00e9couverte<\/div>\n\t\t\t\t<\/a>\n\t\t\t\t<div class=\"wc-block-grid__product-price price\"><span class=\"woocommerce-Price-amount amount\"><span class=\"woocommerce-Price-currencySymbol\">&euro;<\/span>&nbsp;25,00<\/span><\/div>\n\t\t\t\t\n\t\t\t\t<div class=\"wp-block-button wc-block-grid__product-add-to-cart\"><a href=\"\/index.php?rest_route=%2Fwp%2Fv2%2Fpages%2F16&#038;add-to-cart=1989\" aria-label=\"Add to cart: &ldquo;Coffret d\u00e9couverte&rdquo;\" data-quantity=\"1\" data-product_id=\"1989\" data-product_sku=\"\" data-price=\"25\" rel=\"nofollow\" class=\"wp-block-button__link  add_to_cart_button ajax_add_to_cart\">Ajouter au panier<\/a><\/div>\n\t\t\t<\/li><li class=\"wc-block-grid__product\">\n\t\t\t\t<a href=\"https:\/\/re-sentir.be\/?product=coffret-de-3-brumes-doreiller\" class=\"wc-block-grid__product-link\">\n\t\t\t\t\t\n\t\t\t\t\t<div class=\"wc-block-grid__product-image\"><img decoding=\"async\" width=\"300\" height=\"400\" data-src=\"https:\/\/re-sentir.be\/wp-content\/uploads\/2025\/12\/MGL1201-300x400.jpg\" class=\"attachment-woocommerce_thumbnail size-woocommerce_thumbnail lazyload\" alt=\"Re.sentir Trio brumes d&#039;oreiller\" src=\"data:image\/svg+xml;base64,PHN2ZyB3aWR0aD0iMSIgaGVpZ2h0PSIxIiB4bWxucz0iaHR0cDovL3d3dy53My5vcmcvMjAwMC9zdmciPjwvc3ZnPg==\" style=\"--smush-placeholder-width: 300px; --smush-placeholder-aspect-ratio: 300\/400;\" \/><\/div>\n\t\t\t\t\t<div class=\"wc-block-grid__product-title\">Coffret de 3 brumes d&rsquo;oreiller<\/div>\n\t\t\t\t<\/a>\n\t\t\t\t<div class=\"wc-block-grid__product-price price\"><span class=\"woocommerce-Price-amount amount\"><span class=\"woocommerce-Price-currencySymbol\">&euro;<\/span>&nbsp;50,00<\/span><\/div>\n\t\t\t\t\n\t\t\t\t<div class=\"wp-block-button wc-block-grid__product-add-to-cart\"><a href=\"\/index.php?rest_route=%2Fwp%2Fv2%2Fpages%2F16&#038;add-to-cart=1974\" aria-label=\"Add to cart: &ldquo;Coffret de 3 brumes d&#039;oreiller&rdquo;\" data-quantity=\"1\" data-product_id=\"1974\" data-product_sku=\"\" data-price=\"50\" rel=\"nofollow\" class=\"wp-block-button__link  add_to_cart_button ajax_add_to_cart\">Ajouter au panier<\/a><\/div>\n\t\t\t<\/li><li class=\"wc-block-grid__product\">\n\t\t\t\t<a href=\"https:\/\/re-sentir.be\/?product=brume-doreiller-silken-desire\" class=\"wc-block-grid__product-link\">\n\t\t\t\t\t\n\t\t\t\t\t<div class=\"wc-block-grid__product-image\"><img decoding=\"async\" width=\"300\" height=\"400\" data-src=\"https:\/\/re-sentir.be\/wp-content\/uploads\/2025\/12\/MGL1215-300x400.jpg\" class=\"attachment-woocommerce_thumbnail size-woocommerce_thumbnail lazyload\" alt=\"Brume d&#039;oreiller Silken Desire\" src=\"data:image\/svg+xml;base64,PHN2ZyB3aWR0aD0iMSIgaGVpZ2h0PSIxIiB4bWxucz0iaHR0cDovL3d3dy53My5vcmcvMjAwMC9zdmciPjwvc3ZnPg==\" style=\"--smush-placeholder-width: 300px; --smush-placeholder-aspect-ratio: 300\/400;\" \/><\/div>\n\t\t\t\t\t<div class=\"wc-block-grid__product-title\">Brume d&rsquo;oreiller Silken Desire<\/div>\n\t\t\t\t<\/a>\n\t\t\t\t<div class=\"wc-block-grid__product-price price\"><span class=\"woocommerce-Price-amount amount\"><span class=\"woocommerce-Price-currencySymbol\">&euro;<\/span>&nbsp;18,00<\/span><\/div>\n\t\t\t\t\n\t\t\t\t<div class=\"wp-block-button wc-block-grid__product-add-to-cart\"><a href=\"\/index.php?rest_route=%2Fwp%2Fv2%2Fpages%2F16&#038;add-to-cart=1959\" aria-label=\"Add to cart: &ldquo;Brume d&#039;oreiller Silken Desire&rdquo;\" data-quantity=\"1\" data-product_id=\"1959\" data-product_sku=\"\" data-price=\"18\" rel=\"nofollow\" class=\"wp-block-button__link  add_to_cart_button ajax_add_to_cart\">Ajouter au panier<\/a><\/div>\n\t\t\t<\/li><li class=\"wc-block-grid__product\">\n\t\t\t\t<a href=\"https:\/\/re-sentir.be\/?product=brume-doreiller-sacred-balance\" class=\"wc-block-grid__product-link\">\n\t\t\t\t\t\n\t\t\t\t\t<div class=\"wc-block-grid__product-image\"><img decoding=\"async\" width=\"300\" height=\"400\" data-src=\"https:\/\/re-sentir.be\/wp-content\/uploads\/2025\/12\/MGL1174-1-300x400.jpg\" class=\"attachment-woocommerce_thumbnail size-woocommerce_thumbnail lazyload\" alt=\"Brume d&#039;oreiller Sacred Balance\" src=\"data:image\/svg+xml;base64,PHN2ZyB3aWR0aD0iMSIgaGVpZ2h0PSIxIiB4bWxucz0iaHR0cDovL3d3dy53My5vcmcvMjAwMC9zdmciPjwvc3ZnPg==\" style=\"--smush-placeholder-width: 300px; --smush-placeholder-aspect-ratio: 300\/400;\" \/><\/div>\n\t\t\t\t\t<div class=\"wc-block-grid__product-title\">Brume d&rsquo;oreiller Sacred Balance<\/div>\n\t\t\t\t<\/a>\n\t\t\t\t<div class=\"wc-block-grid__product-price price\"><span class=\"woocommerce-Price-amount amount\"><span class=\"woocommerce-Price-currencySymbol\">&euro;<\/span>&nbsp;18,00<\/span><\/div>\n\t\t\t\t\n\t\t\t\t<div class=\"wp-block-button wc-block-grid__product-add-to-cart\"><a href=\"\/index.php?rest_route=%2Fwp%2Fv2%2Fpages%2F16&#038;add-to-cart=1943\" aria-label=\"Add to cart: &ldquo;Brume d&#039;oreiller Sacred Balance&rdquo;\" data-quantity=\"1\" data-product_id=\"1943\" data-product_sku=\"\" data-price=\"18\" rel=\"nofollow\" class=\"wp-block-button__link  add_to_cart_button ajax_add_to_cart\">Ajouter au panier<\/a><\/div>\n\t\t\t<\/li><\/ul><\/div><\/div>\n<\/div>\n","protected":false},"excerpt":{"rendered":"","protected":false},"author":1,"featured_media":0,"parent":0,"menu_order":0,"comment_status":"closed","ping_status":"closed","template":"elementor_theme","meta":{"footnotes":""},"class_list":["post-16","page","type-page","status-publish","hentry"],"yoast_head":"<!-- This site is optimized with the Yoast SEO plugin v25.9 - https:\/\/yoast.com\/wordpress\/plugins\/seo\/ -->\n<title>Re.sentir | Parfums authentiques Bruxelles<\/title>\n<meta name=\"description\" content=\"RE.SENTIR c&#039;est une parfumerie de niche, ind\u00e9pendante et qui invite \u00e0 se r\u00e9approprier les odeurs authentiques de la nature. A ressentir des \u00e9motions oubli\u00e9es. A se faire plaisir tout en prenant soin du monde qui nous entoure.\" \/>\n<meta name=\"robots\" content=\"index, follow, max-snippet:-1, max-image-preview:large, max-video-preview:-1\" \/>\n<link rel=\"canonical\" href=\"https:\/\/re-sentir.be\/?page_id=16\" \/>\n<meta property=\"og:locale\" content=\"fr_FR\" \/>\n<meta property=\"og:type\" content=\"article\" \/>\n<meta property=\"og:title\" content=\"Re.sentir | Parfums authentiques Bruxelles\" \/>\n<meta property=\"og:description\" content=\"RE.SENTIR c&#039;est une parfumerie de niche, ind\u00e9pendante et qui invite \u00e0 se r\u00e9approprier les odeurs authentiques de la nature. A ressentir des \u00e9motions oubli\u00e9es. A se faire plaisir tout en prenant soin du monde qui nous entoure.\" \/>\n<meta property=\"og:url\" content=\"https:\/\/re-sentir.be\/?page_id=16\" \/>\n<meta property=\"og:site_name\" content=\"Re.sentir\" \/>\n<meta property=\"article:modified_time\" content=\"2025-09-16T12:47:42+00:00\" \/>\n<meta name=\"twitter:card\" content=\"summary_large_image\" \/>\n<meta name=\"twitter:label1\" content=\"Dur\u00e9e de lecture est.\" \/>\n\t<meta name=\"twitter:data1\" content=\"1 minute\" \/>\n<script type=\"application\/ld+json\" class=\"yoast-schema-graph\">{\"@context\":\"https:\/\/schema.org\",\"@graph\":[{\"@type\":\"WebPage\",\"@id\":\"https:\/\/re-sentir.be\/?page_id=16\",\"url\":\"https:\/\/re-sentir.be\/?page_id=16\",\"name\":\"Re.sentir | Parfums authentiques Bruxelles\",\"isPartOf\":{\"@id\":\"https:\/\/re-sentir.be\/#website\"},\"datePublished\":\"2025-02-01T17:19:25+00:00\",\"dateModified\":\"2025-09-16T12:47:42+00:00\",\"description\":\"RE.SENTIR c'est une parfumerie de niche, ind\u00e9pendante et qui invite \u00e0 se r\u00e9approprier les odeurs authentiques de la nature. A ressentir des \u00e9motions oubli\u00e9es. A se faire plaisir tout en prenant soin du monde qui nous entoure.\",\"breadcrumb\":{\"@id\":\"https:\/\/re-sentir.be\/?page_id=16#breadcrumb\"},\"inLanguage\":\"fr-BE\",\"potentialAction\":[{\"@type\":\"ReadAction\",\"target\":[\"https:\/\/re-sentir.be\/?page_id=16\"]}]},{\"@type\":\"BreadcrumbList\",\"@id\":\"https:\/\/re-sentir.be\/?page_id=16#breadcrumb\",\"itemListElement\":[{\"@type\":\"ListItem\",\"position\":1,\"name\":\"Accueil\",\"item\":\"https:\/\/re-sentir.be\/\"},{\"@type\":\"ListItem\",\"position\":2,\"name\":\"Panier\"}]},{\"@type\":\"WebSite\",\"@id\":\"https:\/\/re-sentir.be\/#website\",\"url\":\"https:\/\/re-sentir.be\/\",\"name\":\"Re-Sentir\",\"description\":\"Parfums authentiques\",\"publisher\":{\"@id\":\"https:\/\/re-sentir.be\/#organization\"},\"potentialAction\":[{\"@type\":\"SearchAction\",\"target\":{\"@type\":\"EntryPoint\",\"urlTemplate\":\"https:\/\/re-sentir.be\/?s={search_term_string}\"},\"query-input\":{\"@type\":\"PropertyValueSpecification\",\"valueRequired\":true,\"valueName\":\"search_term_string\"}}],\"inLanguage\":\"fr-BE\"},{\"@type\":\"Organization\",\"@id\":\"https:\/\/re-sentir.be\/#organization\",\"name\":\"Re-Sentir\",\"url\":\"https:\/\/re-sentir.be\/\",\"logo\":{\"@type\":\"ImageObject\",\"inLanguage\":\"fr-BE\",\"@id\":\"https:\/\/re-sentir.be\/#\/schema\/logo\/image\/\",\"url\":\"https:\/\/re-sentir.be\/wp-content\/uploads\/2025\/02\/resentir_logo_100x100_72pp.png\",\"contentUrl\":\"https:\/\/re-sentir.be\/wp-content\/uploads\/2025\/02\/resentir_logo_100x100_72pp.png\",\"width\":44,\"height\":34,\"caption\":\"Re-Sentir\"},\"image\":{\"@id\":\"https:\/\/re-sentir.be\/#\/schema\/logo\/image\/\"}}]}<\/script>\n<!-- \/ Yoast SEO plugin. -->","yoast_head_json":{"title":"Re.sentir | Parfums authentiques Bruxelles","description":"RE.SENTIR c'est une parfumerie de niche, ind\u00e9pendante et qui invite \u00e0 se r\u00e9approprier les odeurs authentiques de la nature. A ressentir des \u00e9motions oubli\u00e9es. A se faire plaisir tout en prenant soin du monde qui nous entoure.","robots":{"index":"index","follow":"follow","max-snippet":"max-snippet:-1","max-image-preview":"max-image-preview:large","max-video-preview":"max-video-preview:-1"},"canonical":"https:\/\/re-sentir.be\/?page_id=16","og_locale":"fr_FR","og_type":"article","og_title":"Re.sentir | Parfums authentiques Bruxelles","og_description":"RE.SENTIR c'est une parfumerie de niche, ind\u00e9pendante et qui invite \u00e0 se r\u00e9approprier les odeurs authentiques de la nature. A ressentir des \u00e9motions oubli\u00e9es. A se faire plaisir tout en prenant soin du monde qui nous entoure.","og_url":"https:\/\/re-sentir.be\/?page_id=16","og_site_name":"Re.sentir","article_modified_time":"2025-09-16T12:47:42+00:00","twitter_card":"summary_large_image","twitter_misc":{"Dur\u00e9e de lecture est.":"1 minute"},"schema":{"@context":"https:\/\/schema.org","@graph":[{"@type":"WebPage","@id":"https:\/\/re-sentir.be\/?page_id=16","url":"https:\/\/re-sentir.be\/?page_id=16","name":"Re.sentir | Parfums authentiques Bruxelles","isPartOf":{"@id":"https:\/\/re-sentir.be\/#website"},"datePublished":"2025-02-01T17:19:25+00:00","dateModified":"2025-09-16T12:47:42+00:00","description":"RE.SENTIR c'est une parfumerie de niche, ind\u00e9pendante et qui invite \u00e0 se r\u00e9approprier les odeurs authentiques de la nature. A ressentir des \u00e9motions oubli\u00e9es. A se faire plaisir tout en prenant soin du monde qui nous entoure.","breadcrumb":{"@id":"https:\/\/re-sentir.be\/?page_id=16#breadcrumb"},"inLanguage":"fr-BE","potentialAction":[{"@type":"ReadAction","target":["https:\/\/re-sentir.be\/?page_id=16"]}]},{"@type":"BreadcrumbList","@id":"https:\/\/re-sentir.be\/?page_id=16#breadcrumb","itemListElement":[{"@type":"ListItem","position":1,"name":"Accueil","item":"https:\/\/re-sentir.be\/"},{"@type":"ListItem","position":2,"name":"Panier"}]},{"@type":"WebSite","@id":"https:\/\/re-sentir.be\/#website","url":"https:\/\/re-sentir.be\/","name":"Re-Sentir","description":"Parfums authentiques","publisher":{"@id":"https:\/\/re-sentir.be\/#organization"},"potentialAction":[{"@type":"SearchAction","target":{"@type":"EntryPoint","urlTemplate":"https:\/\/re-sentir.be\/?s={search_term_string}"},"query-input":{"@type":"PropertyValueSpecification","valueRequired":true,"valueName":"search_term_string"}}],"inLanguage":"fr-BE"},{"@type":"Organization","@id":"https:\/\/re-sentir.be\/#organization","name":"Re-Sentir","url":"https:\/\/re-sentir.be\/","logo":{"@type":"ImageObject","inLanguage":"fr-BE","@id":"https:\/\/re-sentir.be\/#\/schema\/logo\/image\/","url":"https:\/\/re-sentir.be\/wp-content\/uploads\/2025\/02\/resentir_logo_100x100_72pp.png","contentUrl":"https:\/\/re-sentir.be\/wp-content\/uploads\/2025\/02\/resentir_logo_100x100_72pp.png","width":44,"height":34,"caption":"Re-Sentir"},"image":{"@id":"https:\/\/re-sentir.be\/#\/schema\/logo\/image\/"}}]}},"_links":{"self":[{"href":"https:\/\/re-sentir.be\/index.php?rest_route=\/wp\/v2\/pages\/16","targetHints":{"allow":["GET"]}}],"collection":[{"href":"https:\/\/re-sentir.be\/index.php?rest_route=\/wp\/v2\/pages"}],"about":[{"href":"https:\/\/re-sentir.be\/index.php?rest_route=\/wp\/v2\/types\/page"}],"author":[{"embeddable":true,"href":"https:\/\/re-sentir.be\/index.php?rest_route=\/wp\/v2\/users\/1"}],"replies":[{"embeddable":true,"href":"https:\/\/re-sentir.be\/index.php?rest_route=%2Fwp%2Fv2%2Fcomments&post=16"}],"version-history":[{"count":1,"href":"https:\/\/re-sentir.be\/index.php?rest_route=\/wp\/v2\/pages\/16\/revisions"}],"predecessor-version":[{"id":68,"href":"https:\/\/re-sentir.be\/index.php?rest_route=\/wp\/v2\/pages\/16\/revisions\/68"}],"wp:attachment":[{"href":"https:\/\/re-sentir.be\/index.php?rest_route=%2Fwp%2Fv2%2Fmedia&parent=16"}],"curies":[{"name":"wp","href":"https:\/\/api.w.org\/{rel}","templated":true}]}}