{"id":405,"date":"2025-03-28T17:02:51","date_gmt":"2025-03-28T16:02:51","guid":{"rendered":"https:\/\/re-sentir.be\/?page_id=405"},"modified":"2025-09-24T16:18:28","modified_gmt":"2025-09-24T14:18:28","slug":"questions-frequentes","status":"publish","type":"page","link":"https:\/\/re-sentir.be\/?page_id=405","title":{"rendered":"Questions fr\u00e9quentes"},"content":{"rendered":"\t\t<div data-elementor-type=\"wp-page\" data-elementor-id=\"405\" class=\"elementor elementor-405\">\n\t\t\t\t<div class=\"elementor-element elementor-element-75f6268 e-flex e-con-boxed e-con e-parent\" data-id=\"75f6268\" data-element_type=\"container\">\n\t\t\t\t\t<div class=\"e-con-inner\">\n\t\t<div class=\"elementor-element elementor-element-51bfb94 e-con-full e-flex e-con e-child\" data-id=\"51bfb94\" data-element_type=\"container\">\n\t\t\t\t<div class=\"elementor-element elementor-element-cb15ba9 elementor-widget elementor-widget-image\" data-id=\"cb15ba9\" data-element_type=\"widget\" data-widget_type=\"image.default\">\n\t\t\t\t<div class=\"elementor-widget-container\">\n\t\t\t\t\t\t\t\t\t\t\t\t\t\t\t<img decoding=\"async\" data-src=\"https:\/\/re-sentir.be\/wp-content\/uploads\/elementor\/thumbs\/IMG_20250915_004800-rdjbz8tgpf73q6oypwhv3snkahliaxn03zqg2k76h4.png\" title=\"IMG_20250915_004800\" alt=\"IMG_20250915_004800\" src=\"data:image\/svg+xml;base64,PHN2ZyB3aWR0aD0iMSIgaGVpZ2h0PSIxIiB4bWxucz0iaHR0cDovL3d3dy53My5vcmcvMjAwMC9zdmciPjwvc3ZnPg==\" class=\"lazyload\" style=\"--smush-placeholder-width: 500px; --smush-placeholder-aspect-ratio: 500\/500;\" \/>\t\t\t\t\t\t\t\t\t\t\t\t\t\t\t<\/div>\n\t\t\t\t<\/div>\n\t\t\t\t<\/div>\n\t\t<div class=\"elementor-element elementor-element-22a1e20 e-con-full e-flex e-con e-child\" data-id=\"22a1e20\" data-element_type=\"container\">\n\t\t\t\t<div class=\"elementor-element elementor-element-fdc03ed elementor-widget elementor-widget-text-editor\" data-id=\"fdc03ed\" data-element_type=\"widget\" data-widget_type=\"text-editor.default\">\n\t\t\t\t<div class=\"elementor-widget-container\">\n\t\t\t\t\t\t\t\t\t<h6 class=\"wp-block-heading\" style=\"text-align: center;\"><span style=\"color: #333333;\"><strong>Pourquoi un parfum naturel?<\/strong><\/span><\/h6><p><!-- \/wp:heading --><!-- wp:paragraph --><\/p><p>La majorit\u00e9 des parfums sur le march\u00e9 sont compos\u00e9s de mol\u00e9cules synth\u00e9tiques. Leurs avantages? Elles sont notamment beaucoup moins ch\u00e8res, et stables. Mais elles ne sont qu&rsquo;une imitation de la nature et polluent notre quotidien. De plus en plus de personnes y deviennent intol\u00e9rantes car les parfums synth\u00e9tiques se retrouvent dans tous les aspects de notre vie. A tel point que certains lieux publics aux Etats-Unis les interdisent. Re.sentir a fait le choix de puiser uniquement dans la richesse de la nature. Chaque huile essentielle est compos\u00e9e de centaines de mol\u00e9cules olfactives, ce qui donne une profondeur incroyable \u00e0 chaque cr\u00e9ation ! Mais \u00e9galement un c\u00f4t\u00e9 unique car, comme pour les vins, chaque cuv\u00e9e aura sa sp\u00e9cificit\u00e9 en fonction de la culture des fleurs.<\/p>\t\t\t\t\t\t\t\t<\/div>\n\t\t\t\t<\/div>\n\t\t\t\t<\/div>\n\t\t<div class=\"elementor-element elementor-element-c457056 e-con-full e-flex e-con e-child\" data-id=\"c457056\" data-element_type=\"container\">\n\t\t\t\t<div class=\"elementor-element elementor-element-96f657c elementor-widget elementor-widget-text-editor\" data-id=\"96f657c\" data-element_type=\"widget\" data-widget_type=\"text-editor.default\">\n\t\t\t\t<div class=\"elementor-widget-container\">\n\t\t\t\t\t\t\t\t\t<h6 style=\"text-align: center;\"><span style=\"color: #333333;\"><strong>Pourquoi des parfums non genr\u00e9s ?<\/strong><\/span><\/h6><p><!-- \/wp:heading --><!-- wp:paragraph --><\/p><p>La m\u00e9moire olfactive est celle qui nous permet de remonter le plus loin dans nos souvenirs. C&rsquo;est le sens le plus primitif : le nez se trouve juste sous le cerveau, qui n&rsquo;a pas le temps de d\u00e9crypter l&rsquo;information avant de nous l&rsquo;envoyer sous forme d&rsquo;\u00e9motion. C&rsquo;est pourquoi vous serez surpris de vous retrouver soudainement aux c\u00f4t\u00e9s de votre grand-m\u00e8re lorsque vous aviez cinq ans et qu&rsquo;elle pr\u00e9parait avec vous un petit bouquet de lavande \u00e0 offrir \u00e0 maman. Que vous soyez un homme ou une femme, votre monde olfactif vous est propre avec tous les souvenirs qui y sont associ\u00e9s. Qui sommes-nous pour vous dire quel parfum vous devriez pr\u00e9f\u00e9rer ?<\/p>\t\t\t\t\t\t\t\t<\/div>\n\t\t\t\t<\/div>\n\t\t\t\t<\/div>\n\t\t<div class=\"elementor-element elementor-element-a8bbf69 e-con-full e-flex e-con e-child\" data-id=\"a8bbf69\" data-element_type=\"container\">\n\t\t\t\t<div class=\"elementor-element elementor-element-4d74cf7 elementor-widget elementor-widget-image\" data-id=\"4d74cf7\" data-element_type=\"widget\" data-widget_type=\"image.default\">\n\t\t\t\t<div class=\"elementor-widget-container\">\n\t\t\t\t\t\t\t\t\t\t\t\t\t\t\t<img decoding=\"async\" data-src=\"https:\/\/re-sentir.be\/wp-content\/uploads\/elementor\/thumbs\/IMG_20250918_225648-scaled-rc3rl8zx85z040zmy9pgw41oz24wuj6vu889kdp66g.jpg\" title=\"IMG_20250918_225648\" alt=\"IMG_20250918_225648\" src=\"data:image\/svg+xml;base64,PHN2ZyB3aWR0aD0iMSIgaGVpZ2h0PSIxIiB4bWxucz0iaHR0cDovL3d3dy53My5vcmcvMjAwMC9zdmciPjwvc3ZnPg==\" class=\"lazyload\" style=\"--smush-placeholder-width: 500px; --smush-placeholder-aspect-ratio: 500\/500;\" \/>\t\t\t\t\t\t\t\t\t\t\t\t\t\t\t<\/div>\n\t\t\t\t<\/div>\n\t\t\t\t<\/div>\n\t\t\t\t\t<\/div>\n\t\t\t\t<\/div>\n\t\t<div class=\"elementor-element elementor-element-d11c6b8 e-flex e-con-boxed e-con e-parent\" data-id=\"d11c6b8\" data-element_type=\"container\">\n\t\t\t\t\t<div class=\"e-con-inner\">\n\t\t<div class=\"elementor-element elementor-element-b1b6e31 e-con-full e-flex e-con e-child\" data-id=\"b1b6e31\" data-element_type=\"container\">\n\t\t\t\t<div class=\"elementor-element elementor-element-a2a9c10 elementor-widget elementor-widget-image\" data-id=\"a2a9c10\" data-element_type=\"widget\" data-widget_type=\"image.default\">\n\t\t\t\t<div class=\"elementor-widget-container\">\n\t\t\t\t\t\t\t\t\t\t\t\t\t\t\t<img decoding=\"async\" data-src=\"https:\/\/re-sentir.be\/wp-content\/uploads\/elementor\/thumbs\/IMG_20250922_142117-rdjc27z2cj9shqdbc6tc01m40excofgeiq3ss3sars.jpg\" title=\"IMG_20250922_142117\" alt=\"IMG_20250922_142117\" src=\"data:image\/svg+xml;base64,PHN2ZyB3aWR0aD0iMSIgaGVpZ2h0PSIxIiB4bWxucz0iaHR0cDovL3d3dy53My5vcmcvMjAwMC9zdmciPjwvc3ZnPg==\" class=\"lazyload\" style=\"--smush-placeholder-width: 500px; --smush-placeholder-aspect-ratio: 500\/500;\" \/>\t\t\t\t\t\t\t\t\t\t\t\t\t\t\t<\/div>\n\t\t\t\t<\/div>\n\t\t\t\t<\/div>\n\t\t<div class=\"elementor-element elementor-element-1402f6e e-con-full e-flex e-con e-child\" data-id=\"1402f6e\" data-element_type=\"container\">\n\t\t\t\t<div class=\"elementor-element elementor-element-115507b elementor-widget elementor-widget-text-editor\" data-id=\"115507b\" data-element_type=\"widget\" data-widget_type=\"text-editor.default\">\n\t\t\t\t<div class=\"elementor-widget-container\">\n\t\t\t\t\t\t\t\t\t<h6 class=\"wp-block-heading\" style=\"text-align: center;\"><span style=\"color: #333333;\"><strong>Puis-je porter mon parfum au quotidien sur la peau ?<\/strong><\/span><\/h6>\n<p><!-- \/wp:heading --><!-- wp:paragraph --><\/p>\n<p>Chaque recette a \u00e9t\u00e9 soumise \u00e0 une toxicologue, afin de v\u00e9rifier que chaque ingr\u00e9dient respecte les normes europ\u00e9ennes. Cela signifie que chaque ingr\u00e9dient sera en-dessous des seuils maximums pour un parfum appliqu\u00e9 chaque jour sur la peau. Ce sera le cas \u00e9galement pour chaque allerg\u00e8ne. Actuellement 81 allerg\u00e8nes doivent \u00eatre signal\u00e9s. Un allerg\u00e8ne est une mati\u00e8re potentiellement allergisante pour certaines personnes (comme les noix par exemple) mais absolument sans danger pour les autres. Les parfums Re.sentir ob\u00e9issent bien s\u00fbr \u00e0 ces r\u00e8gles. Vous pouvez donc les appliquer sur la peau (poignets ou derri\u00e8re les oreilles). Cependant, afin qu&rsquo;il dure plus longtemps &#8211; ou pour ne pas saturer votre nez &#8211; vous pouvez simplement appliquer le parfum sur un foulard, un mouchoir, vos cheveux ou sur votre v\u00eatement. Attention cependant : les parfums peuvent tacher, ils ne sont pas incolores.<\/p>\t\t\t\t\t\t\t\t<\/div>\n\t\t\t\t<\/div>\n\t\t\t\t<\/div>\n\t\t<div class=\"elementor-element elementor-element-0577094 e-con-full e-flex e-con e-child\" data-id=\"0577094\" data-element_type=\"container\">\n\t\t\t\t<div class=\"elementor-element elementor-element-09f53f9 elementor-widget elementor-widget-text-editor\" data-id=\"09f53f9\" data-element_type=\"widget\" data-widget_type=\"text-editor.default\">\n\t\t\t\t<div class=\"elementor-widget-container\">\n\t\t\t\t\t\t\t\t\t<h6 class=\"wp-block-heading\" style=\"text-align: center;\"><span style=\"color: #333333;\"><strong>Les parfums naturels restent-ils longtemps ?<\/strong><\/span><\/h6><p><!-- \/wp:heading --><!-- wp:paragraph --><\/p><p>Il est important de comprendre que ce sont les notes de fond qui sont \u00e0 l&rsquo;origine de la tenue d&rsquo;un parfum, ce sont en fait les mol\u00e9cules les plus lourdes, \u00e0 savoir : les bois et les r\u00e9sines notamment. Les notes de t\u00eate au contraire sont plus l\u00e9g\u00e8res et volatiles, elles seront perceptibles dans les premiers instants. Ensuite les notes de c\u0153ur s&rsquo;exprimeront plus longtemps. Et enfin les notes de fond resteront. Aucune raison donc pour penser qu&rsquo;un parfum naturel ne tienne pas. Au contraire! Le lendemain ou plusieurs jours apr\u00e8s vous pourrez encore sentir votre parfum sur la peau ou sur un v\u00eatement. Ici aucun phtalate ne viendra jouer le r\u00f4le de fixateur, non seulement c&rsquo;est inutile mais c&rsquo;est un perturbateur endocrinien. De m\u00eame, aucun colorant n&rsquo;est ajout\u00e9, il s&rsquo;agit de la couleur naturelle du parfum. Nous conseillons juste de garder le flacon \u00e0 l&rsquo;abri de la lumi\u00e8re et de la chaleur (dans sa bo\u00eete) pour pr\u00e9server toutes ses qualit\u00e9s olfactives.<\/p>\t\t\t\t\t\t\t\t<\/div>\n\t\t\t\t<\/div>\n\t\t\t\t<\/div>\n\t\t<div class=\"elementor-element elementor-element-527a928 e-con-full e-flex e-con e-child\" data-id=\"527a928\" data-element_type=\"container\">\n\t\t\t\t<div class=\"elementor-element elementor-element-8d8b328 elementor-widget elementor-widget-image\" data-id=\"8d8b328\" data-element_type=\"widget\" data-widget_type=\"image.default\">\n\t\t\t\t<div class=\"elementor-widget-container\">\n\t\t\t\t\t\t\t\t\t\t\t\t\t\t\t<img decoding=\"async\" data-src=\"https:\/\/re-sentir.be\/wp-content\/uploads\/elementor\/thumbs\/IMG_20250915_233529-scaled-rdjc1cye303bulmddben7rfwep68mf19egkrxz2ah4.jpg\" title=\"Re.sentir &#8211; Echantillons &#8211; Couverture\" alt=\"Re.sentir - Echantillons - Couverture\" src=\"data:image\/svg+xml;base64,PHN2ZyB3aWR0aD0iMSIgaGVpZ2h0PSIxIiB4bWxucz0iaHR0cDovL3d3dy53My5vcmcvMjAwMC9zdmciPjwvc3ZnPg==\" class=\"lazyload\" style=\"--smush-placeholder-width: 500px; --smush-placeholder-aspect-ratio: 500\/500;\" \/>\t\t\t\t\t\t\t\t\t\t\t\t\t\t\t<\/div>\n\t\t\t\t<\/div>\n\t\t\t\t<\/div>\n\t\t\t\t\t<\/div>\n\t\t\t\t<\/div>\n\t\t<div class=\"elementor-element elementor-element-62c2d51 e-flex e-con-boxed e-con e-parent\" data-id=\"62c2d51\" data-element_type=\"container\">\n\t\t\t\t\t<div class=\"e-con-inner\">\n\t\t<div class=\"elementor-element elementor-element-553cac8 e-con-full e-flex e-con e-child\" data-id=\"553cac8\" data-element_type=\"container\">\n\t\t\t\t<div class=\"elementor-element elementor-element-bdeb158 elementor-widget elementor-widget-image\" data-id=\"bdeb158\" data-element_type=\"widget\" data-widget_type=\"image.default\">\n\t\t\t\t<div class=\"elementor-widget-container\">\n\t\t\t\t\t\t\t\t\t\t\t\t\t\t\t<img decoding=\"async\" data-src=\"https:\/\/re-sentir.be\/wp-content\/uploads\/elementor\/thumbs\/2-rdjc247pl74n7airy56tq2k9mvfvtn1h67huuzxvgo.png\" title=\"2\" alt=\"2\" src=\"data:image\/svg+xml;base64,PHN2ZyB3aWR0aD0iMSIgaGVpZ2h0PSIxIiB4bWxucz0iaHR0cDovL3d3dy53My5vcmcvMjAwMC9zdmciPjwvc3ZnPg==\" class=\"lazyload\" style=\"--smush-placeholder-width: 500px; --smush-placeholder-aspect-ratio: 500\/500;\" \/>\t\t\t\t\t\t\t\t\t\t\t\t\t\t\t<\/div>\n\t\t\t\t<\/div>\n\t\t\t\t<\/div>\n\t\t<div class=\"elementor-element elementor-element-212e622 e-con-full e-flex e-con e-child\" data-id=\"212e622\" data-element_type=\"container\">\n\t\t\t\t<div class=\"elementor-element elementor-element-5bb9998 elementor-widget elementor-widget-text-editor\" data-id=\"5bb9998\" data-element_type=\"widget\" data-widget_type=\"text-editor.default\">\n\t\t\t\t<div class=\"elementor-widget-container\">\n\t\t\t\t\t\t\t\t\t<h6 class=\"wp-block-heading\" style=\"text-align: center;\"><span style=\"color: #333333;\"><strong>Pourquoi un d\u00e9p\u00f4t se forme-t-il parfois dans le fond du flacon ?<\/strong><\/span><\/h6><p>Le &lsquo;jus&rsquo; c\u00e0d le concentr\u00e9 que l&rsquo;on dilue ensuite dans l&rsquo;alcool est compos\u00e9 ici non pas de mol\u00e9cules synth\u00e9tiques mais de compos\u00e9s naturels, issus des fleurs, plantes, bois, r\u00e9sines, etc&#8230; L&rsquo;ensemble passe par une phase de gla\u00e7age afin de pr\u00e9cipiter les particules solides pour les filtrer par la suite. Quelques particules tr\u00e8s fines provenant des plantes passent malgr\u00e9 tout et se retrouvent dans le parfum. Cela n&rsquo;a aucun impact, il faut juste m\u00e9langer le flacon avant de l&rsquo;utiliser afin que le spray ne soit pas bloqu\u00e9 par ces particules.\u00a0 Pour les m\u00eames raisons, le parfum n&rsquo;est pas transparent, il est color\u00e9 par les plantes (et non pas par des colorants synth\u00e9tiques), ce qui peut tacher les v\u00eatements clairs. On conseille donc de vaporiser le parfum soit sur sa peau, soit sur un support tel que foulard, \u00e9charpe, mouchoir.<\/p>\t\t\t\t\t\t\t\t<\/div>\n\t\t\t\t<\/div>\n\t\t\t\t<\/div>\n\t\t\t\t\t<\/div>\n\t\t\t\t<\/div>\n\t\t\t\t<\/div>\n\t\t","protected":false},"excerpt":{"rendered":"<p>Pourquoi un parfum naturel? La majorit\u00e9 des parfums sur le march\u00e9 sont compos\u00e9s de mol\u00e9cules synth\u00e9tiques. Leurs avantages? Elles sont notamment beaucoup moins ch\u00e8res, et &hellip;<\/p>\n","protected":false},"author":1,"featured_media":0,"parent":0,"menu_order":0,"comment_status":"closed","ping_status":"closed","template":"elementor_theme","meta":{"footnotes":""},"class_list":["post-405","page","type-page","status-publish","hentry"],"yoast_head":"<!-- This site is optimized with the Yoast SEO plugin v25.9 - https:\/\/yoast.com\/wordpress\/plugins\/seo\/ -->\n<title>Re.sentir | Parfums authentiques Bruxelles<\/title>\n<meta name=\"description\" content=\"RE.SENTIR c&#039;est une parfumerie de niche, ind\u00e9pendante et qui invite \u00e0 se r\u00e9approprier les odeurs authentiques de la nature. A ressentir des \u00e9motions oubli\u00e9es. A se faire plaisir tout en prenant soin du monde qui nous entoure.\" \/>\n<meta name=\"robots\" content=\"index, follow, max-snippet:-1, max-image-preview:large, max-video-preview:-1\" \/>\n<link rel=\"canonical\" href=\"https:\/\/re-sentir.be\/?page_id=405\" \/>\n<meta property=\"og:locale\" content=\"fr_FR\" \/>\n<meta property=\"og:type\" content=\"article\" \/>\n<meta property=\"og:title\" content=\"Re.sentir | Parfums authentiques Bruxelles\" \/>\n<meta property=\"og:description\" content=\"RE.SENTIR c&#039;est une parfumerie de niche, ind\u00e9pendante et qui invite \u00e0 se r\u00e9approprier les odeurs authentiques de la nature. A ressentir des \u00e9motions oubli\u00e9es. A se faire plaisir tout en prenant soin du monde qui nous entoure.\" \/>\n<meta property=\"og:url\" content=\"https:\/\/re-sentir.be\/?page_id=405\" \/>\n<meta property=\"og:site_name\" content=\"Re.sentir\" \/>\n<meta property=\"article:modified_time\" content=\"2025-09-24T14:18:28+00:00\" \/>\n<meta property=\"og:image\" content=\"https:\/\/re-sentir.be\/wp-content\/uploads\/elementor\/thumbs\/IMG_20250915_004800-rbw2mrm7914sczo7kh1sg4n7thdkrp2d0x51tp17d4.png\" \/>\n<meta name=\"twitter:card\" content=\"summary_large_image\" \/>\n<meta name=\"twitter:label1\" content=\"Dur\u00e9e de lecture est.\" \/>\n\t<meta name=\"twitter:data1\" content=\"5 minutes\" \/>\n<script type=\"application\/ld+json\" class=\"yoast-schema-graph\">{\"@context\":\"https:\/\/schema.org\",\"@graph\":[{\"@type\":\"WebPage\",\"@id\":\"https:\/\/re-sentir.be\/?page_id=405\",\"url\":\"https:\/\/re-sentir.be\/?page_id=405\",\"name\":\"Re.sentir | Parfums authentiques Bruxelles\",\"isPartOf\":{\"@id\":\"https:\/\/re-sentir.be\/#website\"},\"primaryImageOfPage\":{\"@id\":\"https:\/\/re-sentir.be\/?page_id=405#primaryimage\"},\"image\":{\"@id\":\"https:\/\/re-sentir.be\/?page_id=405#primaryimage\"},\"thumbnailUrl\":\"https:\/\/re-sentir.be\/wp-content\/uploads\/elementor\/thumbs\/IMG_20250915_004800-rbw2mrm7914sczo7kh1sg4n7thdkrp2d0x51tp17d4.png\",\"datePublished\":\"2025-03-28T16:02:51+00:00\",\"dateModified\":\"2025-09-24T14:18:28+00:00\",\"description\":\"RE.SENTIR c'est une parfumerie de niche, ind\u00e9pendante et qui invite \u00e0 se r\u00e9approprier les odeurs authentiques de la nature. A ressentir des \u00e9motions oubli\u00e9es. A se faire plaisir tout en prenant soin du monde qui nous entoure.\",\"breadcrumb\":{\"@id\":\"https:\/\/re-sentir.be\/?page_id=405#breadcrumb\"},\"inLanguage\":\"fr-BE\",\"potentialAction\":[{\"@type\":\"ReadAction\",\"target\":[\"https:\/\/re-sentir.be\/?page_id=405\"]}]},{\"@type\":\"ImageObject\",\"inLanguage\":\"fr-BE\",\"@id\":\"https:\/\/re-sentir.be\/?page_id=405#primaryimage\",\"url\":\"https:\/\/re-sentir.be\/wp-content\/uploads\/elementor\/thumbs\/IMG_20250915_004800-rbw2mrm7914sczo7kh1sg4n7thdkrp2d0x51tp17d4.png\",\"contentUrl\":\"https:\/\/re-sentir.be\/wp-content\/uploads\/elementor\/thumbs\/IMG_20250915_004800-rbw2mrm7914sczo7kh1sg4n7thdkrp2d0x51tp17d4.png\"},{\"@type\":\"BreadcrumbList\",\"@id\":\"https:\/\/re-sentir.be\/?page_id=405#breadcrumb\",\"itemListElement\":[{\"@type\":\"ListItem\",\"position\":1,\"name\":\"Accueil\",\"item\":\"https:\/\/re-sentir.be\/\"},{\"@type\":\"ListItem\",\"position\":2,\"name\":\"Questions fr\u00e9quentes\"}]},{\"@type\":\"WebSite\",\"@id\":\"https:\/\/re-sentir.be\/#website\",\"url\":\"https:\/\/re-sentir.be\/\",\"name\":\"Re-Sentir\",\"description\":\"Parfums authentiques\",\"publisher\":{\"@id\":\"https:\/\/re-sentir.be\/#organization\"},\"potentialAction\":[{\"@type\":\"SearchAction\",\"target\":{\"@type\":\"EntryPoint\",\"urlTemplate\":\"https:\/\/re-sentir.be\/?s={search_term_string}\"},\"query-input\":{\"@type\":\"PropertyValueSpecification\",\"valueRequired\":true,\"valueName\":\"search_term_string\"}}],\"inLanguage\":\"fr-BE\"},{\"@type\":\"Organization\",\"@id\":\"https:\/\/re-sentir.be\/#organization\",\"name\":\"Re-Sentir\",\"url\":\"https:\/\/re-sentir.be\/\",\"logo\":{\"@type\":\"ImageObject\",\"inLanguage\":\"fr-BE\",\"@id\":\"https:\/\/re-sentir.be\/#\/schema\/logo\/image\/\",\"url\":\"https:\/\/re-sentir.be\/wp-content\/uploads\/2025\/02\/resentir_logo_100x100_72pp.png\",\"contentUrl\":\"https:\/\/re-sentir.be\/wp-content\/uploads\/2025\/02\/resentir_logo_100x100_72pp.png\",\"width\":44,\"height\":34,\"caption\":\"Re-Sentir\"},\"image\":{\"@id\":\"https:\/\/re-sentir.be\/#\/schema\/logo\/image\/\"}}]}<\/script>\n<!-- \/ Yoast SEO plugin. -->","yoast_head_json":{"title":"Re.sentir | Parfums authentiques Bruxelles","description":"RE.SENTIR c'est une parfumerie de niche, ind\u00e9pendante et qui invite \u00e0 se r\u00e9approprier les odeurs authentiques de la nature. A ressentir des \u00e9motions oubli\u00e9es. A se faire plaisir tout en prenant soin du monde qui nous entoure.","robots":{"index":"index","follow":"follow","max-snippet":"max-snippet:-1","max-image-preview":"max-image-preview:large","max-video-preview":"max-video-preview:-1"},"canonical":"https:\/\/re-sentir.be\/?page_id=405","og_locale":"fr_FR","og_type":"article","og_title":"Re.sentir | Parfums authentiques Bruxelles","og_description":"RE.SENTIR c'est une parfumerie de niche, ind\u00e9pendante et qui invite \u00e0 se r\u00e9approprier les odeurs authentiques de la nature. A ressentir des \u00e9motions oubli\u00e9es. A se faire plaisir tout en prenant soin du monde qui nous entoure.","og_url":"https:\/\/re-sentir.be\/?page_id=405","og_site_name":"Re.sentir","article_modified_time":"2025-09-24T14:18:28+00:00","og_image":[{"url":"https:\/\/re-sentir.be\/wp-content\/uploads\/elementor\/thumbs\/IMG_20250915_004800-rbw2mrm7914sczo7kh1sg4n7thdkrp2d0x51tp17d4.png","type":"","width":"","height":""}],"twitter_card":"summary_large_image","twitter_misc":{"Dur\u00e9e de lecture est.":"5 minutes"},"schema":{"@context":"https:\/\/schema.org","@graph":[{"@type":"WebPage","@id":"https:\/\/re-sentir.be\/?page_id=405","url":"https:\/\/re-sentir.be\/?page_id=405","name":"Re.sentir | Parfums authentiques Bruxelles","isPartOf":{"@id":"https:\/\/re-sentir.be\/#website"},"primaryImageOfPage":{"@id":"https:\/\/re-sentir.be\/?page_id=405#primaryimage"},"image":{"@id":"https:\/\/re-sentir.be\/?page_id=405#primaryimage"},"thumbnailUrl":"https:\/\/re-sentir.be\/wp-content\/uploads\/elementor\/thumbs\/IMG_20250915_004800-rbw2mrm7914sczo7kh1sg4n7thdkrp2d0x51tp17d4.png","datePublished":"2025-03-28T16:02:51+00:00","dateModified":"2025-09-24T14:18:28+00:00","description":"RE.SENTIR c'est une parfumerie de niche, ind\u00e9pendante et qui invite \u00e0 se r\u00e9approprier les odeurs authentiques de la nature. A ressentir des \u00e9motions oubli\u00e9es. A se faire plaisir tout en prenant soin du monde qui nous entoure.","breadcrumb":{"@id":"https:\/\/re-sentir.be\/?page_id=405#breadcrumb"},"inLanguage":"fr-BE","potentialAction":[{"@type":"ReadAction","target":["https:\/\/re-sentir.be\/?page_id=405"]}]},{"@type":"ImageObject","inLanguage":"fr-BE","@id":"https:\/\/re-sentir.be\/?page_id=405#primaryimage","url":"https:\/\/re-sentir.be\/wp-content\/uploads\/elementor\/thumbs\/IMG_20250915_004800-rbw2mrm7914sczo7kh1sg4n7thdkrp2d0x51tp17d4.png","contentUrl":"https:\/\/re-sentir.be\/wp-content\/uploads\/elementor\/thumbs\/IMG_20250915_004800-rbw2mrm7914sczo7kh1sg4n7thdkrp2d0x51tp17d4.png"},{"@type":"BreadcrumbList","@id":"https:\/\/re-sentir.be\/?page_id=405#breadcrumb","itemListElement":[{"@type":"ListItem","position":1,"name":"Accueil","item":"https:\/\/re-sentir.be\/"},{"@type":"ListItem","position":2,"name":"Questions fr\u00e9quentes"}]},{"@type":"WebSite","@id":"https:\/\/re-sentir.be\/#website","url":"https:\/\/re-sentir.be\/","name":"Re-Sentir","description":"Parfums authentiques","publisher":{"@id":"https:\/\/re-sentir.be\/#organization"},"potentialAction":[{"@type":"SearchAction","target":{"@type":"EntryPoint","urlTemplate":"https:\/\/re-sentir.be\/?s={search_term_string}"},"query-input":{"@type":"PropertyValueSpecification","valueRequired":true,"valueName":"search_term_string"}}],"inLanguage":"fr-BE"},{"@type":"Organization","@id":"https:\/\/re-sentir.be\/#organization","name":"Re-Sentir","url":"https:\/\/re-sentir.be\/","logo":{"@type":"ImageObject","inLanguage":"fr-BE","@id":"https:\/\/re-sentir.be\/#\/schema\/logo\/image\/","url":"https:\/\/re-sentir.be\/wp-content\/uploads\/2025\/02\/resentir_logo_100x100_72pp.png","contentUrl":"https:\/\/re-sentir.be\/wp-content\/uploads\/2025\/02\/resentir_logo_100x100_72pp.png","width":44,"height":34,"caption":"Re-Sentir"},"image":{"@id":"https:\/\/re-sentir.be\/#\/schema\/logo\/image\/"}}]}},"_links":{"self":[{"href":"https:\/\/re-sentir.be\/index.php?rest_route=\/wp\/v2\/pages\/405","targetHints":{"allow":["GET"]}}],"collection":[{"href":"https:\/\/re-sentir.be\/index.php?rest_route=\/wp\/v2\/pages"}],"about":[{"href":"https:\/\/re-sentir.be\/index.php?rest_route=\/wp\/v2\/types\/page"}],"author":[{"embeddable":true,"href":"https:\/\/re-sentir.be\/index.php?rest_route=\/wp\/v2\/users\/1"}],"replies":[{"embeddable":true,"href":"https:\/\/re-sentir.be\/index.php?rest_route=%2Fwp%2Fv2%2Fcomments&post=405"}],"version-history":[{"count":53,"href":"https:\/\/re-sentir.be\/index.php?rest_route=\/wp\/v2\/pages\/405\/revisions"}],"predecessor-version":[{"id":1859,"href":"https:\/\/re-sentir.be\/index.php?rest_route=\/wp\/v2\/pages\/405\/revisions\/1859"}],"wp:attachment":[{"href":"https:\/\/re-sentir.be\/index.php?rest_route=%2Fwp%2Fv2%2Fmedia&parent=405"}],"curies":[{"name":"wp","href":"https:\/\/api.w.org\/{rel}","templated":true}]}}