{"id":495,"date":"2025-04-08T16:05:51","date_gmt":"2025-04-08T14:05:51","guid":{"rendered":"https:\/\/re-sentir.be\/?page_id=495"},"modified":"2025-09-16T14:50:13","modified_gmt":"2025-09-16T12:50:13","slug":"protection-des-donnees","status":"publish","type":"page","link":"https:\/\/re-sentir.be\/?page_id=495","title":{"rendered":"Protection des donn\u00e9es"},"content":{"rendered":"\t\t<div data-elementor-type=\"wp-page\" data-elementor-id=\"495\" class=\"elementor elementor-495\">\n\t\t\t\t<div class=\"elementor-element elementor-element-d1d612b e-flex e-con-boxed e-con e-parent\" data-id=\"d1d612b\" data-element_type=\"container\">\n\t\t\t\t\t<div class=\"e-con-inner\">\n\t\t\t\t<div class=\"elementor-element elementor-element-cf28c1e elementor-widget elementor-widget-text-editor\" data-id=\"cf28c1e\" data-element_type=\"widget\" data-widget_type=\"text-editor.default\">\n\t\t\t\t<div class=\"elementor-widget-container\">\n\t\t\t\t\t\t\t\t\t<p>Les informations recueillies sur ce formulaire sont enregistr\u00e9es dans un\u00a0<span class=\"glossary-tooltips\" data-definition=\"fichier\"><span class=\"glossary-tooltips-title\">fichier<\/span><\/span> informatis\u00e9 par Re.sentir pour vous identifier comme utilisateur du site, g\u00e9rer vos commandes, livraisons et factures, ainsi que pouvoir vous contacter (service apr\u00e8s vente), et vous proposer nos offres.<\/p><p>La\u00a0<span class=\"glossary-tooltips\" data-definition=\"base l\u00e9gale\"><span class=\"glossary-tooltips-title\">base l\u00e9gale<\/span><\/span> du traitement est l&rsquo;ex\u00e9cution du contrat de vente.\u00a0<\/p><p>Les donn\u00e9es sont directement collect\u00e9es aupr\u00e8s de vous, via les champs que vous remplissez lors de votre inscription sur notre site.<\/p><p>Les donn\u00e9es collect\u00e9es ne seront en aucun cas communiqu\u00e9es \u00e0 l&rsquo;ext\u00e9rieur de Re.sentir . Ces donn\u00e9es ne seront utilis\u00e9es que par nos soins, dans le cadre de votre inscription \/ de votre commande.<\/p><p>Les donn\u00e9es sont conserv\u00e9es tant que vous ne nous faites pas la demande expresse de vous retirer de notre base de donn\u00e9es.<\/p><p>Vous pouvez acc\u00e9der aux donn\u00e9es vous concernant, les rectifier, demander leur effacement ou exercer votre droit \u00e0 la limitation du traitement de vos donn\u00e9es.\u00a0<\/p><p>Pour toute question sur le traitement de vos donn\u00e9es dans ce dispositif, vous pouvez nous contacter \u00e0 l&rsquo;adresse mail suivante : info@re-sentir.be<\/p>\t\t\t\t\t\t\t\t<\/div>\n\t\t\t\t<\/div>\n\t\t\t\t\t<\/div>\n\t\t\t\t<\/div>\n\t\t\t\t<\/div>\n\t\t","protected":false},"excerpt":{"rendered":"<p>Les informations recueillies sur ce formulaire sont enregistr\u00e9es dans un\u00a0fichier informatis\u00e9 par Re.sentir pour vous identifier comme utilisateur du site, g\u00e9rer vos commandes, livraisons et &hellip;<\/p>\n","protected":false},"author":1,"featured_media":0,"parent":0,"menu_order":0,"comment_status":"closed","ping_status":"closed","template":"elementor_theme","meta":{"footnotes":""},"class_list":["post-495","page","type-page","status-publish","hentry"],"yoast_head":"<!-- This site is optimized with the Yoast SEO plugin v25.9 - https:\/\/yoast.com\/wordpress\/plugins\/seo\/ -->\n<title>Re.sentir | Parfums authentiques Bruxelles<\/title>\n<meta name=\"description\" content=\"RE.SENTIR c&#039;est une parfumerie de niche, ind\u00e9pendante et qui invite \u00e0 se r\u00e9approprier les odeurs authentiques de la nature. A ressentir des \u00e9motions oubli\u00e9es. A se faire plaisir tout en prenant soin du monde qui nous entoure.\" \/>\n<meta name=\"robots\" content=\"index, follow, max-snippet:-1, max-image-preview:large, max-video-preview:-1\" \/>\n<link rel=\"canonical\" href=\"https:\/\/re-sentir.be\/?page_id=495\" \/>\n<meta property=\"og:locale\" content=\"fr_FR\" \/>\n<meta property=\"og:type\" content=\"article\" \/>\n<meta property=\"og:title\" content=\"Re.sentir | Parfums authentiques Bruxelles\" \/>\n<meta property=\"og:description\" content=\"RE.SENTIR c&#039;est une parfumerie de niche, ind\u00e9pendante et qui invite \u00e0 se r\u00e9approprier les odeurs authentiques de la nature. A ressentir des \u00e9motions oubli\u00e9es. A se faire plaisir tout en prenant soin du monde qui nous entoure.\" \/>\n<meta property=\"og:url\" content=\"https:\/\/re-sentir.be\/?page_id=495\" \/>\n<meta property=\"og:site_name\" content=\"Re.sentir\" \/>\n<meta property=\"article:modified_time\" content=\"2025-09-16T12:50:13+00:00\" \/>\n<meta name=\"twitter:card\" content=\"summary_large_image\" \/>\n<meta name=\"twitter:label1\" content=\"Dur\u00e9e de lecture est.\" \/>\n\t<meta name=\"twitter:data1\" content=\"1 minute\" \/>\n<script type=\"application\/ld+json\" class=\"yoast-schema-graph\">{\"@context\":\"https:\/\/schema.org\",\"@graph\":[{\"@type\":\"WebPage\",\"@id\":\"https:\/\/re-sentir.be\/?page_id=495\",\"url\":\"https:\/\/re-sentir.be\/?page_id=495\",\"name\":\"Re.sentir | Parfums authentiques Bruxelles\",\"isPartOf\":{\"@id\":\"https:\/\/re-sentir.be\/#website\"},\"datePublished\":\"2025-04-08T14:05:51+00:00\",\"dateModified\":\"2025-09-16T12:50:13+00:00\",\"description\":\"RE.SENTIR c'est une parfumerie de niche, ind\u00e9pendante et qui invite \u00e0 se r\u00e9approprier les odeurs authentiques de la nature. A ressentir des \u00e9motions oubli\u00e9es. A se faire plaisir tout en prenant soin du monde qui nous entoure.\",\"breadcrumb\":{\"@id\":\"https:\/\/re-sentir.be\/?page_id=495#breadcrumb\"},\"inLanguage\":\"fr-BE\",\"potentialAction\":[{\"@type\":\"ReadAction\",\"target\":[\"https:\/\/re-sentir.be\/?page_id=495\"]}]},{\"@type\":\"BreadcrumbList\",\"@id\":\"https:\/\/re-sentir.be\/?page_id=495#breadcrumb\",\"itemListElement\":[{\"@type\":\"ListItem\",\"position\":1,\"name\":\"Accueil\",\"item\":\"https:\/\/re-sentir.be\/\"},{\"@type\":\"ListItem\",\"position\":2,\"name\":\"Protection des donn\u00e9es\"}]},{\"@type\":\"WebSite\",\"@id\":\"https:\/\/re-sentir.be\/#website\",\"url\":\"https:\/\/re-sentir.be\/\",\"name\":\"Re-Sentir\",\"description\":\"Parfums authentiques\",\"publisher\":{\"@id\":\"https:\/\/re-sentir.be\/#organization\"},\"potentialAction\":[{\"@type\":\"SearchAction\",\"target\":{\"@type\":\"EntryPoint\",\"urlTemplate\":\"https:\/\/re-sentir.be\/?s={search_term_string}\"},\"query-input\":{\"@type\":\"PropertyValueSpecification\",\"valueRequired\":true,\"valueName\":\"search_term_string\"}}],\"inLanguage\":\"fr-BE\"},{\"@type\":\"Organization\",\"@id\":\"https:\/\/re-sentir.be\/#organization\",\"name\":\"Re-Sentir\",\"url\":\"https:\/\/re-sentir.be\/\",\"logo\":{\"@type\":\"ImageObject\",\"inLanguage\":\"fr-BE\",\"@id\":\"https:\/\/re-sentir.be\/#\/schema\/logo\/image\/\",\"url\":\"https:\/\/re-sentir.be\/wp-content\/uploads\/2025\/02\/resentir_logo_100x100_72pp.png\",\"contentUrl\":\"https:\/\/re-sentir.be\/wp-content\/uploads\/2025\/02\/resentir_logo_100x100_72pp.png\",\"width\":44,\"height\":34,\"caption\":\"Re-Sentir\"},\"image\":{\"@id\":\"https:\/\/re-sentir.be\/#\/schema\/logo\/image\/\"}}]}<\/script>\n<!-- \/ Yoast SEO plugin. -->","yoast_head_json":{"title":"Re.sentir | Parfums authentiques Bruxelles","description":"RE.SENTIR c'est une parfumerie de niche, ind\u00e9pendante et qui invite \u00e0 se r\u00e9approprier les odeurs authentiques de la nature. A ressentir des \u00e9motions oubli\u00e9es. A se faire plaisir tout en prenant soin du monde qui nous entoure.","robots":{"index":"index","follow":"follow","max-snippet":"max-snippet:-1","max-image-preview":"max-image-preview:large","max-video-preview":"max-video-preview:-1"},"canonical":"https:\/\/re-sentir.be\/?page_id=495","og_locale":"fr_FR","og_type":"article","og_title":"Re.sentir | Parfums authentiques Bruxelles","og_description":"RE.SENTIR c'est une parfumerie de niche, ind\u00e9pendante et qui invite \u00e0 se r\u00e9approprier les odeurs authentiques de la nature. A ressentir des \u00e9motions oubli\u00e9es. A se faire plaisir tout en prenant soin du monde qui nous entoure.","og_url":"https:\/\/re-sentir.be\/?page_id=495","og_site_name":"Re.sentir","article_modified_time":"2025-09-16T12:50:13+00:00","twitter_card":"summary_large_image","twitter_misc":{"Dur\u00e9e de lecture est.":"1 minute"},"schema":{"@context":"https:\/\/schema.org","@graph":[{"@type":"WebPage","@id":"https:\/\/re-sentir.be\/?page_id=495","url":"https:\/\/re-sentir.be\/?page_id=495","name":"Re.sentir | Parfums authentiques Bruxelles","isPartOf":{"@id":"https:\/\/re-sentir.be\/#website"},"datePublished":"2025-04-08T14:05:51+00:00","dateModified":"2025-09-16T12:50:13+00:00","description":"RE.SENTIR c'est une parfumerie de niche, ind\u00e9pendante et qui invite \u00e0 se r\u00e9approprier les odeurs authentiques de la nature. A ressentir des \u00e9motions oubli\u00e9es. A se faire plaisir tout en prenant soin du monde qui nous entoure.","breadcrumb":{"@id":"https:\/\/re-sentir.be\/?page_id=495#breadcrumb"},"inLanguage":"fr-BE","potentialAction":[{"@type":"ReadAction","target":["https:\/\/re-sentir.be\/?page_id=495"]}]},{"@type":"BreadcrumbList","@id":"https:\/\/re-sentir.be\/?page_id=495#breadcrumb","itemListElement":[{"@type":"ListItem","position":1,"name":"Accueil","item":"https:\/\/re-sentir.be\/"},{"@type":"ListItem","position":2,"name":"Protection des donn\u00e9es"}]},{"@type":"WebSite","@id":"https:\/\/re-sentir.be\/#website","url":"https:\/\/re-sentir.be\/","name":"Re-Sentir","description":"Parfums authentiques","publisher":{"@id":"https:\/\/re-sentir.be\/#organization"},"potentialAction":[{"@type":"SearchAction","target":{"@type":"EntryPoint","urlTemplate":"https:\/\/re-sentir.be\/?s={search_term_string}"},"query-input":{"@type":"PropertyValueSpecification","valueRequired":true,"valueName":"search_term_string"}}],"inLanguage":"fr-BE"},{"@type":"Organization","@id":"https:\/\/re-sentir.be\/#organization","name":"Re-Sentir","url":"https:\/\/re-sentir.be\/","logo":{"@type":"ImageObject","inLanguage":"fr-BE","@id":"https:\/\/re-sentir.be\/#\/schema\/logo\/image\/","url":"https:\/\/re-sentir.be\/wp-content\/uploads\/2025\/02\/resentir_logo_100x100_72pp.png","contentUrl":"https:\/\/re-sentir.be\/wp-content\/uploads\/2025\/02\/resentir_logo_100x100_72pp.png","width":44,"height":34,"caption":"Re-Sentir"},"image":{"@id":"https:\/\/re-sentir.be\/#\/schema\/logo\/image\/"}}]}},"_links":{"self":[{"href":"https:\/\/re-sentir.be\/index.php?rest_route=\/wp\/v2\/pages\/495","targetHints":{"allow":["GET"]}}],"collection":[{"href":"https:\/\/re-sentir.be\/index.php?rest_route=\/wp\/v2\/pages"}],"about":[{"href":"https:\/\/re-sentir.be\/index.php?rest_route=\/wp\/v2\/types\/page"}],"author":[{"embeddable":true,"href":"https:\/\/re-sentir.be\/index.php?rest_route=\/wp\/v2\/users\/1"}],"replies":[{"embeddable":true,"href":"https:\/\/re-sentir.be\/index.php?rest_route=%2Fwp%2Fv2%2Fcomments&post=495"}],"version-history":[{"count":10,"href":"https:\/\/re-sentir.be\/index.php?rest_route=\/wp\/v2\/pages\/495\/revisions"}],"predecessor-version":[{"id":605,"href":"https:\/\/re-sentir.be\/index.php?rest_route=\/wp\/v2\/pages\/495\/revisions\/605"}],"wp:attachment":[{"href":"https:\/\/re-sentir.be\/index.php?rest_route=%2Fwp%2Fv2%2Fmedia&parent=495"}],"curies":[{"name":"wp","href":"https:\/\/api.w.org\/{rel}","templated":true}]}}