{"id":508,"date":"2025-04-08T16:23:11","date_gmt":"2025-04-08T14:23:11","guid":{"rendered":"https:\/\/re-sentir.be\/?page_id=508"},"modified":"2025-09-24T16:22:59","modified_gmt":"2025-09-24T14:22:59","slug":"conditions-generales-de-vente","status":"publish","type":"page","link":"https:\/\/re-sentir.be\/?page_id=508","title":{"rendered":"Conditions g\u00e9n\u00e9rales de vente"},"content":{"rendered":"\t\t<div data-elementor-type=\"wp-page\" data-elementor-id=\"508\" class=\"elementor elementor-508\">\n\t\t\t\t<div class=\"elementor-element elementor-element-0494af0 e-con-full e-flex e-con e-parent\" data-id=\"0494af0\" data-element_type=\"container\">\n\t\t\t\t<div class=\"elementor-element elementor-element-64c0a22 elementor-widget elementor-widget-text-editor\" data-id=\"64c0a22\" data-element_type=\"widget\" data-widget_type=\"text-editor.default\">\n\t\t\t\t<div class=\"elementor-widget-container\">\n\t\t\t\t\t\t\t\t\t<p>Les pr\u00e9sentes conditions de vente sont conclues d\u2019une part par Re.sentir, repr\u00e9sent\u00e9 par Val\u00e9rie Tub\u00e9, personne physique enregistr\u00e9e \u00e0 la BCE, Banque Carrefour des Entreprises, sous le num\u00e9ro BE 0549.945.854 g\u00e9rant le site www.re-sentir.be et, d\u2019autre part, par toute personne physique ou morale souhaitant proc\u00e9der \u00e0 un achat via le site internet www.re-sentir.be, d\u00e9nomm\u00e9e ci-apr\u00e8s \u00a0\u00bb l\u2019acheteur\u00a0\u00bb.<\/p>\n<p><strong>Article 1. Objet<\/strong><br>Les pr\u00e9sentes conditions de vente visent \u00e0 d\u00e9finir les relations contractuelles entre Re.sentir et l\u2019acheteur et les conditions applicables \u00e0 tout achat effectu\u00e9 par le biais du site internet www.re-sentir.be. L\u2019acquisition d\u2019un produit \u00e0 travers le pr\u00e9sent site implique une acceptation sans r\u00e9serve par l\u2019acheteur des pr\u00e9sentes conditions de vente dont l\u2019acheteur reconna\u00eet avoir pris connaissance pr\u00e9alablement \u00e0 sa commande. Avant toute transaction, l\u2019acheteur d\u00e9clare d\u2019une part que l\u2019achat de produits sur le site www.re-sentir.be est sans rapport direct avec son activit\u00e9 professionnelle et est limit\u00e9 \u00e0 une utilisation strictement personnelle et d\u2019autre part avoir la pleine capacit\u00e9 juridique, lui permettant de s\u2019engager au titre des pr\u00e9sentes conditions g\u00e9n\u00e9rales de ventes.<\/p>\n<p>Re.sentir conserve la possibilit\u00e9 de modifier \u00e0 tout moment ces conditions de ventes, afin de respecter toute nouvelle r\u00e9glementation ou dans le but d&rsquo;am\u00e9liorer l\u2019utilisation de son site. De ce fait, les conditions applicables seront celles en vigueur \u00e0 la date de la commande par l\u2019acheteur.<\/p>\n<p><strong>Article 2. Produits<\/strong><br>Les produits propos\u00e9s sont ceux qui figurent sur le site www.re-sentir.be, dans la limite des stocks disponibles. Re.sentir se r\u00e9serve le droit de modifier \u00e0 tout moment l\u2019assortiment de produits. Chaque produit est pr\u00e9sent\u00e9 sur le site internet sous forme d\u2019un descriptif reprenant ses principales caract\u00e9ristiques techniques (contenance, utilisation, composition\u2026).<br>Les photographies sont les plus fid\u00e8les possibles mais n\u2019engagent en rien le Vendeur. La vente des produits pr\u00e9sent\u00e9s sur le site www.re-sentir.be est destin\u00e9e \u00e0 tous les acheteurs r\u00e9sidant dans les pays suivants : Belgique, Luxembourg, France.<\/p>\n<p><strong>Article 3. Tarifs<\/strong><br>Les prix figurant sur les fiches produits du catalogue internet sont des prix en Euros (\u20ac)toutes taxes comprises (TTC) tenant compte de la TVA applicable au jour de la commande. Tout changement du taux de la TVA pourra \u00eatre r\u00e9percut\u00e9 sur le prix des produits. Re.sentir se r\u00e9serve le droit de modifier ses prix \u00e0 tout moment, \u00e9tant toutefois entendu que le prix figurant au catalogue le jour de la commande sera le seul applicable \u00e0 l\u2019acheteur. Les prix indiqu\u00e9s ne comprennent pas les frais de livraison, factur\u00e9s en suppl\u00e9ment du prix des produits achet\u00e9s suivant le montant total de la commande\/le pays de destination. Ces frais d&rsquo;envoi sont mentionn\u00e9s clairement lors de la commande.<\/p>\n<p><strong>Article 4. Commande et modalit\u00e9s de paiement<\/strong><br>Avant toute commande, l\u2019acheteur doit cr\u00e9er un compte sur le site www.re-sentir.be. La rubrique de cr\u00e9ation de compte est accessible directement depuis la barre de menu principale, via l&rsquo;ic\u00f4ne de compte . A chaque visite, l\u2019acheteur, s\u2019il souhaite commander ou consulter son compte (\u00e9tat des commandes, profil\u2026), devra s\u2019identifier \u00e0 l\u2019aide de ces informations. Re.sentir propose \u00e0 l\u2019acheteur de commander et r\u00e9gler ses produits en plusieurs \u00e9tapes.<\/p>\n<p>Le paiement se fait par virement bancaire : l\u2019acheteur s\u00e9lectionne les produits qu\u2019il souhaite commander dans le \u00ab panier \u00bb, modifie si besoin (quantit\u00e9s, r\u00e9f\u00e9rences\u2026), v\u00e9rifie l\u2019adresse de livraison ou en renseigne une nouvelle. Puis, les frais de port sont calcul\u00e9s et soumis \u00e0 l\u2019acheteur, ainsi que le nom du transporteur. Enfin, la derni\u00e8re \u00e9tape lui propose de v\u00e9rifier l\u2019ensemble des informations, prendre connaissance et accepter les pr\u00e9sentes conditions g\u00e9n\u00e9rales de vente en cochant la case correspondante, puis l\u2019invite \u00e0 valider sa commande en cliquant sur le bouton \u00ab Confirmer ma commande \u00bb. Ce dernier clic forme la conclusion d\u00e9finitive du contrat. D\u00e8s validation, l\u2019acheteur re\u00e7oit un bon de commande confirmant l\u2019enregistrement de sa commande. Afin de finaliser son paiement et d\u00e9clencher le traitement de sa commande, l\u2019acheteur doit contacter sa banque afin d&rsquo;effectuer le virement correspondant au montant de sa commande vers le compte bancaire de Re.sentir, dont les coordonn\u00e9es sont communiqu\u00e9es \u00e0 l&rsquo;acheteur. D\u00e8s r\u00e9ception du virement, la commande sera trait\u00e9e et l\u2019acheteur en sera inform\u00e9 par e-mail. Re.sentir exp\u00e9diera les produits apr\u00e8s r\u00e9ception du virement correspondant \u00e0 la commande, sous r\u00e9serve de provisions.<\/p>\n<p>La confirmation d\u2019une commande entra\u00eene acceptation des pr\u00e9sentes conditions de vente, la reconnaissance d\u2019en avoir parfaite connaissance et la renonciation \u00e0 se pr\u00e9valoir de ses propres conditions d\u2019achat. L\u2019ensemble des donn\u00e9es fournies et la confirmation enregistr\u00e9e vaudront preuve de la transaction. Si l\u2019acheteur poss\u00e8de une adresse \u00e9lectronique et s\u2019il l\u2019a renseign\u00e9e sur son bon de commande, Re.sentir lui communiquera par courrier \u00e9lectronique la confirmation de l\u2019enregistrement de sa commande. Si l\u2019acheteur souhaite contacter Re.sentir, il peut le faire par email \u00e0 l\u2019adresse suivante : info@re-sentir.be, soit par t\u00e9l\u00e9phone au +32 472 84.72.27.<\/p>\n<p><strong>Article 5. R\u00e9serve de propri\u00e9t\u00e9<\/strong><br>Re.sentir conserve la propri\u00e9t\u00e9 pleine et enti\u00e8re des produits vendus jusqu&rsquo;au parfait encaissement du prix, en principal, frais et taxes compris. Ceci concerne autant les ventes aux particuliers que les ventes en \u00ab\u00a0B to B\u00a0\u00bb c\u00e0d \u00e0 des interm\u00e9diaires, tels que magasins, grossistes, etc&#8230;<\/p>\n<p><strong>Article 6. R\u00e9tractation<\/strong><br>En vertu de l\u2019article L121-20 du Code de la consommation, l\u2019acheteur dispose d&rsquo;un d\u00e9lai de quatorze jours ouvrables \u00e0 compter de la livraison de sa commande pour exercer son droit de r\u00e9tractation et ainsi faire retour du produit au vendeur pour \u00e9change ou remboursement sans p\u00e9nalit\u00e9, \u00e0 l\u2019exception des frais de retour.<\/p>\n<p><strong>Article 7. Livraison<\/strong><br>Les livraisons sont faites \u00e0 l\u2019adresse indiqu\u00e9e sur le bon de commande qui ne peut \u00eatre que dans la zone g\u00e9ographique convenue. Les commandes sont effectu\u00e9es par La Poste , service de livraison avec suivi, remise sans signature. Les d\u00e9lais de livraison ne sont donn\u00e9s qu\u2019\u00e0 titre indicatif ; si ceux-ci d\u00e9passent trente jours \u00e0 compter de la commande, le contrat de vente pourra \u00eatre r\u00e9sili\u00e9 et l\u2019acheteur rembours\u00e9. Re.sentir pourra fournir par e-mail \u00e0 l\u2019acheteur le num\u00e9ro de suivi de son colis sur demande.<br>L\u2019acheteur est livr\u00e9 \u00e0 son domicile par son facteur. En cas d\u2019absence de l\u2019acheteur, il recevra un avis de passage de son facteur, ce qui lui permet de retirer les produits command\u00e9s au bureau de Poste le plus proche, pendant un d\u00e9lai indiqu\u00e9 par les services postaux. Les risques li\u00e9s au transport sont \u00e0 la charge de l&rsquo;acqu\u00e9reur \u00e0 compter du moment o\u00f9 les articles quittent<br>les locaux de Re.sentir. L\u2019acheteur est tenu de v\u00e9rifier en pr\u00e9sence du pr\u00e9pos\u00e9 de La Poste ou du livreur, l\u2019\u00e9tat de l\u2019emballage de la marchandise et son contenu \u00e0 la livraison. En cas de dommage pendant le transport, toute protestation doit \u00eatre effectu\u00e9e aupr\u00e8s du transporteur dans un d\u00e9lai de trois jours \u00e0 compter de la livraison.<\/p>\n<p><strong>Article 8. Garantie<\/strong><br>Tous les produits fournis par Re.sentir b\u00e9n\u00e9ficient de la garantie l\u00e9gale pr\u00e9vue par les articles 1641 et suivants du Code civil. En cas de non conformit\u00e9 d\u2019un produit vendu, il pourra \u00eatre retourn\u00e9 \u00e0 Re.sentir qui le reprendra, l\u2019\u00e9changera ou le remboursera. Toutes les r\u00e9clamations, demandes d\u2019\u00e9change ou de remboursement doivent s\u2019effectuer par mail (info@re-sentir.be), dans un d\u00e9lai de trente jours apr\u00e8s livraison.<\/p>\n<p><strong>Article 9. Responsabilit\u00e9<\/strong><br>Re.sentir, dans le processus de vente \u00e0 distance, n\u2019est tenu que par une obligation de moyens. Sa responsabilit\u00e9 ne pourra \u00eatre engag\u00e9e pour un dommage r\u00e9sultant de l\u2019utilisation du r\u00e9seau Internet tel que perte de donn\u00e9es, intrusion, virus, rupture du service, ou autres probl\u00e8mes involontaires.<\/p>\n<p><strong>Article 10. Propri\u00e9t\u00e9 intellectuelle<\/strong><br>Tous les \u00e9l\u00e9ments du site www.re-sentir.be sont et restent la propri\u00e9t\u00e9 intellectuelle et exclusive de Re.sentir. Personne n\u2019est autoris\u00e9 \u00e0 reproduire, exploiter, ou utiliser \u00e0 quelque titre que ce soit, m\u00eame partiellement, des \u00e9l\u00e9ments du site qu\u2019ils soient sous forme de photo, logo, visuel ou texte.<\/p>\n<p><strong>Article 11. Donn\u00e9es \u00e0 caract\u00e8re personnel<\/strong><br>Re.sentir s&rsquo;engage \u00e0 pr\u00e9server la confidentialit\u00e9 des informations fournies par l\u2019acheteur, qu&rsquo;il serait amen\u00e9 \u00e0 transmettre pour l&rsquo;utilisation de certains services. &nbsp;L&rsquo;internaute dispose d&rsquo;un droit d&rsquo;acc\u00e8s, de modification et de suppression des informations le concernant. Il peut en faire la demande via le mail info@re-sentir.be. Plus de d\u00e9tails au sujet du&nbsp; RGPD sous l&rsquo;onglet \u00ab\u00a0Protection des donn\u00e9s\u00a0\u00bb.<\/p>\n<p><strong>Article 12. R\u00e8glement des litiges<\/strong><br>Les pr\u00e9sentes conditions de vente \u00e0 distance sont soumises \u00e0 la loi belge. Pour tous litiges ou contentieux, le Tribunal comp\u00e9tent sera celui de Nivelles.<\/p>\t\t\t\t\t\t\t\t<\/div>\n\t\t\t\t<\/div>\n\t\t\t\t<\/div>\n\t\t\t\t<\/div>\n\t\t","protected":false},"excerpt":{"rendered":"<p>Les pr\u00e9sentes conditions de vente sont conclues d\u2019une part par Re.sentir, repr\u00e9sent\u00e9 par Val\u00e9rie Tub\u00e9, personne physique enregistr\u00e9e \u00e0 la BCE, Banque Carrefour des Entreprises, &hellip;<\/p>\n","protected":false},"author":1,"featured_media":0,"parent":0,"menu_order":0,"comment_status":"closed","ping_status":"closed","template":"elementor_theme","meta":{"footnotes":""},"class_list":["post-508","page","type-page","status-publish","hentry"],"yoast_head":"<!-- This site is optimized with the Yoast SEO plugin v25.9 - https:\/\/yoast.com\/wordpress\/plugins\/seo\/ -->\n<title>Re.sentir | Parfums authentiques Bruxelles<\/title>\n<meta name=\"description\" content=\"RE.SENTIR c&#039;est une parfumerie de niche, ind\u00e9pendante et qui invite \u00e0 se r\u00e9approprier les odeurs authentiques de la nature. A ressentir des \u00e9motions oubli\u00e9es. A se faire plaisir tout en prenant soin du monde qui nous entoure.\" \/>\n<meta name=\"robots\" content=\"index, follow, max-snippet:-1, max-image-preview:large, max-video-preview:-1\" \/>\n<link rel=\"canonical\" href=\"https:\/\/re-sentir.be\/?page_id=508\" \/>\n<meta property=\"og:locale\" content=\"fr_FR\" \/>\n<meta property=\"og:type\" content=\"article\" \/>\n<meta property=\"og:title\" content=\"Re.sentir | Parfums authentiques Bruxelles\" \/>\n<meta property=\"og:description\" content=\"RE.SENTIR c&#039;est une parfumerie de niche, ind\u00e9pendante et qui invite \u00e0 se r\u00e9approprier les odeurs authentiques de la nature. A ressentir des \u00e9motions oubli\u00e9es. A se faire plaisir tout en prenant soin du monde qui nous entoure.\" \/>\n<meta property=\"og:url\" content=\"https:\/\/re-sentir.be\/?page_id=508\" \/>\n<meta property=\"og:site_name\" content=\"Re.sentir\" \/>\n<meta property=\"article:modified_time\" content=\"2025-09-24T14:22:59+00:00\" \/>\n<meta name=\"twitter:card\" content=\"summary_large_image\" \/>\n<meta name=\"twitter:label1\" content=\"Dur\u00e9e de lecture est.\" \/>\n\t<meta name=\"twitter:data1\" content=\"7 minutes\" \/>\n<script type=\"application\/ld+json\" class=\"yoast-schema-graph\">{\"@context\":\"https:\/\/schema.org\",\"@graph\":[{\"@type\":\"WebPage\",\"@id\":\"https:\/\/re-sentir.be\/?page_id=508\",\"url\":\"https:\/\/re-sentir.be\/?page_id=508\",\"name\":\"Re.sentir | Parfums authentiques Bruxelles\",\"isPartOf\":{\"@id\":\"https:\/\/re-sentir.be\/#website\"},\"datePublished\":\"2025-04-08T14:23:11+00:00\",\"dateModified\":\"2025-09-24T14:22:59+00:00\",\"description\":\"RE.SENTIR c'est une parfumerie de niche, ind\u00e9pendante et qui invite \u00e0 se r\u00e9approprier les odeurs authentiques de la nature. A ressentir des \u00e9motions oubli\u00e9es. A se faire plaisir tout en prenant soin du monde qui nous entoure.\",\"breadcrumb\":{\"@id\":\"https:\/\/re-sentir.be\/?page_id=508#breadcrumb\"},\"inLanguage\":\"fr-BE\",\"potentialAction\":[{\"@type\":\"ReadAction\",\"target\":[\"https:\/\/re-sentir.be\/?page_id=508\"]}]},{\"@type\":\"BreadcrumbList\",\"@id\":\"https:\/\/re-sentir.be\/?page_id=508#breadcrumb\",\"itemListElement\":[{\"@type\":\"ListItem\",\"position\":1,\"name\":\"Accueil\",\"item\":\"https:\/\/re-sentir.be\/\"},{\"@type\":\"ListItem\",\"position\":2,\"name\":\"Conditions g\u00e9n\u00e9rales de vente\"}]},{\"@type\":\"WebSite\",\"@id\":\"https:\/\/re-sentir.be\/#website\",\"url\":\"https:\/\/re-sentir.be\/\",\"name\":\"Re-Sentir\",\"description\":\"Parfums authentiques\",\"publisher\":{\"@id\":\"https:\/\/re-sentir.be\/#organization\"},\"potentialAction\":[{\"@type\":\"SearchAction\",\"target\":{\"@type\":\"EntryPoint\",\"urlTemplate\":\"https:\/\/re-sentir.be\/?s={search_term_string}\"},\"query-input\":{\"@type\":\"PropertyValueSpecification\",\"valueRequired\":true,\"valueName\":\"search_term_string\"}}],\"inLanguage\":\"fr-BE\"},{\"@type\":\"Organization\",\"@id\":\"https:\/\/re-sentir.be\/#organization\",\"name\":\"Re-Sentir\",\"url\":\"https:\/\/re-sentir.be\/\",\"logo\":{\"@type\":\"ImageObject\",\"inLanguage\":\"fr-BE\",\"@id\":\"https:\/\/re-sentir.be\/#\/schema\/logo\/image\/\",\"url\":\"https:\/\/re-sentir.be\/wp-content\/uploads\/2025\/02\/resentir_logo_100x100_72pp.png\",\"contentUrl\":\"https:\/\/re-sentir.be\/wp-content\/uploads\/2025\/02\/resentir_logo_100x100_72pp.png\",\"width\":44,\"height\":34,\"caption\":\"Re-Sentir\"},\"image\":{\"@id\":\"https:\/\/re-sentir.be\/#\/schema\/logo\/image\/\"}}]}<\/script>\n<!-- \/ Yoast SEO plugin. -->","yoast_head_json":{"title":"Re.sentir | Parfums authentiques Bruxelles","description":"RE.SENTIR c'est une parfumerie de niche, ind\u00e9pendante et qui invite \u00e0 se r\u00e9approprier les odeurs authentiques de la nature. A ressentir des \u00e9motions oubli\u00e9es. A se faire plaisir tout en prenant soin du monde qui nous entoure.","robots":{"index":"index","follow":"follow","max-snippet":"max-snippet:-1","max-image-preview":"max-image-preview:large","max-video-preview":"max-video-preview:-1"},"canonical":"https:\/\/re-sentir.be\/?page_id=508","og_locale":"fr_FR","og_type":"article","og_title":"Re.sentir | Parfums authentiques Bruxelles","og_description":"RE.SENTIR c'est une parfumerie de niche, ind\u00e9pendante et qui invite \u00e0 se r\u00e9approprier les odeurs authentiques de la nature. A ressentir des \u00e9motions oubli\u00e9es. A se faire plaisir tout en prenant soin du monde qui nous entoure.","og_url":"https:\/\/re-sentir.be\/?page_id=508","og_site_name":"Re.sentir","article_modified_time":"2025-09-24T14:22:59+00:00","twitter_card":"summary_large_image","twitter_misc":{"Dur\u00e9e de lecture est.":"7 minutes"},"schema":{"@context":"https:\/\/schema.org","@graph":[{"@type":"WebPage","@id":"https:\/\/re-sentir.be\/?page_id=508","url":"https:\/\/re-sentir.be\/?page_id=508","name":"Re.sentir | Parfums authentiques Bruxelles","isPartOf":{"@id":"https:\/\/re-sentir.be\/#website"},"datePublished":"2025-04-08T14:23:11+00:00","dateModified":"2025-09-24T14:22:59+00:00","description":"RE.SENTIR c'est une parfumerie de niche, ind\u00e9pendante et qui invite \u00e0 se r\u00e9approprier les odeurs authentiques de la nature. A ressentir des \u00e9motions oubli\u00e9es. A se faire plaisir tout en prenant soin du monde qui nous entoure.","breadcrumb":{"@id":"https:\/\/re-sentir.be\/?page_id=508#breadcrumb"},"inLanguage":"fr-BE","potentialAction":[{"@type":"ReadAction","target":["https:\/\/re-sentir.be\/?page_id=508"]}]},{"@type":"BreadcrumbList","@id":"https:\/\/re-sentir.be\/?page_id=508#breadcrumb","itemListElement":[{"@type":"ListItem","position":1,"name":"Accueil","item":"https:\/\/re-sentir.be\/"},{"@type":"ListItem","position":2,"name":"Conditions g\u00e9n\u00e9rales de vente"}]},{"@type":"WebSite","@id":"https:\/\/re-sentir.be\/#website","url":"https:\/\/re-sentir.be\/","name":"Re-Sentir","description":"Parfums authentiques","publisher":{"@id":"https:\/\/re-sentir.be\/#organization"},"potentialAction":[{"@type":"SearchAction","target":{"@type":"EntryPoint","urlTemplate":"https:\/\/re-sentir.be\/?s={search_term_string}"},"query-input":{"@type":"PropertyValueSpecification","valueRequired":true,"valueName":"search_term_string"}}],"inLanguage":"fr-BE"},{"@type":"Organization","@id":"https:\/\/re-sentir.be\/#organization","name":"Re-Sentir","url":"https:\/\/re-sentir.be\/","logo":{"@type":"ImageObject","inLanguage":"fr-BE","@id":"https:\/\/re-sentir.be\/#\/schema\/logo\/image\/","url":"https:\/\/re-sentir.be\/wp-content\/uploads\/2025\/02\/resentir_logo_100x100_72pp.png","contentUrl":"https:\/\/re-sentir.be\/wp-content\/uploads\/2025\/02\/resentir_logo_100x100_72pp.png","width":44,"height":34,"caption":"Re-Sentir"},"image":{"@id":"https:\/\/re-sentir.be\/#\/schema\/logo\/image\/"}}]}},"_links":{"self":[{"href":"https:\/\/re-sentir.be\/index.php?rest_route=\/wp\/v2\/pages\/508","targetHints":{"allow":["GET"]}}],"collection":[{"href":"https:\/\/re-sentir.be\/index.php?rest_route=\/wp\/v2\/pages"}],"about":[{"href":"https:\/\/re-sentir.be\/index.php?rest_route=\/wp\/v2\/types\/page"}],"author":[{"embeddable":true,"href":"https:\/\/re-sentir.be\/index.php?rest_route=\/wp\/v2\/users\/1"}],"replies":[{"embeddable":true,"href":"https:\/\/re-sentir.be\/index.php?rest_route=%2Fwp%2Fv2%2Fcomments&post=508"}],"version-history":[{"count":34,"href":"https:\/\/re-sentir.be\/index.php?rest_route=\/wp\/v2\/pages\/508\/revisions"}],"predecessor-version":[{"id":1868,"href":"https:\/\/re-sentir.be\/index.php?rest_route=\/wp\/v2\/pages\/508\/revisions\/1868"}],"wp:attachment":[{"href":"https:\/\/re-sentir.be\/index.php?rest_route=%2Fwp%2Fv2%2Fmedia&parent=508"}],"curies":[{"name":"wp","href":"https:\/\/api.w.org\/{rel}","templated":true}]}}