{"id":528,"date":"2025-04-08T17:08:41","date_gmt":"2025-04-08T15:08:41","guid":{"rendered":"https:\/\/re-sentir.be\/?page_id=528"},"modified":"2025-10-16T15:25:57","modified_gmt":"2025-10-16T13:25:57","slug":"ou-nous-trouver-2","status":"publish","type":"page","link":"https:\/\/re-sentir.be\/?page_id=528","title":{"rendered":"Points de vente"},"content":{"rendered":"\t\t<div data-elementor-type=\"wp-page\" data-elementor-id=\"528\" class=\"elementor elementor-528\">\n\t\t\t\t<div class=\"elementor-element elementor-element-19a0398 e-flex e-con-boxed e-con e-parent\" data-id=\"19a0398\" data-element_type=\"container\">\n\t\t\t\t\t<div class=\"e-con-inner\">\n\t\t\t\t<div class=\"elementor-element elementor-element-6b5de64 elementor-widget elementor-widget-text-editor\" data-id=\"6b5de64\" data-element_type=\"widget\" data-widget_type=\"text-editor.default\">\n\t\t\t\t<div class=\"elementor-widget-container\">\n\t\t\t\t\t\t\t\t\t<p style=\"text-align: center;\"><span style=\"color: #333333;\">VOICI LES DIFFERENTS POINTS DE VENTE DANS LESQUELS VOUS POURREZ RETROUVER NOTRE GAMME :<\/span><\/p>\t\t\t\t\t\t\t\t<\/div>\n\t\t\t\t<\/div>\n\t\t\t\t\t<\/div>\n\t\t\t\t<\/div>\n\t\t<div class=\"elementor-element elementor-element-400ab57 e-flex e-con-boxed e-con e-parent\" data-id=\"400ab57\" data-element_type=\"container\">\n\t\t\t\t\t<div class=\"e-con-inner\">\n\t\t<div class=\"elementor-element elementor-element-e19fc60 e-con-full e-flex e-con e-child\" data-id=\"e19fc60\" data-element_type=\"container\">\n\t\t\t\t<div class=\"elementor-element elementor-element-e182482 elementor-widget elementor-widget-text-editor\" data-id=\"e182482\" data-element_type=\"widget\" data-widget_type=\"text-editor.default\">\n\t\t\t\t<div class=\"elementor-widget-container\">\n\t\t\t\t\t\t\t\t\t<p style=\"text-align: center;\"><a href=\"https:\/\/www.couleurs-sud.eu\/\" target=\"_blank\" rel=\"noopener\"><strong>Couleurs Sud<\/strong><\/a><\/p><p style=\"text-align: center;\">Rue Emile Henricot 62, \u00e0 Court-Saint-Etienne.<\/p>\t\t\t\t\t\t\t\t<\/div>\n\t\t\t\t<\/div>\n\t\t\t\t<\/div>\n\t\t<div class=\"elementor-element elementor-element-bdc8763 e-con-full e-flex e-con e-child\" data-id=\"bdc8763\" data-element_type=\"container\">\n\t\t\t\t<div class=\"elementor-element elementor-element-64fee2e elementor-widget elementor-widget-text-editor\" data-id=\"64fee2e\" data-element_type=\"widget\" data-widget_type=\"text-editor.default\">\n\t\t\t\t<div class=\"elementor-widget-container\">\n\t\t\t\t\t\t\t\t\t<p style=\"text-align: center;\"><strong><a href=\"https:\/\/green-peas.be\/\" target=\"_blank\" rel=\"noopener\">Green Peas<\/a><\/strong><\/p><p style=\"text-align: center;\">Avenue des M\u00e9tallurgistes 7, \u00e0 Court-Saint-Etienne.<\/p>\t\t\t\t\t\t\t\t<\/div>\n\t\t\t\t<\/div>\n\t\t\t\t<\/div>\n\t\t<div class=\"elementor-element elementor-element-e2a5897 e-con-full e-flex e-con e-child\" data-id=\"e2a5897\" data-element_type=\"container\">\n\t\t\t\t<div class=\"elementor-element elementor-element-16b1021 elementor-widget elementor-widget-text-editor\" data-id=\"16b1021\" data-element_type=\"widget\" data-widget_type=\"text-editor.default\">\n\t\t\t\t<div class=\"elementor-widget-container\">\n\t\t\t\t\t\t\t\t\t<p style=\"text-align: center;\"><a href=\"https:\/\/www.autre-chose.be\/\" target=\"_blank\" rel=\"noopener\"><strong>Autre Chose<\/strong><\/a><\/p><p style=\"text-align: center;\">Avenue JFKennedy 1\/11, \u00e0 Rixensart.<\/p>\t\t\t\t\t\t\t\t<\/div>\n\t\t\t\t<\/div>\n\t\t\t\t<\/div>\n\t\t<div class=\"elementor-element elementor-element-b61cd1d e-con-full e-flex e-con e-child\" data-id=\"b61cd1d\" data-element_type=\"container\">\n\t\t\t\t<div class=\"elementor-element elementor-element-c54b712 elementor-widget elementor-widget-text-editor\" data-id=\"c54b712\" data-element_type=\"widget\" data-widget_type=\"text-editor.default\">\n\t\t\t\t<div class=\"elementor-widget-container\">\n\t\t\t\t\t\t\t\t\t<p style=\"text-align: center;\"><a href=\"https:\/\/www.epicerie-alterrenative.be\/\" target=\"_blank\" rel=\"noopener\"><strong>Al-Terre-Native<\/strong><\/a><\/p><p>Chauss\u00e9e de Charleroi 17, \u00e0 Sombreffe.<\/p>\t\t\t\t\t\t\t\t<\/div>\n\t\t\t\t<\/div>\n\t\t\t\t<\/div>\n\t\t<div class=\"elementor-element elementor-element-cdd0893 e-con-full e-flex e-con e-child\" data-id=\"cdd0893\" data-element_type=\"container\">\n\t\t\t\t<div class=\"elementor-element elementor-element-ae4088c elementor-widget elementor-widget-text-editor\" data-id=\"ae4088c\" data-element_type=\"widget\" data-widget_type=\"text-editor.default\">\n\t\t\t\t<div class=\"elementor-widget-container\">\n\t\t\t\t\t\t\t\t\t<p style=\"text-align: center;\"><a href=\"https:\/\/www.croquezlocal.com\/\" target=\"_blank\" rel=\"noopener\"><strong>Croquez Local<\/strong><\/a><\/p><p style=\"text-align: center;\">Chauss\u00e9e de Douai 90, \u00e0 Tournai<\/p>\t\t\t\t\t\t\t\t<\/div>\n\t\t\t\t<\/div>\n\t\t\t\t<\/div>\n\t\t<div class=\"elementor-element elementor-element-a63843b e-con-full e-flex e-con e-child\" data-id=\"a63843b\" data-element_type=\"container\">\n\t\t\t\t<div class=\"elementor-element elementor-element-fb2e574 elementor-widget elementor-widget-text-editor\" data-id=\"fb2e574\" data-element_type=\"widget\" data-widget_type=\"text-editor.default\">\n\t\t\t\t<div class=\"elementor-widget-container\">\n\t\t\t\t\t\t\t\t\t<p style=\"text-align: center;\"><a href=\"https:\/\/www.atomeboutique.be\/\" target=\"_blank\" rel=\"noopener\"><strong>Atome Boutique<\/strong><\/a><\/p><p style=\"text-align: center;\">Quai Saint-Jacques 9, \u00e0 Ath<\/p>\t\t\t\t\t\t\t\t<\/div>\n\t\t\t\t<\/div>\n\t\t\t\t<\/div>\n\t\t\t\t\t<\/div>\n\t\t\t\t<\/div>\n\t\t<div class=\"elementor-element elementor-element-672b5b0 e-flex e-con-boxed e-con e-parent\" data-id=\"672b5b0\" data-element_type=\"container\">\n\t\t\t\t\t<div class=\"e-con-inner\">\n\t\t<div class=\"elementor-element elementor-element-3e0f57c e-con-full e-flex e-con e-child\" data-id=\"3e0f57c\" data-element_type=\"container\">\n\t\t\t\t<div class=\"elementor-element elementor-element-8d4e2c3 elementor-widget elementor-widget-text-editor\" data-id=\"8d4e2c3\" data-element_type=\"widget\" data-widget_type=\"text-editor.default\">\n\t\t\t\t<div class=\"elementor-widget-container\">\n\t\t\t\t\t\t\t\t\t<p style=\"text-align: center;\"><strong><a href=\"https:\/\/makesenz.be\/\" target=\"_blank\" rel=\"noopener\">MakeSenz<\/a><\/strong><\/p><p style=\"text-align: center;\">Rue Simonis 60, \u00e0 1050 Ixelles<\/p>\t\t\t\t\t\t\t\t<\/div>\n\t\t\t\t<\/div>\n\t\t\t\t<\/div>\n\t\t<div class=\"elementor-element elementor-element-e533417 e-con-full e-flex e-con e-child\" data-id=\"e533417\" data-element_type=\"container\">\n\t\t\t\t<\/div>\n\t\t<div class=\"elementor-element elementor-element-e14c307 e-con-full e-flex e-con e-child\" data-id=\"e14c307\" data-element_type=\"container\">\n\t\t\t\t<\/div>\n\t\t<div class=\"elementor-element elementor-element-c040dd8 e-con-full e-flex e-con e-child\" data-id=\"c040dd8\" data-element_type=\"container\">\n\t\t\t\t<\/div>\n\t\t<div class=\"elementor-element elementor-element-f2e3d1a e-con-full e-flex e-con e-child\" data-id=\"f2e3d1a\" data-element_type=\"container\">\n\t\t\t\t<\/div>\n\t\t<div class=\"elementor-element elementor-element-ecc73db e-con-full e-flex e-con e-child\" data-id=\"ecc73db\" data-element_type=\"container\">\n\t\t\t\t<\/div>\n\t\t\t\t\t<\/div>\n\t\t\t\t<\/div>\n\t\t<div class=\"elementor-element elementor-element-0a4aa24 e-flex e-con-boxed e-con e-parent\" data-id=\"0a4aa24\" data-element_type=\"container\">\n\t\t\t\t\t<div class=\"e-con-inner\">\n\t\t\t\t<div class=\"elementor-element elementor-element-3b484f7 elementor-widget elementor-widget-text-editor\" data-id=\"3b484f7\" data-element_type=\"widget\" data-widget_type=\"text-editor.default\">\n\t\t\t\t<div class=\"elementor-widget-container\">\n\t\t\t\t\t\t\t\t\t<p style=\"text-align: center;\"><span style=\"color: #333333;\">NOUS AURONS EGALEMENT LE PLAISIR DE VOUS FAIRE DECOUVRIR NOTRE GAMME LORS DE EVENEMENTS SUIVANTS :<\/span><\/p><ul><li><a href=\"https:\/\/www.olln.be\/fr\/agenda\/fete-de-la-pomme?u=0ad0194d7010482da91fb568d41b5264\" target=\"_blank\" rel=\"noopener\">FETE DE LA POMME<\/a> : dimanche 19 octobre de 10h \u00e0 17h sur la place de C\u00e9roux<\/li><li><a href=\"https:\/\/www.itssogood.be\/nos-salons\/salon-de-la-femme\/\" target=\"_blank\" rel=\"noopener\">SALON DE LA FEMME<\/a> : les 8 et 9 novembre de 10h \u00e0 18h, au ch\u00e2teau-ferme de Profondval, \u00e0 Court-Saint-Etienne<\/li><li><a href=\"https:\/\/marchedenoelixelles.be\/\" target=\"_blank\" rel=\"noopener\">MARCHE DE NOEL D&rsquo;IXELLES<\/a> :\u00a0 le vendredi 28\/11 (12h30-22h), le samedi 29\/11 (10h-21h) et le dimanche 30\/11 (10h-19h), sur la place Flagey, sous chapiteau.<\/li><li><a href=\"https:\/\/www.louvainlaneige.be\/\" target=\"_blank\" rel=\"noopener\">LOUVAIN-LA-NEIGE<\/a> : Du 01 au 04 d\u00e9cembre (11h30 &#8211; 21h) et du 15 au 16 d\u00e9cembre (11h30-21h) &#8211; Village de No\u00ebl<\/li><li><a href=\"https:\/\/www.facebook.com\/groups\/798229201438453\/\" target=\"_blank\" rel=\"noopener\">LES HIVERNALES DE GEMBLOUX<\/a> : vendredi 05\/12 (17h-20h), samedi 06\/12 et dimanche 07\/12 (11h-20h)<\/li><li><a href=\"https:\/\/www.lasne.be\/ma-commune\/services-communaux\/culture\/evenement\/marche-de-noel\" target=\"_blank\" rel=\"noopener\">MARCHE DE NOEL DE LASNE<\/a> : jeudi 11\/12 et vendredi 12\/12\u00a0 (17h-22h), samedi 13\/12 (14h-21h)<\/li><li><a href=\"https:\/\/www.archeosexpo.be\/noel-enghien-2025\/\" target=\"_blank\" rel=\"noopener\">MARCHE DE NOEL DU PARC DU CHATEAU D&rsquo;ENGHIEN<\/a> : vendredi 19\/12 (16h-22h), samedi 20\/12 (12h-22h) et dimanche 21\/12 (10h30 &#8211; 19h)<\/li><\/ul>\t\t\t\t\t\t\t\t<\/div>\n\t\t\t\t<\/div>\n\t\t\t\t\t<\/div>\n\t\t\t\t<\/div>\n\t\t\t\t<\/div>\n\t\t","protected":false},"excerpt":{"rendered":"<p>VOICI LES DIFFERENTS POINTS DE VENTE DANS LESQUELS VOUS POURREZ RETROUVER NOTRE GAMME : Couleurs Sud Rue Emile Henricot 62, \u00e0 Court-Saint-Etienne. Green Peas Avenue &hellip;<\/p>\n","protected":false},"author":1,"featured_media":0,"parent":0,"menu_order":0,"comment_status":"closed","ping_status":"closed","template":"elementor_theme","meta":{"footnotes":""},"class_list":["post-528","page","type-page","status-publish","hentry"],"yoast_head":"<!-- This site is optimized with the Yoast SEO plugin v25.9 - https:\/\/yoast.com\/wordpress\/plugins\/seo\/ -->\n<title>Re.sentir | Parfums authentiques Bruxelles<\/title>\n<meta name=\"description\" content=\"RE.SENTIR c&#039;est une parfumerie de niche, ind\u00e9pendante et qui invite \u00e0 se r\u00e9approprier les odeurs authentiques de la nature. A ressentir des \u00e9motions oubli\u00e9es. A se faire plaisir tout en prenant soin du monde qui nous entoure.\" \/>\n<meta name=\"robots\" content=\"index, follow, max-snippet:-1, max-image-preview:large, max-video-preview:-1\" \/>\n<link rel=\"canonical\" href=\"https:\/\/re-sentir.be\/?page_id=528\" \/>\n<meta property=\"og:locale\" content=\"fr_FR\" \/>\n<meta property=\"og:type\" content=\"article\" \/>\n<meta property=\"og:title\" content=\"Re.sentir | Parfums authentiques Bruxelles\" \/>\n<meta property=\"og:description\" content=\"RE.SENTIR c&#039;est une parfumerie de niche, ind\u00e9pendante et qui invite \u00e0 se r\u00e9approprier les odeurs authentiques de la nature. A ressentir des \u00e9motions oubli\u00e9es. A se faire plaisir tout en prenant soin du monde qui nous entoure.\" \/>\n<meta property=\"og:url\" content=\"https:\/\/re-sentir.be\/?page_id=528\" \/>\n<meta property=\"og:site_name\" content=\"Re.sentir\" \/>\n<meta property=\"article:modified_time\" content=\"2025-10-16T13:25:57+00:00\" \/>\n<meta name=\"twitter:card\" content=\"summary_large_image\" \/>\n<meta name=\"twitter:label1\" content=\"Dur\u00e9e de lecture est.\" \/>\n\t<meta name=\"twitter:data1\" content=\"2 minutes\" \/>\n<script type=\"application\/ld+json\" class=\"yoast-schema-graph\">{\"@context\":\"https:\/\/schema.org\",\"@graph\":[{\"@type\":\"WebPage\",\"@id\":\"https:\/\/re-sentir.be\/?page_id=528\",\"url\":\"https:\/\/re-sentir.be\/?page_id=528\",\"name\":\"Re.sentir | Parfums authentiques Bruxelles\",\"isPartOf\":{\"@id\":\"https:\/\/re-sentir.be\/#website\"},\"datePublished\":\"2025-04-08T15:08:41+00:00\",\"dateModified\":\"2025-10-16T13:25:57+00:00\",\"description\":\"RE.SENTIR c'est une parfumerie de niche, ind\u00e9pendante et qui invite \u00e0 se r\u00e9approprier les odeurs authentiques de la nature. A ressentir des \u00e9motions oubli\u00e9es. A se faire plaisir tout en prenant soin du monde qui nous entoure.\",\"breadcrumb\":{\"@id\":\"https:\/\/re-sentir.be\/?page_id=528#breadcrumb\"},\"inLanguage\":\"fr-BE\",\"potentialAction\":[{\"@type\":\"ReadAction\",\"target\":[\"https:\/\/re-sentir.be\/?page_id=528\"]}]},{\"@type\":\"BreadcrumbList\",\"@id\":\"https:\/\/re-sentir.be\/?page_id=528#breadcrumb\",\"itemListElement\":[{\"@type\":\"ListItem\",\"position\":1,\"name\":\"Accueil\",\"item\":\"https:\/\/re-sentir.be\/\"},{\"@type\":\"ListItem\",\"position\":2,\"name\":\"Points de vente\"}]},{\"@type\":\"WebSite\",\"@id\":\"https:\/\/re-sentir.be\/#website\",\"url\":\"https:\/\/re-sentir.be\/\",\"name\":\"Re-Sentir\",\"description\":\"Parfums authentiques\",\"publisher\":{\"@id\":\"https:\/\/re-sentir.be\/#organization\"},\"potentialAction\":[{\"@type\":\"SearchAction\",\"target\":{\"@type\":\"EntryPoint\",\"urlTemplate\":\"https:\/\/re-sentir.be\/?s={search_term_string}\"},\"query-input\":{\"@type\":\"PropertyValueSpecification\",\"valueRequired\":true,\"valueName\":\"search_term_string\"}}],\"inLanguage\":\"fr-BE\"},{\"@type\":\"Organization\",\"@id\":\"https:\/\/re-sentir.be\/#organization\",\"name\":\"Re-Sentir\",\"url\":\"https:\/\/re-sentir.be\/\",\"logo\":{\"@type\":\"ImageObject\",\"inLanguage\":\"fr-BE\",\"@id\":\"https:\/\/re-sentir.be\/#\/schema\/logo\/image\/\",\"url\":\"https:\/\/re-sentir.be\/wp-content\/uploads\/2025\/02\/resentir_logo_100x100_72pp.png\",\"contentUrl\":\"https:\/\/re-sentir.be\/wp-content\/uploads\/2025\/02\/resentir_logo_100x100_72pp.png\",\"width\":44,\"height\":34,\"caption\":\"Re-Sentir\"},\"image\":{\"@id\":\"https:\/\/re-sentir.be\/#\/schema\/logo\/image\/\"}}]}<\/script>\n<!-- \/ Yoast SEO plugin. -->","yoast_head_json":{"title":"Re.sentir | Parfums authentiques Bruxelles","description":"RE.SENTIR c'est une parfumerie de niche, ind\u00e9pendante et qui invite \u00e0 se r\u00e9approprier les odeurs authentiques de la nature. A ressentir des \u00e9motions oubli\u00e9es. A se faire plaisir tout en prenant soin du monde qui nous entoure.","robots":{"index":"index","follow":"follow","max-snippet":"max-snippet:-1","max-image-preview":"max-image-preview:large","max-video-preview":"max-video-preview:-1"},"canonical":"https:\/\/re-sentir.be\/?page_id=528","og_locale":"fr_FR","og_type":"article","og_title":"Re.sentir | Parfums authentiques Bruxelles","og_description":"RE.SENTIR c'est une parfumerie de niche, ind\u00e9pendante et qui invite \u00e0 se r\u00e9approprier les odeurs authentiques de la nature. A ressentir des \u00e9motions oubli\u00e9es. A se faire plaisir tout en prenant soin du monde qui nous entoure.","og_url":"https:\/\/re-sentir.be\/?page_id=528","og_site_name":"Re.sentir","article_modified_time":"2025-10-16T13:25:57+00:00","twitter_card":"summary_large_image","twitter_misc":{"Dur\u00e9e de lecture est.":"2 minutes"},"schema":{"@context":"https:\/\/schema.org","@graph":[{"@type":"WebPage","@id":"https:\/\/re-sentir.be\/?page_id=528","url":"https:\/\/re-sentir.be\/?page_id=528","name":"Re.sentir | Parfums authentiques Bruxelles","isPartOf":{"@id":"https:\/\/re-sentir.be\/#website"},"datePublished":"2025-04-08T15:08:41+00:00","dateModified":"2025-10-16T13:25:57+00:00","description":"RE.SENTIR c'est une parfumerie de niche, ind\u00e9pendante et qui invite \u00e0 se r\u00e9approprier les odeurs authentiques de la nature. A ressentir des \u00e9motions oubli\u00e9es. A se faire plaisir tout en prenant soin du monde qui nous entoure.","breadcrumb":{"@id":"https:\/\/re-sentir.be\/?page_id=528#breadcrumb"},"inLanguage":"fr-BE","potentialAction":[{"@type":"ReadAction","target":["https:\/\/re-sentir.be\/?page_id=528"]}]},{"@type":"BreadcrumbList","@id":"https:\/\/re-sentir.be\/?page_id=528#breadcrumb","itemListElement":[{"@type":"ListItem","position":1,"name":"Accueil","item":"https:\/\/re-sentir.be\/"},{"@type":"ListItem","position":2,"name":"Points de vente"}]},{"@type":"WebSite","@id":"https:\/\/re-sentir.be\/#website","url":"https:\/\/re-sentir.be\/","name":"Re-Sentir","description":"Parfums authentiques","publisher":{"@id":"https:\/\/re-sentir.be\/#organization"},"potentialAction":[{"@type":"SearchAction","target":{"@type":"EntryPoint","urlTemplate":"https:\/\/re-sentir.be\/?s={search_term_string}"},"query-input":{"@type":"PropertyValueSpecification","valueRequired":true,"valueName":"search_term_string"}}],"inLanguage":"fr-BE"},{"@type":"Organization","@id":"https:\/\/re-sentir.be\/#organization","name":"Re-Sentir","url":"https:\/\/re-sentir.be\/","logo":{"@type":"ImageObject","inLanguage":"fr-BE","@id":"https:\/\/re-sentir.be\/#\/schema\/logo\/image\/","url":"https:\/\/re-sentir.be\/wp-content\/uploads\/2025\/02\/resentir_logo_100x100_72pp.png","contentUrl":"https:\/\/re-sentir.be\/wp-content\/uploads\/2025\/02\/resentir_logo_100x100_72pp.png","width":44,"height":34,"caption":"Re-Sentir"},"image":{"@id":"https:\/\/re-sentir.be\/#\/schema\/logo\/image\/"}}]}},"_links":{"self":[{"href":"https:\/\/re-sentir.be\/index.php?rest_route=\/wp\/v2\/pages\/528","targetHints":{"allow":["GET"]}}],"collection":[{"href":"https:\/\/re-sentir.be\/index.php?rest_route=\/wp\/v2\/pages"}],"about":[{"href":"https:\/\/re-sentir.be\/index.php?rest_route=\/wp\/v2\/types\/page"}],"author":[{"embeddable":true,"href":"https:\/\/re-sentir.be\/index.php?rest_route=\/wp\/v2\/users\/1"}],"replies":[{"embeddable":true,"href":"https:\/\/re-sentir.be\/index.php?rest_route=%2Fwp%2Fv2%2Fcomments&post=528"}],"version-history":[{"count":47,"href":"https:\/\/re-sentir.be\/index.php?rest_route=\/wp\/v2\/pages\/528\/revisions"}],"predecessor-version":[{"id":1899,"href":"https:\/\/re-sentir.be\/index.php?rest_route=\/wp\/v2\/pages\/528\/revisions\/1899"}],"wp:attachment":[{"href":"https:\/\/re-sentir.be\/index.php?rest_route=%2Fwp%2Fv2%2Fmedia&parent=528"}],"curies":[{"name":"wp","href":"https:\/\/api.w.org\/{rel}","templated":true}]}}