{"id":579,"date":"2025-05-12T14:29:55","date_gmt":"2025-05-12T12:29:55","guid":{"rendered":"https:\/\/re-sentir.be\/?page_id=579"},"modified":"2025-09-16T14:49:29","modified_gmt":"2025-09-16T12:49:29","slug":"livraisons","status":"publish","type":"page","link":"https:\/\/re-sentir.be\/?page_id=579","title":{"rendered":"Livraisons"},"content":{"rendered":"\t\t<div data-elementor-type=\"wp-page\" data-elementor-id=\"579\" class=\"elementor elementor-579\">\n\t\t\t\t<div class=\"elementor-element elementor-element-8b58bef e-flex e-con-boxed e-con e-parent\" data-id=\"8b58bef\" data-element_type=\"container\">\n\t\t\t\t\t<div class=\"e-con-inner\">\n\t\t\t\t<div class=\"elementor-element elementor-element-f779c02 elementor-widget elementor-widget-text-editor\" data-id=\"f779c02\" data-element_type=\"widget\" data-widget_type=\"text-editor.default\">\n\t\t\t\t<div class=\"elementor-widget-container\">\n\t\t\t\t\t\t\t\t\t<p>Les livraisons sont possibles en Belgique, vers la France et le Luxembourg. Elle s&rsquo;effectuent par la poste. Les frais de livraison sont mentionn\u00e9s lors de la commande sur la boutique en ligne.<\/p><p>Si vous souhaitez \u00eatre livr\u00e9 dans un autre pays, veuillez nous contacter par mail \u00e0 info@re-sentir.be.\u00a0<\/p>\t\t\t\t\t\t\t\t<\/div>\n\t\t\t\t<\/div>\n\t\t\t\t\t<\/div>\n\t\t\t\t<\/div>\n\t\t\t\t<\/div>\n\t\t","protected":false},"excerpt":{"rendered":"<p>Les livraisons sont possibles en Belgique, vers la France et le Luxembourg. Elle s&rsquo;effectuent par la poste. Les frais de livraison sont mentionn\u00e9s lors de &hellip;<\/p>\n","protected":false},"author":1,"featured_media":0,"parent":0,"menu_order":0,"comment_status":"closed","ping_status":"closed","template":"elementor_theme","meta":{"footnotes":""},"class_list":["post-579","page","type-page","status-publish","hentry"],"yoast_head":"<!-- This site is optimized with the Yoast SEO plugin v25.9 - https:\/\/yoast.com\/wordpress\/plugins\/seo\/ -->\n<title>Re.sentir | Parfums authentiques Bruxelles<\/title>\n<meta name=\"description\" content=\"RE.SENTIR c&#039;est une parfumerie de niche, ind\u00e9pendante et qui invite \u00e0 se r\u00e9approprier les odeurs authentiques de la nature. A ressentir des \u00e9motions oubli\u00e9es. A se faire plaisir tout en prenant soin du monde qui nous entoure.\" \/>\n<meta name=\"robots\" content=\"index, follow, max-snippet:-1, max-image-preview:large, max-video-preview:-1\" \/>\n<link rel=\"canonical\" href=\"https:\/\/re-sentir.be\/?page_id=579\" \/>\n<meta property=\"og:locale\" content=\"fr_FR\" \/>\n<meta property=\"og:type\" content=\"article\" \/>\n<meta property=\"og:title\" content=\"Re.sentir | Parfums authentiques Bruxelles\" \/>\n<meta property=\"og:description\" content=\"RE.SENTIR c&#039;est une parfumerie de niche, ind\u00e9pendante et qui invite \u00e0 se r\u00e9approprier les odeurs authentiques de la nature. A ressentir des \u00e9motions oubli\u00e9es. A se faire plaisir tout en prenant soin du monde qui nous entoure.\" \/>\n<meta property=\"og:url\" content=\"https:\/\/re-sentir.be\/?page_id=579\" \/>\n<meta property=\"og:site_name\" content=\"Re.sentir\" \/>\n<meta property=\"article:modified_time\" content=\"2025-09-16T12:49:29+00:00\" \/>\n<meta name=\"twitter:card\" content=\"summary_large_image\" \/>\n<meta name=\"twitter:label1\" content=\"Dur\u00e9e de lecture est.\" \/>\n\t<meta name=\"twitter:data1\" content=\"1 minute\" \/>\n<script type=\"application\/ld+json\" class=\"yoast-schema-graph\">{\"@context\":\"https:\/\/schema.org\",\"@graph\":[{\"@type\":\"WebPage\",\"@id\":\"https:\/\/re-sentir.be\/?page_id=579\",\"url\":\"https:\/\/re-sentir.be\/?page_id=579\",\"name\":\"Re.sentir | Parfums authentiques Bruxelles\",\"isPartOf\":{\"@id\":\"https:\/\/re-sentir.be\/#website\"},\"datePublished\":\"2025-05-12T12:29:55+00:00\",\"dateModified\":\"2025-09-16T12:49:29+00:00\",\"description\":\"RE.SENTIR c'est une parfumerie de niche, ind\u00e9pendante et qui invite \u00e0 se r\u00e9approprier les odeurs authentiques de la nature. A ressentir des \u00e9motions oubli\u00e9es. A se faire plaisir tout en prenant soin du monde qui nous entoure.\",\"breadcrumb\":{\"@id\":\"https:\/\/re-sentir.be\/?page_id=579#breadcrumb\"},\"inLanguage\":\"fr-BE\",\"potentialAction\":[{\"@type\":\"ReadAction\",\"target\":[\"https:\/\/re-sentir.be\/?page_id=579\"]}]},{\"@type\":\"BreadcrumbList\",\"@id\":\"https:\/\/re-sentir.be\/?page_id=579#breadcrumb\",\"itemListElement\":[{\"@type\":\"ListItem\",\"position\":1,\"name\":\"Accueil\",\"item\":\"https:\/\/re-sentir.be\/\"},{\"@type\":\"ListItem\",\"position\":2,\"name\":\"Livraisons\"}]},{\"@type\":\"WebSite\",\"@id\":\"https:\/\/re-sentir.be\/#website\",\"url\":\"https:\/\/re-sentir.be\/\",\"name\":\"Re-Sentir\",\"description\":\"Parfums authentiques\",\"publisher\":{\"@id\":\"https:\/\/re-sentir.be\/#organization\"},\"potentialAction\":[{\"@type\":\"SearchAction\",\"target\":{\"@type\":\"EntryPoint\",\"urlTemplate\":\"https:\/\/re-sentir.be\/?s={search_term_string}\"},\"query-input\":{\"@type\":\"PropertyValueSpecification\",\"valueRequired\":true,\"valueName\":\"search_term_string\"}}],\"inLanguage\":\"fr-BE\"},{\"@type\":\"Organization\",\"@id\":\"https:\/\/re-sentir.be\/#organization\",\"name\":\"Re-Sentir\",\"url\":\"https:\/\/re-sentir.be\/\",\"logo\":{\"@type\":\"ImageObject\",\"inLanguage\":\"fr-BE\",\"@id\":\"https:\/\/re-sentir.be\/#\/schema\/logo\/image\/\",\"url\":\"https:\/\/re-sentir.be\/wp-content\/uploads\/2025\/02\/resentir_logo_100x100_72pp.png\",\"contentUrl\":\"https:\/\/re-sentir.be\/wp-content\/uploads\/2025\/02\/resentir_logo_100x100_72pp.png\",\"width\":44,\"height\":34,\"caption\":\"Re-Sentir\"},\"image\":{\"@id\":\"https:\/\/re-sentir.be\/#\/schema\/logo\/image\/\"}}]}<\/script>\n<!-- \/ Yoast SEO plugin. -->","yoast_head_json":{"title":"Re.sentir | Parfums authentiques Bruxelles","description":"RE.SENTIR c'est une parfumerie de niche, ind\u00e9pendante et qui invite \u00e0 se r\u00e9approprier les odeurs authentiques de la nature. A ressentir des \u00e9motions oubli\u00e9es. A se faire plaisir tout en prenant soin du monde qui nous entoure.","robots":{"index":"index","follow":"follow","max-snippet":"max-snippet:-1","max-image-preview":"max-image-preview:large","max-video-preview":"max-video-preview:-1"},"canonical":"https:\/\/re-sentir.be\/?page_id=579","og_locale":"fr_FR","og_type":"article","og_title":"Re.sentir | Parfums authentiques Bruxelles","og_description":"RE.SENTIR c'est une parfumerie de niche, ind\u00e9pendante et qui invite \u00e0 se r\u00e9approprier les odeurs authentiques de la nature. A ressentir des \u00e9motions oubli\u00e9es. A se faire plaisir tout en prenant soin du monde qui nous entoure.","og_url":"https:\/\/re-sentir.be\/?page_id=579","og_site_name":"Re.sentir","article_modified_time":"2025-09-16T12:49:29+00:00","twitter_card":"summary_large_image","twitter_misc":{"Dur\u00e9e de lecture est.":"1 minute"},"schema":{"@context":"https:\/\/schema.org","@graph":[{"@type":"WebPage","@id":"https:\/\/re-sentir.be\/?page_id=579","url":"https:\/\/re-sentir.be\/?page_id=579","name":"Re.sentir | Parfums authentiques Bruxelles","isPartOf":{"@id":"https:\/\/re-sentir.be\/#website"},"datePublished":"2025-05-12T12:29:55+00:00","dateModified":"2025-09-16T12:49:29+00:00","description":"RE.SENTIR c'est une parfumerie de niche, ind\u00e9pendante et qui invite \u00e0 se r\u00e9approprier les odeurs authentiques de la nature. A ressentir des \u00e9motions oubli\u00e9es. A se faire plaisir tout en prenant soin du monde qui nous entoure.","breadcrumb":{"@id":"https:\/\/re-sentir.be\/?page_id=579#breadcrumb"},"inLanguage":"fr-BE","potentialAction":[{"@type":"ReadAction","target":["https:\/\/re-sentir.be\/?page_id=579"]}]},{"@type":"BreadcrumbList","@id":"https:\/\/re-sentir.be\/?page_id=579#breadcrumb","itemListElement":[{"@type":"ListItem","position":1,"name":"Accueil","item":"https:\/\/re-sentir.be\/"},{"@type":"ListItem","position":2,"name":"Livraisons"}]},{"@type":"WebSite","@id":"https:\/\/re-sentir.be\/#website","url":"https:\/\/re-sentir.be\/","name":"Re-Sentir","description":"Parfums authentiques","publisher":{"@id":"https:\/\/re-sentir.be\/#organization"},"potentialAction":[{"@type":"SearchAction","target":{"@type":"EntryPoint","urlTemplate":"https:\/\/re-sentir.be\/?s={search_term_string}"},"query-input":{"@type":"PropertyValueSpecification","valueRequired":true,"valueName":"search_term_string"}}],"inLanguage":"fr-BE"},{"@type":"Organization","@id":"https:\/\/re-sentir.be\/#organization","name":"Re-Sentir","url":"https:\/\/re-sentir.be\/","logo":{"@type":"ImageObject","inLanguage":"fr-BE","@id":"https:\/\/re-sentir.be\/#\/schema\/logo\/image\/","url":"https:\/\/re-sentir.be\/wp-content\/uploads\/2025\/02\/resentir_logo_100x100_72pp.png","contentUrl":"https:\/\/re-sentir.be\/wp-content\/uploads\/2025\/02\/resentir_logo_100x100_72pp.png","width":44,"height":34,"caption":"Re-Sentir"},"image":{"@id":"https:\/\/re-sentir.be\/#\/schema\/logo\/image\/"}}]}},"_links":{"self":[{"href":"https:\/\/re-sentir.be\/index.php?rest_route=\/wp\/v2\/pages\/579","targetHints":{"allow":["GET"]}}],"collection":[{"href":"https:\/\/re-sentir.be\/index.php?rest_route=\/wp\/v2\/pages"}],"about":[{"href":"https:\/\/re-sentir.be\/index.php?rest_route=\/wp\/v2\/types\/page"}],"author":[{"embeddable":true,"href":"https:\/\/re-sentir.be\/index.php?rest_route=\/wp\/v2\/users\/1"}],"replies":[{"embeddable":true,"href":"https:\/\/re-sentir.be\/index.php?rest_route=%2Fwp%2Fv2%2Fcomments&post=579"}],"version-history":[{"count":13,"href":"https:\/\/re-sentir.be\/index.php?rest_route=\/wp\/v2\/pages\/579\/revisions"}],"predecessor-version":[{"id":833,"href":"https:\/\/re-sentir.be\/index.php?rest_route=\/wp\/v2\/pages\/579\/revisions\/833"}],"wp:attachment":[{"href":"https:\/\/re-sentir.be\/index.php?rest_route=%2Fwp%2Fv2%2Fmedia&parent=579"}],"curies":[{"name":"wp","href":"https:\/\/api.w.org\/{rel}","templated":true}]}}