{"id":1959,"date":"2025-12-08T17:37:13","date_gmt":"2025-12-08T16:37:13","guid":{"rendered":"https:\/\/re-sentir.be\/?post_type=product&#038;p=1959"},"modified":"2026-01-26T11:14:39","modified_gmt":"2026-01-26T10:14:39","slug":"brume-doreiller-silken-desire","status":"publish","type":"product","link":"https:\/\/re-sentir.be\/?product=brume-doreiller-silken-desire","title":{"rendered":"Brume d&rsquo;oreiller Silken Desire"},"content":{"rendered":"\t\t<div data-elementor-type=\"wp-post\" data-elementor-id=\"1959\" class=\"elementor elementor-1959\">\n\t\t\t\t<div class=\"elementor-element elementor-element-30a6a0e e-flex e-con-boxed e-con e-parent\" data-id=\"30a6a0e\" data-element_type=\"container\">\n\t\t\t\t\t<div class=\"e-con-inner\">\n\t\t<div class=\"elementor-element elementor-element-f5ea6a6 e-con-full e-flex e-con e-child\" data-id=\"f5ea6a6\" data-element_type=\"container\">\n\t\t\t\t<div class=\"elementor-element elementor-element-43e8a7b elementor-widget elementor-widget-text-editor\" data-id=\"43e8a7b\" data-element_type=\"widget\" data-widget_type=\"text-editor.default\">\n\t\t\t\t<div class=\"elementor-widget-container\">\n\t\t\t\t\t\t\t\t\t<p style=\"text-align: center;\"><span style=\"color: #99cc00;\"><span style=\"color: #003366;\">\u2665<\/span>\u00a0<\/span> <strong>Contenu<\/strong><\/p><p><span style=\"color: #333333;\">Brume d&rsquo;oreiller pour linge de lit, aux huiles essentielles, parfaites pour un moment sensuel au moment du coucher.<\/span><\/p>\t\t\t\t\t\t\t\t<\/div>\n\t\t\t\t<\/div>\n\t\t\t\t<\/div>\n\t\t<div class=\"elementor-element elementor-element-49dbf91 e-con-full e-flex e-con e-child\" data-id=\"49dbf91\" data-element_type=\"container\">\n\t\t\t\t<div class=\"elementor-element elementor-element-7895ce4 elementor-widget elementor-widget-text-editor\" data-id=\"7895ce4\" data-element_type=\"widget\" data-widget_type=\"text-editor.default\">\n\t\t\t\t<div class=\"elementor-widget-container\">\n\t\t\t\t\t\t\t\t\t<p style=\"text-align: center;\"><span style=\"color: #99cc00;\"><span style=\"color: #003366;\">\u2665<\/span>\u00a0<\/span> <strong>Composition :<\/strong><\/p><p><span style=\"color: #333333;\">Alcool de bl\u00e9 biologique et huiles essentielles (Ylang-ylang, bergamote et bois de rose).<\/span><\/p>\t\t\t\t\t\t\t\t<\/div>\n\t\t\t\t<\/div>\n\t\t\t\t<\/div>\n\t\t<div class=\"elementor-element elementor-element-365a3f1 e-con-full e-flex e-con e-child\" data-id=\"365a3f1\" data-element_type=\"container\">\n\t\t\t\t<div class=\"elementor-element elementor-element-95cf59f elementor-widget elementor-widget-text-editor\" data-id=\"95cf59f\" data-element_type=\"widget\" data-widget_type=\"text-editor.default\">\n\t\t\t\t<div class=\"elementor-widget-container\">\n\t\t\t\t\t\t\t\t\t<p style=\"text-align: center;\"><span style=\"color: #99cc00;\"><span style=\"color: #003366;\">\u2665<\/span>\u00a0<\/span> <strong>Pr\u00e9cautions :<\/strong><\/p><ul><li><span style=\"color: #333333;\">Ne pas vaporiser sur la peau, ni avaler.<\/span><\/li><li><span style=\"color: #333333;\">Ne pas vaporiser sur des surfaces d\u00e9licates (cuir, bois, pierre naturelle\u2026)<\/span><\/li><li><span style=\"color: #333333;\">Tenir hors de la port\u00e9e de enfants.<\/span><\/li><li><span style=\"color: #333333;\">Ne pas utiliser pendant la grossesse ou l\u2019allaitement.<\/span><\/li><\/ul><p><span style=\"color: #333333;\">En cas d\u2019irritation de la peau, arr\u00eater l\u2019utilisation. \u00c9viter le contact avec les yeux.\u00a0 Inflammable.<\/span><\/p>\t\t\t\t\t\t\t\t<\/div>\n\t\t\t\t<\/div>\n\t\t\t\t<\/div>\n\t\t<div class=\"elementor-element elementor-element-ca50ed6 e-con-full e-flex e-con e-child\" data-id=\"ca50ed6\" data-element_type=\"container\">\n\t\t\t\t<div class=\"elementor-element elementor-element-3f6ef46 elementor-widget elementor-widget-text-editor\" data-id=\"3f6ef46\" data-element_type=\"widget\" data-widget_type=\"text-editor.default\">\n\t\t\t\t<div class=\"elementor-widget-container\">\n\t\t\t\t\t\t\t\t\t<p style=\"text-align: center;\"><span style=\"color: #003366;\"><strong>\u2665 <\/strong><\/span><strong><span style=\"vertical-align: inherit;\">Contenance :<\/span><\/strong><\/p><p><span style=\"vertical-align: inherit; color: #333333;\">La brume est pr\u00e9sent\u00e9e dans un flacon en verre, muni d\u2019un spray et d\u2019un capot en bois. Le flacon est prot\u00e9g\u00e9 par une bo\u00eete en carton.\u00a0<\/span><\/p>\t\t\t\t\t\t\t\t<\/div>\n\t\t\t\t<\/div>\n\t\t\t\t<\/div>\n\t\t<div class=\"elementor-element elementor-element-7c2ec50 e-con-full e-flex e-con e-child\" data-id=\"7c2ec50\" data-element_type=\"container\">\n\t\t\t\t<div class=\"elementor-element elementor-element-ca6487a elementor-widget elementor-widget-text-editor\" data-id=\"ca6487a\" data-element_type=\"widget\" data-widget_type=\"text-editor.default\">\n\t\t\t\t<div class=\"elementor-widget-container\">\n\t\t\t\t\t\t\t\t\t<p style=\"text-align: center;\"><strong><span style=\"color: #003366;\">\u2665<\/span> Utilisation \/ conservation :<\/strong><\/p><ul><li><span style=\"color: #333333;\">Secouer avant l\u2019emploi.<\/span><\/li><li><span style=\"color: #333333;\">Vaporiser 1 \u00e0 3 fois \u00e0 30 cm de l\u2019oreiller ou dans l\u2019air.<\/span><\/li><li><span style=\"color: #333333;\">Conserver \u00e0 l\u2019abri de la chaleur et de la lumi\u00e8re.<\/span><\/li><\/ul><p><span style=\"color: #333333;\">PAO : La brume se conserve 2 ans apr\u00e8s ouverture.<\/span><\/p>\t\t\t\t\t\t\t\t<\/div>\n\t\t\t\t<\/div>\n\t\t\t\t<\/div>\n\t\t<div class=\"elementor-element elementor-element-c96c44f e-con-full e-flex e-con e-child\" data-id=\"c96c44f\" data-element_type=\"container\">\n\t\t\t\t<div class=\"elementor-element elementor-element-3b7be9d elementor-widget elementor-widget-text-editor\" data-id=\"3b7be9d\" data-element_type=\"widget\" data-widget_type=\"text-editor.default\">\n\t\t\t\t<div class=\"elementor-widget-container\">\n\t\t\t\t\t\t\t\t\t<p style=\"text-align: center;\"><strong><span style=\"color: #003366;\">\u2665<\/span> Parfum 100% naturel :<\/strong><\/p><p><span style=\"color: #333333;\">Toutes les brumes sont concentr\u00e9s \u00e0 5%, non genr\u00e9s et constitu\u00e9s \u00e0 100% de mol\u00e9cules naturelles. Sans colorant, sans perturbateur endocrinien, sans anti-UV, sans mol\u00e9cule de synth\u00e8se.<\/span><\/p>\t\t\t\t\t\t\t\t<\/div>\n\t\t\t\t<\/div>\n\t\t\t\t<\/div>\n\t\t\t\t\t<\/div>\n\t\t\t\t<\/div>\n\t\t<div class=\"elementor-element elementor-element-3a78743 e-flex e-con-boxed e-con e-parent\" data-id=\"3a78743\" data-element_type=\"container\">\n\t\t\t\t\t<div class=\"e-con-inner\">\n\t\t\t\t<div class=\"elementor-element elementor-element-eeead69 elementor-widget elementor-widget-text-editor\" data-id=\"eeead69\" data-element_type=\"widget\" data-widget_type=\"text-editor.default\">\n\t\t\t\t<div class=\"elementor-widget-container\">\n\t\t\t\t\t\t\t\t\t<p><strong>Allerg\u00e8nes des huiles essentielles :<\/strong> (la l\u00e9gislation europ\u00e9enne impose de lister 81 mati\u00e8res potentiellement allergisantes pour une partie de la population, mais sans danger pour les personnes non allergiques. Chaque recette est \u00e9valu\u00e9e au pr\u00e9alable par un toxicologue afin de v\u00e9rifier qu\u2019elle ne repr\u00e9sente aucun danger pour la sant\u00e9 et que les seuils des allerg\u00e8nes ne soient pas d\u00e9pass\u00e9s.)\u00a0 :Citral, Citronellol, Benzyl Benzoate, Geraniol, Limonene, Linalol, Farnesol, (Iso)Eugenol, Terpinolene, Furocoumarin Natural, Bergapten Natural, Myrcene, Alpha-Pinene, Citronnellal, Bergamot Oil Exp., Benzyl Alcohol, Benzyl Benzoate, Benzyl Cinnamate, Benzyl Salicylate, Cinnamal, Cinnamyl Alcohol, Ylang-Ylang Extract.<\/p>\t\t\t\t\t\t\t\t<\/div>\n\t\t\t\t<\/div>\n\t\t\t\t\t<\/div>\n\t\t\t\t<\/div>\n\t\t\t\t<\/div>\n\t\t","protected":false},"excerpt":{"rendered":"<p>100% naturelle, cette brume d\u2019oreiller aux huiles essentielles bio d\u2019Ylang-Ylang, Bergamote et Bois de rose est parfaite pour cr\u00e9er des instants complices et sensuels au moment du coucher.<\/p>\n<p>Nos brumes d\u2019oreiller sont issues de la collaboration entre Kalani et Re.sentir.<\/p>\n","protected":false},"featured_media":1960,"template":"elementor_theme","meta":[],"product_brand":[],"product_cat":[30],"product_tag":[],"class_list":{"0":"post-1959","1":"product","2":"type-product","3":"status-publish","4":"has-post-thumbnail","6":"product_cat-parfums","8":"first","9":"instock","10":"taxable","11":"shipping-taxable","12":"purchasable","13":"product-type-simple"},"yoast_head":"<!-- This site is optimized with the Yoast SEO plugin v25.9 - https:\/\/yoast.com\/wordpress\/plugins\/seo\/ -->\n<title>Brume d&#039;oreiller Silken Desire - Re.sentir<\/title>\n<meta name=\"robots\" content=\"index, follow, max-snippet:-1, max-image-preview:large, max-video-preview:-1\" \/>\n<link rel=\"canonical\" href=\"https:\/\/re-sentir.be\/?product=brume-doreiller-silken-desire\" \/>\n<meta property=\"og:locale\" content=\"fr_FR\" \/>\n<meta property=\"og:type\" content=\"article\" \/>\n<meta property=\"og:title\" content=\"Brume d&#039;oreiller Silken Desire - Re.sentir\" \/>\n<meta property=\"og:description\" content=\"100% naturelle, cette brume d\u2019oreiller aux huiles essentielles bio d\u2019Ylang-Ylang, Bergamote et Bois de rose est parfaite pour cr\u00e9er des instants complices et sensuels au moment du coucher.  Nos brumes d\u2019oreiller sont issues de la collaboration entre Kalani et Re.sentir.\" \/>\n<meta property=\"og:url\" content=\"https:\/\/re-sentir.be\/?product=brume-doreiller-silken-desire\" \/>\n<meta property=\"og:site_name\" content=\"Re.sentir\" \/>\n<meta property=\"article:modified_time\" content=\"2026-01-26T10:14:39+00:00\" \/>\n<meta property=\"og:image\" content=\"https:\/\/re-sentir.be\/wp-content\/uploads\/2025\/12\/MGL1215-scaled.jpg\" \/>\n\t<meta property=\"og:image:width\" content=\"2560\" \/>\n\t<meta property=\"og:image:height\" content=\"1707\" \/>\n\t<meta property=\"og:image:type\" content=\"image\/jpeg\" \/>\n<meta name=\"twitter:card\" content=\"summary_large_image\" \/>\n<meta name=\"twitter:label1\" content=\"Dur\u00e9e de lecture est.\" \/>\n\t<meta name=\"twitter:data1\" content=\"2 minutes\" \/>\n<script type=\"application\/ld+json\" class=\"yoast-schema-graph\">{\"@context\":\"https:\/\/schema.org\",\"@graph\":[{\"@type\":\"WebPage\",\"@id\":\"https:\/\/re-sentir.be\/?product=brume-doreiller-silken-desire\",\"url\":\"https:\/\/re-sentir.be\/?product=brume-doreiller-silken-desire\",\"name\":\"Brume d'oreiller Silken Desire - Re.sentir\",\"isPartOf\":{\"@id\":\"https:\/\/re-sentir.be\/#website\"},\"primaryImageOfPage\":{\"@id\":\"https:\/\/re-sentir.be\/?product=brume-doreiller-silken-desire#primaryimage\"},\"image\":{\"@id\":\"https:\/\/re-sentir.be\/?product=brume-doreiller-silken-desire#primaryimage\"},\"thumbnailUrl\":\"https:\/\/re-sentir.be\/wp-content\/uploads\/2025\/12\/MGL1215-scaled.jpg\",\"datePublished\":\"2025-12-08T16:37:13+00:00\",\"dateModified\":\"2026-01-26T10:14:39+00:00\",\"breadcrumb\":{\"@id\":\"https:\/\/re-sentir.be\/?product=brume-doreiller-silken-desire#breadcrumb\"},\"inLanguage\":\"fr-BE\",\"potentialAction\":[{\"@type\":\"ReadAction\",\"target\":[\"https:\/\/re-sentir.be\/?product=brume-doreiller-silken-desire\"]}]},{\"@type\":\"ImageObject\",\"inLanguage\":\"fr-BE\",\"@id\":\"https:\/\/re-sentir.be\/?product=brume-doreiller-silken-desire#primaryimage\",\"url\":\"https:\/\/re-sentir.be\/wp-content\/uploads\/2025\/12\/MGL1215-scaled.jpg\",\"contentUrl\":\"https:\/\/re-sentir.be\/wp-content\/uploads\/2025\/12\/MGL1215-scaled.jpg\",\"width\":2560,\"height\":1707},{\"@type\":\"BreadcrumbList\",\"@id\":\"https:\/\/re-sentir.be\/?product=brume-doreiller-silken-desire#breadcrumb\",\"itemListElement\":[{\"@type\":\"ListItem\",\"position\":1,\"name\":\"Accueil\",\"item\":\"https:\/\/re-sentir.be\/\"},{\"@type\":\"ListItem\",\"position\":2,\"name\":\"Boutique\",\"item\":\"https:\/\/re-sentir.be\/?page_id=364\"},{\"@type\":\"ListItem\",\"position\":3,\"name\":\"Brume d&rsquo;oreiller Silken Desire\"}]},{\"@type\":\"WebSite\",\"@id\":\"https:\/\/re-sentir.be\/#website\",\"url\":\"https:\/\/re-sentir.be\/\",\"name\":\"Re-Sentir\",\"description\":\"Parfums authentiques\",\"publisher\":{\"@id\":\"https:\/\/re-sentir.be\/#organization\"},\"potentialAction\":[{\"@type\":\"SearchAction\",\"target\":{\"@type\":\"EntryPoint\",\"urlTemplate\":\"https:\/\/re-sentir.be\/?s={search_term_string}\"},\"query-input\":{\"@type\":\"PropertyValueSpecification\",\"valueRequired\":true,\"valueName\":\"search_term_string\"}}],\"inLanguage\":\"fr-BE\"},{\"@type\":\"Organization\",\"@id\":\"https:\/\/re-sentir.be\/#organization\",\"name\":\"Re-Sentir\",\"url\":\"https:\/\/re-sentir.be\/\",\"logo\":{\"@type\":\"ImageObject\",\"inLanguage\":\"fr-BE\",\"@id\":\"https:\/\/re-sentir.be\/#\/schema\/logo\/image\/\",\"url\":\"https:\/\/re-sentir.be\/wp-content\/uploads\/2025\/02\/resentir_logo_100x100_72pp.png\",\"contentUrl\":\"https:\/\/re-sentir.be\/wp-content\/uploads\/2025\/02\/resentir_logo_100x100_72pp.png\",\"width\":44,\"height\":34,\"caption\":\"Re-Sentir\"},\"image\":{\"@id\":\"https:\/\/re-sentir.be\/#\/schema\/logo\/image\/\"}}]}<\/script>\n<!-- \/ Yoast SEO plugin. -->","yoast_head_json":{"title":"Brume d'oreiller Silken Desire - Re.sentir","robots":{"index":"index","follow":"follow","max-snippet":"max-snippet:-1","max-image-preview":"max-image-preview:large","max-video-preview":"max-video-preview:-1"},"canonical":"https:\/\/re-sentir.be\/?product=brume-doreiller-silken-desire","og_locale":"fr_FR","og_type":"article","og_title":"Brume d'oreiller Silken Desire - Re.sentir","og_description":"100% naturelle, cette brume d\u2019oreiller aux huiles essentielles bio d\u2019Ylang-Ylang, Bergamote et Bois de rose est parfaite pour cr\u00e9er des instants complices et sensuels au moment du coucher.  Nos brumes d\u2019oreiller sont issues de la collaboration entre Kalani et Re.sentir.","og_url":"https:\/\/re-sentir.be\/?product=brume-doreiller-silken-desire","og_site_name":"Re.sentir","article_modified_time":"2026-01-26T10:14:39+00:00","og_image":[{"width":2560,"height":1707,"url":"https:\/\/re-sentir.be\/wp-content\/uploads\/2025\/12\/MGL1215-scaled.jpg","type":"image\/jpeg"}],"twitter_card":"summary_large_image","twitter_misc":{"Dur\u00e9e de lecture est.":"2 minutes"},"schema":{"@context":"https:\/\/schema.org","@graph":[{"@type":"WebPage","@id":"https:\/\/re-sentir.be\/?product=brume-doreiller-silken-desire","url":"https:\/\/re-sentir.be\/?product=brume-doreiller-silken-desire","name":"Brume d'oreiller Silken Desire - Re.sentir","isPartOf":{"@id":"https:\/\/re-sentir.be\/#website"},"primaryImageOfPage":{"@id":"https:\/\/re-sentir.be\/?product=brume-doreiller-silken-desire#primaryimage"},"image":{"@id":"https:\/\/re-sentir.be\/?product=brume-doreiller-silken-desire#primaryimage"},"thumbnailUrl":"https:\/\/re-sentir.be\/wp-content\/uploads\/2025\/12\/MGL1215-scaled.jpg","datePublished":"2025-12-08T16:37:13+00:00","dateModified":"2026-01-26T10:14:39+00:00","breadcrumb":{"@id":"https:\/\/re-sentir.be\/?product=brume-doreiller-silken-desire#breadcrumb"},"inLanguage":"fr-BE","potentialAction":[{"@type":"ReadAction","target":["https:\/\/re-sentir.be\/?product=brume-doreiller-silken-desire"]}]},{"@type":"ImageObject","inLanguage":"fr-BE","@id":"https:\/\/re-sentir.be\/?product=brume-doreiller-silken-desire#primaryimage","url":"https:\/\/re-sentir.be\/wp-content\/uploads\/2025\/12\/MGL1215-scaled.jpg","contentUrl":"https:\/\/re-sentir.be\/wp-content\/uploads\/2025\/12\/MGL1215-scaled.jpg","width":2560,"height":1707},{"@type":"BreadcrumbList","@id":"https:\/\/re-sentir.be\/?product=brume-doreiller-silken-desire#breadcrumb","itemListElement":[{"@type":"ListItem","position":1,"name":"Accueil","item":"https:\/\/re-sentir.be\/"},{"@type":"ListItem","position":2,"name":"Boutique","item":"https:\/\/re-sentir.be\/?page_id=364"},{"@type":"ListItem","position":3,"name":"Brume d&rsquo;oreiller Silken Desire"}]},{"@type":"WebSite","@id":"https:\/\/re-sentir.be\/#website","url":"https:\/\/re-sentir.be\/","name":"Re-Sentir","description":"Parfums authentiques","publisher":{"@id":"https:\/\/re-sentir.be\/#organization"},"potentialAction":[{"@type":"SearchAction","target":{"@type":"EntryPoint","urlTemplate":"https:\/\/re-sentir.be\/?s={search_term_string}"},"query-input":{"@type":"PropertyValueSpecification","valueRequired":true,"valueName":"search_term_string"}}],"inLanguage":"fr-BE"},{"@type":"Organization","@id":"https:\/\/re-sentir.be\/#organization","name":"Re-Sentir","url":"https:\/\/re-sentir.be\/","logo":{"@type":"ImageObject","inLanguage":"fr-BE","@id":"https:\/\/re-sentir.be\/#\/schema\/logo\/image\/","url":"https:\/\/re-sentir.be\/wp-content\/uploads\/2025\/02\/resentir_logo_100x100_72pp.png","contentUrl":"https:\/\/re-sentir.be\/wp-content\/uploads\/2025\/02\/resentir_logo_100x100_72pp.png","width":44,"height":34,"caption":"Re-Sentir"},"image":{"@id":"https:\/\/re-sentir.be\/#\/schema\/logo\/image\/"}}]}},"_links":{"self":[{"href":"https:\/\/re-sentir.be\/index.php?rest_route=\/wp\/v2\/product\/1959","targetHints":{"allow":["GET"]}}],"collection":[{"href":"https:\/\/re-sentir.be\/index.php?rest_route=\/wp\/v2\/product"}],"about":[{"href":"https:\/\/re-sentir.be\/index.php?rest_route=\/wp\/v2\/types\/product"}],"version-history":[{"count":9,"href":"https:\/\/re-sentir.be\/index.php?rest_route=\/wp\/v2\/product\/1959\/revisions"}],"predecessor-version":[{"id":2025,"href":"https:\/\/re-sentir.be\/index.php?rest_route=\/wp\/v2\/product\/1959\/revisions\/2025"}],"wp:featuredmedia":[{"embeddable":true,"href":"https:\/\/re-sentir.be\/index.php?rest_route=\/wp\/v2\/media\/1960"}],"wp:attachment":[{"href":"https:\/\/re-sentir.be\/index.php?rest_route=%2Fwp%2Fv2%2Fmedia&parent=1959"}],"wp:term":[{"taxonomy":"product_brand","embeddable":true,"href":"https:\/\/re-sentir.be\/index.php?rest_route=%2Fwp%2Fv2%2Fproduct_brand&post=1959"},{"taxonomy":"product_cat","embeddable":true,"href":"https:\/\/re-sentir.be\/index.php?rest_route=%2Fwp%2Fv2%2Fproduct_cat&post=1959"},{"taxonomy":"product_tag","embeddable":true,"href":"https:\/\/re-sentir.be\/index.php?rest_route=%2Fwp%2Fv2%2Fproduct_tag&post=1959"}],"curies":[{"name":"wp","href":"https:\/\/api.w.org\/{rel}","templated":true}]}}