{"id":431,"date":"2025-03-31T14:16:48","date_gmt":"2025-03-31T12:16:48","guid":{"rendered":"https:\/\/re-sentir.be\/?post_type=product&#038;p=431"},"modified":"2026-02-19T13:57:27","modified_gmt":"2026-02-19T12:57:27","slug":"passionnement-2","status":"publish","type":"product","link":"https:\/\/re-sentir.be\/?product=passionnement-2","title":{"rendered":"Passionn\u00e9ment"},"content":{"rendered":"\t\t<div data-elementor-type=\"wp-post\" data-elementor-id=\"431\" class=\"elementor elementor-431\">\n\t\t\t\t<div class=\"elementor-element elementor-element-30f7dfe e-flex e-con-boxed e-con e-parent\" data-id=\"30f7dfe\" data-element_type=\"container\">\n\t\t\t\t\t<div class=\"e-con-inner\">\n\t\t<div class=\"elementor-element elementor-element-f069501 e-con-full e-flex e-con e-child\" data-id=\"f069501\" data-element_type=\"container\">\n\t\t\t\t<div class=\"elementor-element elementor-element-915d761 elementor-widget elementor-widget-text-editor\" data-id=\"915d761\" data-element_type=\"widget\" data-widget_type=\"text-editor.default\">\n\t\t\t\t<div class=\"elementor-widget-container\">\n\t\t\t\t\t\t\t\t\t<p style=\"text-align: center;\"><span style=\"color: #99cc00;\"><span style=\"color: #ff0000;\">\u2665<\/span>\u00a0<\/span> <strong>Accord Floral :<\/strong><\/p><p><strong>T\u00eate<\/strong> : Agrumes &amp; gingembre<\/p><p><strong>C\u0153ur<\/strong> : Tub\u00e9reuse, jasmin &amp; n\u00e9roli<\/p><p><strong>Fond<\/strong> : C\u00e8dres &amp; f\u00e8ve tonka<\/p>\t\t\t\t\t\t\t\t<\/div>\n\t\t\t\t<\/div>\n\t\t\t\t<\/div>\n\t\t<div class=\"elementor-element elementor-element-7eeefb7 e-con-full e-flex e-con e-child\" data-id=\"7eeefb7\" data-element_type=\"container\">\n\t\t\t\t<div class=\"elementor-element elementor-element-036e61c elementor-widget elementor-widget-text-editor\" data-id=\"036e61c\" data-element_type=\"widget\" data-widget_type=\"text-editor.default\">\n\t\t\t\t<div class=\"elementor-widget-container\">\n\t\t\t\t\t\t\t\t\t<p style=\"text-align: center;\"><span style=\"color: #99cc00;\"><span style=\"color: #ff0000;\">\u2665<\/span>\u00a0<\/span> <strong>Composition :<\/strong><\/p>\n<p>Alcool de bl\u00e9 biologique non d\u00e9natur\u00e9, parfum (compos\u00e9 uniquement des huiles essentielles, absolues et concr\u00e8tes).<\/p>\n<p>Allerg\u00e8nes : voir ci-dessous.<\/p>\t\t\t\t\t\t\t\t<\/div>\n\t\t\t\t<\/div>\n\t\t\t\t<\/div>\n\t\t<div class=\"elementor-element elementor-element-4be7258 e-con-full e-flex e-con e-child\" data-id=\"4be7258\" data-element_type=\"container\">\n\t\t\t\t<div class=\"elementor-element elementor-element-a17a230 elementor-widget elementor-widget-text-editor\" data-id=\"a17a230\" data-element_type=\"widget\" data-widget_type=\"text-editor.default\">\n\t\t\t\t<div class=\"elementor-widget-container\">\n\t\t\t\t\t\t\t\t\t<p style=\"text-align: center;\"><span style=\"color: #99cc00;\"><span style=\"color: #ff0000;\">\u2665<\/span>\u00a0<\/span> <strong>Pr\u00e9cautions :<\/strong><\/p><p><span style=\"color: #808080;\">Pour adultes et enfants de plus de 10 ans. Ne pas avaler. En cas d\u2019irritation de la peau, arr\u00eater l\u2019utilisation. \u00c9viter le contact avec les yeux.\u00a0 Inflammable.<\/span><\/p>\t\t\t\t\t\t\t\t<\/div>\n\t\t\t\t<\/div>\n\t\t\t\t<\/div>\n\t\t<div class=\"elementor-element elementor-element-f9fee59 e-con-full e-flex e-con e-child\" data-id=\"f9fee59\" data-element_type=\"container\">\n\t\t\t\t<div class=\"elementor-element elementor-element-4721f27 elementor-widget elementor-widget-text-editor\" data-id=\"4721f27\" data-element_type=\"widget\" data-widget_type=\"text-editor.default\">\n\t\t\t\t<div class=\"elementor-widget-container\">\n\t\t\t\t\t\t\t\t\t<p style=\"text-align: center;\"><span style=\"color: #ff0000;\"><strong>\u2665 <\/strong><\/span><strong><span style=\"vertical-align: inherit;\">Contenance :<\/span><\/strong><\/p>\n<p><strong><span style=\"vertical-align: inherit;\">Version 50 ML<\/span><\/strong><span style=\"vertical-align: inherit;\"> : Le parfum est pr\u00e9sent\u00e9 dans un flacon en verre, muni d&rsquo;un spray et d&rsquo;un capot en bois grav\u00e9. Le flacon est prot\u00e9g\u00e9 par une bo\u00eete en carton.<\/span><\/p>\t\t\t\t\t\t\t\t<\/div>\n\t\t\t\t<\/div>\n\t\t\t\t<\/div>\n\t\t<div class=\"elementor-element elementor-element-6ad265b e-con-full e-flex e-con e-child\" data-id=\"6ad265b\" data-element_type=\"container\">\n\t\t\t\t<div class=\"elementor-element elementor-element-3a3300e elementor-widget elementor-widget-text-editor\" data-id=\"3a3300e\" data-element_type=\"widget\" data-widget_type=\"text-editor.default\">\n\t\t\t\t<div class=\"elementor-widget-container\">\n\t\t\t\t\t\t\t\t\t<p style=\"text-align: center;\"><strong><span style=\"color: #ff0000;\">\u2665<\/span> Utilisation \/ conservation :<\/strong><\/p>\n<p>Vaporiser cou ou poignets par exemple. Alternativement un mouchoir, un foulard, le bout des cheveux,&#8230; Conserver \u00e0 l&rsquo;abri de la chaleur et de la lumi\u00e8re. PAO : Le parfum conserve 2 ans apr\u00e8s ouverture.<\/p>\t\t\t\t\t\t\t\t<\/div>\n\t\t\t\t<\/div>\n\t\t\t\t<\/div>\n\t\t<div class=\"elementor-element elementor-element-3bb0f15 e-con-full e-flex e-con e-child\" data-id=\"3bb0f15\" data-element_type=\"container\">\n\t\t\t\t<div class=\"elementor-element elementor-element-4aee3a0 elementor-widget elementor-widget-text-editor\" data-id=\"4aee3a0\" data-element_type=\"widget\" data-widget_type=\"text-editor.default\">\n\t\t\t\t<div class=\"elementor-widget-container\">\n\t\t\t\t\t\t\t\t\t<p style=\"text-align: center;\"><strong><span style=\"color: #ff0000;\">\u2665<\/span> Parfum 100% naturel :<\/strong><\/p><p><span style=\"color: #808080;\">Passionn\u00e9ment est un parfum concentr\u00e9 \u00e0 18%, non genr\u00e9 et constitu\u00e9 \u00e0 100% de mol\u00e9cules naturelles. Sans colorant, sans perturbateur endocrinien, sans anti-UV, sans mol\u00e9cule de synth\u00e8se.<\/span><\/p>\t\t\t\t\t\t\t\t<\/div>\n\t\t\t\t<\/div>\n\t\t\t\t<\/div>\n\t\t\t\t\t<\/div>\n\t\t\t\t<\/div>\n\t\t<div class=\"elementor-element elementor-element-436603c e-flex e-con-boxed e-con e-parent\" data-id=\"436603c\" data-element_type=\"container\">\n\t\t\t\t\t<div class=\"e-con-inner\">\n\t\t\t\t<div class=\"elementor-element elementor-element-7630539 elementor-widget elementor-widget-text-editor\" data-id=\"7630539\" data-element_type=\"widget\" data-widget_type=\"text-editor.default\">\n\t\t\t\t<div class=\"elementor-widget-container\">\n\t\t\t\t\t\t\t\t\t<p><strong>Allerg\u00e8nes des huiles essentielles :<\/strong> (la l\u00e9gislation europ\u00e9enne impose de lister 81 mati\u00e8res potentiellement allergisantes pour une partie de la population, mais sans danger pour les personnes non allergiques. Chaque recette est \u00e9valu\u00e9e au pr\u00e9alable par un toxicologue afin de v\u00e9rifier qu&rsquo;elle ne repr\u00e9sente aucun danger pour la sant\u00e9 et que les seuils des allerg\u00e8nes ne soient pas d\u00e9pass\u00e9s afin que le parfum puisse \u00eatre appliqu\u00e9 quotidiennement sur la peau.)\u00a0 : alpha-terpinene, benzyl alcohol, benzyl benzoate, benzyl cinnamate, benzyl salicylate, beta-caryophyllene, camphor, carvone, cedrus atlantica oil\/extract, cinnamal, cinnamomum zeylanicum bark oil, cinnamyl alcohol , citral,citronellol, citrus aurantium bergamia peel oil, citrus aurantium flower oil, citrus aurantium peel oil, coumarin, eugenol, farnesol, geraniol, geranyl acetate, isoeugenol, \u00a0jasmine oil\/extract, \u00a0juniperus virginiana oil, limonene, linalyl acetate, linalool, methyl salicylate, myroxylon pereirae oil\/extract, pinene, terpineol terpinolene.<\/p>\t\t\t\t\t\t\t\t<\/div>\n\t\t\t\t<\/div>\n\t\t\t\t\t<\/div>\n\t\t\t\t<\/div>\n\t\t\t\t<\/div>\n\t\t","protected":false},"excerpt":{"rendered":"<h6 style=\"text-align: center;\"><span style=\"color: #333333;\"><em>\u00ab\u00a0Passionn\u00e9ment, c&rsquo;est toute la sensualit\u00e9 de la fleur de tub\u00e9reuse, associ\u00e9e au jasmin et \u00e0 la fleur de n\u00e9roli, que viennent rafra\u00eechir des agrumes. On termine sur des notes dangereusement gourmandes&#8230;\u00a0\u00bb<\/em><\/span><\/h6>\n","protected":false},"featured_media":1382,"template":"elementor_theme","meta":[],"product_brand":[],"product_cat":[30],"product_tag":[],"class_list":{"0":"post-431","1":"product","2":"type-product","3":"status-publish","4":"has-post-thumbnail","6":"product_cat-parfums","8":"first","9":"instock","10":"taxable","11":"shipping-taxable","12":"purchasable","13":"product-type-simple"},"yoast_head":"<!-- This site is optimized with the Yoast SEO plugin v25.9 - https:\/\/yoast.com\/wordpress\/plugins\/seo\/ -->\n<title>Passionn\u00e9ment - Re.sentir<\/title>\n<meta name=\"robots\" content=\"index, follow, max-snippet:-1, max-image-preview:large, max-video-preview:-1\" \/>\n<link rel=\"canonical\" href=\"https:\/\/re-sentir.be\/?product=passionnement-2\" \/>\n<meta property=\"og:locale\" content=\"fr_FR\" \/>\n<meta property=\"og:type\" content=\"article\" \/>\n<meta property=\"og:title\" content=\"Passionn\u00e9ment - Re.sentir\" \/>\n<meta property=\"og:description\" content=\"&quot;Passionn\u00e9ment, c&#039;est toute la sensualit\u00e9 de la fleur de tub\u00e9reuse, associ\u00e9e au jasmin et \u00e0 la fleur de n\u00e9roli, que viennent rafra\u00eechir des agrumes. On termine sur des notes dangereusement gourmandes...&quot;\" \/>\n<meta property=\"og:url\" content=\"https:\/\/re-sentir.be\/?product=passionnement-2\" \/>\n<meta property=\"og:site_name\" content=\"Re.sentir\" \/>\n<meta property=\"article:modified_time\" content=\"2026-02-19T12:57:27+00:00\" \/>\n<meta property=\"og:image\" content=\"https:\/\/re-sentir.be\/wp-content\/uploads\/2025\/03\/IMG_20250917_010454-768x1024.png\" \/>\n\t<meta property=\"og:image:width\" content=\"768\" \/>\n\t<meta property=\"og:image:height\" content=\"1024\" \/>\n\t<meta property=\"og:image:type\" content=\"image\/png\" \/>\n<meta name=\"twitter:card\" content=\"summary_large_image\" \/>\n<meta name=\"twitter:label1\" content=\"Dur\u00e9e de lecture est.\" \/>\n\t<meta name=\"twitter:data1\" content=\"2 minutes\" \/>\n<script type=\"application\/ld+json\" class=\"yoast-schema-graph\">{\"@context\":\"https:\/\/schema.org\",\"@graph\":[{\"@type\":\"WebPage\",\"@id\":\"https:\/\/re-sentir.be\/?product=passionnement-2\",\"url\":\"https:\/\/re-sentir.be\/?product=passionnement-2\",\"name\":\"Passionn\u00e9ment - Re.sentir\",\"isPartOf\":{\"@id\":\"https:\/\/re-sentir.be\/#website\"},\"primaryImageOfPage\":{\"@id\":\"https:\/\/re-sentir.be\/?product=passionnement-2#primaryimage\"},\"image\":{\"@id\":\"https:\/\/re-sentir.be\/?product=passionnement-2#primaryimage\"},\"thumbnailUrl\":\"https:\/\/re-sentir.be\/wp-content\/uploads\/2025\/03\/IMG_20250917_010454.png\",\"datePublished\":\"2025-03-31T12:16:48+00:00\",\"dateModified\":\"2026-02-19T12:57:27+00:00\",\"breadcrumb\":{\"@id\":\"https:\/\/re-sentir.be\/?product=passionnement-2#breadcrumb\"},\"inLanguage\":\"fr-BE\",\"potentialAction\":[{\"@type\":\"ReadAction\",\"target\":[\"https:\/\/re-sentir.be\/?product=passionnement-2\"]}]},{\"@type\":\"ImageObject\",\"inLanguage\":\"fr-BE\",\"@id\":\"https:\/\/re-sentir.be\/?product=passionnement-2#primaryimage\",\"url\":\"https:\/\/re-sentir.be\/wp-content\/uploads\/2025\/03\/IMG_20250917_010454.png\",\"contentUrl\":\"https:\/\/re-sentir.be\/wp-content\/uploads\/2025\/03\/IMG_20250917_010454.png\",\"width\":1013,\"height\":1350,\"caption\":\"Re.sentir - Passionn\u00e9ment - Couverture\"},{\"@type\":\"BreadcrumbList\",\"@id\":\"https:\/\/re-sentir.be\/?product=passionnement-2#breadcrumb\",\"itemListElement\":[{\"@type\":\"ListItem\",\"position\":1,\"name\":\"Accueil\",\"item\":\"https:\/\/re-sentir.be\/\"},{\"@type\":\"ListItem\",\"position\":2,\"name\":\"Boutique\",\"item\":\"https:\/\/re-sentir.be\/?page_id=364\"},{\"@type\":\"ListItem\",\"position\":3,\"name\":\"Passionn\u00e9ment\"}]},{\"@type\":\"WebSite\",\"@id\":\"https:\/\/re-sentir.be\/#website\",\"url\":\"https:\/\/re-sentir.be\/\",\"name\":\"Re-Sentir\",\"description\":\"Parfums authentiques\",\"publisher\":{\"@id\":\"https:\/\/re-sentir.be\/#organization\"},\"potentialAction\":[{\"@type\":\"SearchAction\",\"target\":{\"@type\":\"EntryPoint\",\"urlTemplate\":\"https:\/\/re-sentir.be\/?s={search_term_string}\"},\"query-input\":{\"@type\":\"PropertyValueSpecification\",\"valueRequired\":true,\"valueName\":\"search_term_string\"}}],\"inLanguage\":\"fr-BE\"},{\"@type\":\"Organization\",\"@id\":\"https:\/\/re-sentir.be\/#organization\",\"name\":\"Re-Sentir\",\"url\":\"https:\/\/re-sentir.be\/\",\"logo\":{\"@type\":\"ImageObject\",\"inLanguage\":\"fr-BE\",\"@id\":\"https:\/\/re-sentir.be\/#\/schema\/logo\/image\/\",\"url\":\"https:\/\/re-sentir.be\/wp-content\/uploads\/2025\/02\/resentir_logo_100x100_72pp.png\",\"contentUrl\":\"https:\/\/re-sentir.be\/wp-content\/uploads\/2025\/02\/resentir_logo_100x100_72pp.png\",\"width\":44,\"height\":34,\"caption\":\"Re-Sentir\"},\"image\":{\"@id\":\"https:\/\/re-sentir.be\/#\/schema\/logo\/image\/\"}}]}<\/script>\n<!-- \/ Yoast SEO plugin. -->","yoast_head_json":{"title":"Passionn\u00e9ment - Re.sentir","robots":{"index":"index","follow":"follow","max-snippet":"max-snippet:-1","max-image-preview":"max-image-preview:large","max-video-preview":"max-video-preview:-1"},"canonical":"https:\/\/re-sentir.be\/?product=passionnement-2","og_locale":"fr_FR","og_type":"article","og_title":"Passionn\u00e9ment - Re.sentir","og_description":"\"Passionn\u00e9ment, c'est toute la sensualit\u00e9 de la fleur de tub\u00e9reuse, associ\u00e9e au jasmin et \u00e0 la fleur de n\u00e9roli, que viennent rafra\u00eechir des agrumes. On termine sur des notes dangereusement gourmandes...\"","og_url":"https:\/\/re-sentir.be\/?product=passionnement-2","og_site_name":"Re.sentir","article_modified_time":"2026-02-19T12:57:27+00:00","og_image":[{"width":768,"height":1024,"url":"https:\/\/re-sentir.be\/wp-content\/uploads\/2025\/03\/IMG_20250917_010454-768x1024.png","type":"image\/png"}],"twitter_card":"summary_large_image","twitter_misc":{"Dur\u00e9e de lecture est.":"2 minutes"},"schema":{"@context":"https:\/\/schema.org","@graph":[{"@type":"WebPage","@id":"https:\/\/re-sentir.be\/?product=passionnement-2","url":"https:\/\/re-sentir.be\/?product=passionnement-2","name":"Passionn\u00e9ment - Re.sentir","isPartOf":{"@id":"https:\/\/re-sentir.be\/#website"},"primaryImageOfPage":{"@id":"https:\/\/re-sentir.be\/?product=passionnement-2#primaryimage"},"image":{"@id":"https:\/\/re-sentir.be\/?product=passionnement-2#primaryimage"},"thumbnailUrl":"https:\/\/re-sentir.be\/wp-content\/uploads\/2025\/03\/IMG_20250917_010454.png","datePublished":"2025-03-31T12:16:48+00:00","dateModified":"2026-02-19T12:57:27+00:00","breadcrumb":{"@id":"https:\/\/re-sentir.be\/?product=passionnement-2#breadcrumb"},"inLanguage":"fr-BE","potentialAction":[{"@type":"ReadAction","target":["https:\/\/re-sentir.be\/?product=passionnement-2"]}]},{"@type":"ImageObject","inLanguage":"fr-BE","@id":"https:\/\/re-sentir.be\/?product=passionnement-2#primaryimage","url":"https:\/\/re-sentir.be\/wp-content\/uploads\/2025\/03\/IMG_20250917_010454.png","contentUrl":"https:\/\/re-sentir.be\/wp-content\/uploads\/2025\/03\/IMG_20250917_010454.png","width":1013,"height":1350,"caption":"Re.sentir - Passionn\u00e9ment - Couverture"},{"@type":"BreadcrumbList","@id":"https:\/\/re-sentir.be\/?product=passionnement-2#breadcrumb","itemListElement":[{"@type":"ListItem","position":1,"name":"Accueil","item":"https:\/\/re-sentir.be\/"},{"@type":"ListItem","position":2,"name":"Boutique","item":"https:\/\/re-sentir.be\/?page_id=364"},{"@type":"ListItem","position":3,"name":"Passionn\u00e9ment"}]},{"@type":"WebSite","@id":"https:\/\/re-sentir.be\/#website","url":"https:\/\/re-sentir.be\/","name":"Re-Sentir","description":"Parfums authentiques","publisher":{"@id":"https:\/\/re-sentir.be\/#organization"},"potentialAction":[{"@type":"SearchAction","target":{"@type":"EntryPoint","urlTemplate":"https:\/\/re-sentir.be\/?s={search_term_string}"},"query-input":{"@type":"PropertyValueSpecification","valueRequired":true,"valueName":"search_term_string"}}],"inLanguage":"fr-BE"},{"@type":"Organization","@id":"https:\/\/re-sentir.be\/#organization","name":"Re-Sentir","url":"https:\/\/re-sentir.be\/","logo":{"@type":"ImageObject","inLanguage":"fr-BE","@id":"https:\/\/re-sentir.be\/#\/schema\/logo\/image\/","url":"https:\/\/re-sentir.be\/wp-content\/uploads\/2025\/02\/resentir_logo_100x100_72pp.png","contentUrl":"https:\/\/re-sentir.be\/wp-content\/uploads\/2025\/02\/resentir_logo_100x100_72pp.png","width":44,"height":34,"caption":"Re-Sentir"},"image":{"@id":"https:\/\/re-sentir.be\/#\/schema\/logo\/image\/"}}]}},"_links":{"self":[{"href":"https:\/\/re-sentir.be\/index.php?rest_route=\/wp\/v2\/product\/431","targetHints":{"allow":["GET"]}}],"collection":[{"href":"https:\/\/re-sentir.be\/index.php?rest_route=\/wp\/v2\/product"}],"about":[{"href":"https:\/\/re-sentir.be\/index.php?rest_route=\/wp\/v2\/types\/product"}],"version-history":[{"count":24,"href":"https:\/\/re-sentir.be\/index.php?rest_route=\/wp\/v2\/product\/431\/revisions"}],"predecessor-version":[{"id":2010,"href":"https:\/\/re-sentir.be\/index.php?rest_route=\/wp\/v2\/product\/431\/revisions\/2010"}],"wp:featuredmedia":[{"embeddable":true,"href":"https:\/\/re-sentir.be\/index.php?rest_route=\/wp\/v2\/media\/1382"}],"wp:attachment":[{"href":"https:\/\/re-sentir.be\/index.php?rest_route=%2Fwp%2Fv2%2Fmedia&parent=431"}],"wp:term":[{"taxonomy":"product_brand","embeddable":true,"href":"https:\/\/re-sentir.be\/index.php?rest_route=%2Fwp%2Fv2%2Fproduct_brand&post=431"},{"taxonomy":"product_cat","embeddable":true,"href":"https:\/\/re-sentir.be\/index.php?rest_route=%2Fwp%2Fv2%2Fproduct_cat&post=431"},{"taxonomy":"product_tag","embeddable":true,"href":"https:\/\/re-sentir.be\/index.php?rest_route=%2Fwp%2Fv2%2Fproduct_tag&post=431"}],"curies":[{"name":"wp","href":"https:\/\/api.w.org\/{rel}","templated":true}]}}