{"id":437,"date":"2025-03-31T14:26:14","date_gmt":"2025-03-31T12:26:14","guid":{"rendered":"https:\/\/re-sentir.be\/?post_type=product&#038;p=437"},"modified":"2026-02-19T13:57:14","modified_gmt":"2026-02-19T12:57:14","slug":"chapelle-sixtine-2","status":"publish","type":"product","link":"https:\/\/re-sentir.be\/?product=chapelle-sixtine-2","title":{"rendered":"Chapelle Sixtine"},"content":{"rendered":"\t\t<div data-elementor-type=\"wp-post\" data-elementor-id=\"437\" class=\"elementor elementor-437\">\n\t\t\t\t<div class=\"elementor-element elementor-element-96f9205 e-flex e-con-boxed e-con e-parent\" data-id=\"96f9205\" data-element_type=\"container\">\n\t\t\t\t\t<div class=\"e-con-inner\">\n\t\t<div class=\"elementor-element elementor-element-e72a336 e-con-full e-flex e-con e-child\" data-id=\"e72a336\" data-element_type=\"container\">\n\t\t\t\t<div class=\"elementor-element elementor-element-b743db9 elementor-widget elementor-widget-text-editor\" data-id=\"b743db9\" data-element_type=\"widget\" data-widget_type=\"text-editor.default\">\n\t\t\t\t<div class=\"elementor-widget-container\">\n\t\t\t\t\t\t\t\t\t<p style=\"text-align: center;\"><span style=\"color: #99cc00;\"><span style=\"color: #800000;\">\u2665<\/span>\u00a0<\/span> <strong>Accord Oriental :<\/strong><\/p><p><strong>T\u00eate<\/strong> : Citrons<\/p><p><strong>C\u0153ur<\/strong> : Patchouli &amp; ylang-ylang<\/p><p><strong>Fond<\/strong> : Santal, encens &amp; vanilles<\/p>\t\t\t\t\t\t\t\t<\/div>\n\t\t\t\t<\/div>\n\t\t\t\t<\/div>\n\t\t<div class=\"elementor-element elementor-element-3af44c9 e-con-full e-flex e-con e-child\" data-id=\"3af44c9\" data-element_type=\"container\">\n\t\t\t\t<div class=\"elementor-element elementor-element-3284284 elementor-widget elementor-widget-text-editor\" data-id=\"3284284\" data-element_type=\"widget\" data-widget_type=\"text-editor.default\">\n\t\t\t\t<div class=\"elementor-widget-container\">\n\t\t\t\t\t\t\t\t\t<p style=\"text-align: center;\"><span style=\"color: #99cc00;\"><span style=\"color: #800000;\">\u2665<\/span>\u00a0<\/span> <strong>Composition :<\/strong><\/p>\n<p>Alcool de bl\u00e9 biologique non d\u00e9natur\u00e9, parfum (compos\u00e9 uniquement des huiles essentielles, absolues et concr\u00e8tes).<\/p>\n<p>Allerg\u00e8nes : voir ci-dessous.<\/p>\t\t\t\t\t\t\t\t<\/div>\n\t\t\t\t<\/div>\n\t\t\t\t<\/div>\n\t\t<div class=\"elementor-element elementor-element-b3751cd e-con-full e-flex e-con e-child\" data-id=\"b3751cd\" data-element_type=\"container\">\n\t\t\t\t<div class=\"elementor-element elementor-element-da81511 elementor-widget elementor-widget-text-editor\" data-id=\"da81511\" data-element_type=\"widget\" data-widget_type=\"text-editor.default\">\n\t\t\t\t<div class=\"elementor-widget-container\">\n\t\t\t\t\t\t\t\t\t<p style=\"text-align: center;\"><span style=\"color: #800000;\">\u2665\u00a0<\/span> <strong>Pr\u00e9cautions :<\/strong><\/p><p><span style=\"color: #808080;\">Pour adultes (hors grossesse et allaitement) et enfants de plus de 10 ans. Ne pas avaler. En cas d\u2019irritation de la peau, arr\u00eater l\u2019utilisation. \u00c9viter le contact avec les yeux.\u00a0 Inflammable.<\/span><\/p>\t\t\t\t\t\t\t\t<\/div>\n\t\t\t\t<\/div>\n\t\t\t\t<\/div>\n\t\t<div class=\"elementor-element elementor-element-a74e745 e-con-full e-flex e-con e-child\" data-id=\"a74e745\" data-element_type=\"container\">\n\t\t\t\t<div class=\"elementor-element elementor-element-d99fddc elementor-widget elementor-widget-text-editor\" data-id=\"d99fddc\" data-element_type=\"widget\" data-widget_type=\"text-editor.default\">\n\t\t\t\t<div class=\"elementor-widget-container\">\n\t\t\t\t\t\t\t\t\t<p style=\"text-align: center;\"><span style=\"color: #800000;\"><strong>\u2665 <\/strong><\/span><strong><span style=\"vertical-align: inherit;\">Contenance :<\/span><\/strong><\/p>\n<p><strong><span style=\"vertical-align: inherit;\">Version 50 ML<\/span><\/strong><span style=\"vertical-align: inherit;\"> : Le parfum est pr\u00e9sent\u00e9 dans un flacon en verre, muni d&rsquo;un spray et d&rsquo;un capot en bois grav\u00e9. Le flacon est prot\u00e9g\u00e9 par une bo\u00eete en carton.<\/span><\/p>\t\t\t\t\t\t\t\t<\/div>\n\t\t\t\t<\/div>\n\t\t\t\t<\/div>\n\t\t<div class=\"elementor-element elementor-element-008e6c2 e-con-full e-flex e-con e-child\" data-id=\"008e6c2\" data-element_type=\"container\">\n\t\t\t\t<div class=\"elementor-element elementor-element-884e851 elementor-widget elementor-widget-text-editor\" data-id=\"884e851\" data-element_type=\"widget\" data-widget_type=\"text-editor.default\">\n\t\t\t\t<div class=\"elementor-widget-container\">\n\t\t\t\t\t\t\t\t\t<p style=\"text-align: center;\"><strong><span style=\"color: #800000;\">\u2665<\/span> Utilisation \/ conservation :<\/strong><\/p>\n<p>Vaporiser cou ou poignets par exemple. Alternativement un mouchoir, un foulard, le bout des cheveux,&#8230; Conserver \u00e0 l&rsquo;abri de la chaleur et de la lumi\u00e8re. PAO : Le parfum conserve 2 ans apr\u00e8s ouverture.<\/p>\t\t\t\t\t\t\t\t<\/div>\n\t\t\t\t<\/div>\n\t\t\t\t<\/div>\n\t\t<div class=\"elementor-element elementor-element-02f68d4 e-con-full e-flex e-con e-child\" data-id=\"02f68d4\" data-element_type=\"container\">\n\t\t\t\t<div class=\"elementor-element elementor-element-67ded60 elementor-widget elementor-widget-text-editor\" data-id=\"67ded60\" data-element_type=\"widget\" data-widget_type=\"text-editor.default\">\n\t\t\t\t<div class=\"elementor-widget-container\">\n\t\t\t\t\t\t\t\t\t<p style=\"text-align: center;\"><strong><span style=\"color: #800000;\">\u2665 <\/span>Parfum 100% naturel :<\/strong><\/p><p><span style=\"color: #808080;\">Chapelle Sixtine est un parfum concentr\u00e9 \u00e0 18%, non genr\u00e9 et constitu\u00e9 \u00e0 100% de mol\u00e9cules naturelles. Sans colorant, sans perturbateur endocrinien, sans anti-UV, sans mol\u00e9cule de synth\u00e8se.<\/span><\/p>\t\t\t\t\t\t\t\t<\/div>\n\t\t\t\t<\/div>\n\t\t\t\t<\/div>\n\t\t\t\t\t<\/div>\n\t\t\t\t<\/div>\n\t\t<div class=\"elementor-element elementor-element-a56ac85 e-flex e-con-boxed e-con e-parent\" data-id=\"a56ac85\" data-element_type=\"container\">\n\t\t\t\t\t<div class=\"e-con-inner\">\n\t\t\t\t<div class=\"elementor-element elementor-element-56616c3 elementor-widget elementor-widget-text-editor\" data-id=\"56616c3\" data-element_type=\"widget\" data-widget_type=\"text-editor.default\">\n\t\t\t\t<div class=\"elementor-widget-container\">\n\t\t\t\t\t\t\t\t\t<p><strong>Allerg\u00e8nes des huiles essentielles :<\/strong> (la l\u00e9gislation europ\u00e9enne impose de lister 81 mati\u00e8res potentiellement allergisantes pour une partie de la population, mais sans danger pour les personnes non allergiques. Chaque recette est \u00e9valu\u00e9e au pr\u00e9alable par un toxicologue afin de v\u00e9rifier qu&rsquo;elle ne repr\u00e9sente aucun danger pour la sant\u00e9 et que les seuils des allerg\u00e8nes ne soient pas d\u00e9pass\u00e9s afin que le parfum puisse \u00eatre appliqu\u00e9 quotidiennement sur la peau.)\u00a0 : benzyl alcohol, benzyl benzoate, benzyl salicylate, beta caryophyllene, cananga odorata oil\/extract, cedrus atlantica oil\/extract, citral, citronellol, citrus aurantium bergamia peel oil, citrus limon peel oil, eugenol, farnesol, geraniol, geranyl acetate, isoeugenol, limonene, linalool, linalyl acetate, pelargornium graveolens oil, pinene, pogostemon cablin oil, rose flower oil\/extract, terpineol, terpinolene, vanillin.\u00a0\u00a0<\/p>\t\t\t\t\t\t\t\t<\/div>\n\t\t\t\t<\/div>\n\t\t\t\t\t<\/div>\n\t\t\t\t<\/div>\n\t\t\t\t<\/div>\n\t\t","protected":false},"excerpt":{"rendered":"<h6 style=\"text-align: center;\"><span style=\"color: #333333;\"><em>\u00ab\u00a0Myrrhe et encens, sous la vo\u00fbte de Michelangelo, \u00e9voquent un moment de m\u00e9ditation avec Chapelle Sixtine, un accord oriental alliant les bois pr\u00e9cieux &#8211; voire mystiques &#8211; \u00e0 la douceur de la vanille.\u00a0\u00bb<\/em><\/span><\/h6>\n","protected":false},"featured_media":1381,"template":"elementor_theme","meta":[],"product_brand":[],"product_cat":[30],"product_tag":[],"class_list":{"0":"post-437","1":"product","2":"type-product","3":"status-publish","4":"has-post-thumbnail","6":"product_cat-parfums","8":"first","9":"instock","10":"taxable","11":"shipping-taxable","12":"purchasable","13":"product-type-simple"},"yoast_head":"<!-- This site is optimized with the Yoast SEO plugin v25.9 - https:\/\/yoast.com\/wordpress\/plugins\/seo\/ -->\n<title>Chapelle Sixtine - Re.sentir<\/title>\n<meta name=\"robots\" content=\"index, follow, max-snippet:-1, max-image-preview:large, max-video-preview:-1\" \/>\n<link rel=\"canonical\" href=\"https:\/\/re-sentir.be\/?product=chapelle-sixtine-2\" \/>\n<meta property=\"og:locale\" content=\"fr_FR\" \/>\n<meta property=\"og:type\" content=\"article\" \/>\n<meta property=\"og:title\" content=\"Chapelle Sixtine - Re.sentir\" \/>\n<meta property=\"og:description\" content=\"&quot;Myrrhe et encens, sous la vo\u00fbte de Michelangelo, \u00e9voquent un moment de m\u00e9ditation avec Chapelle Sixtine, un accord oriental alliant les bois pr\u00e9cieux - voire mystiques - \u00e0 la douceur de la vanille.&quot;\" \/>\n<meta property=\"og:url\" content=\"https:\/\/re-sentir.be\/?product=chapelle-sixtine-2\" \/>\n<meta property=\"og:site_name\" content=\"Re.sentir\" \/>\n<meta property=\"article:modified_time\" content=\"2026-02-19T12:57:14+00:00\" \/>\n<meta property=\"og:image\" content=\"https:\/\/re-sentir.be\/wp-content\/uploads\/2025\/03\/IMG_20250917_010430-768x1024.png\" \/>\n\t<meta property=\"og:image:width\" content=\"768\" \/>\n\t<meta property=\"og:image:height\" content=\"1024\" \/>\n\t<meta property=\"og:image:type\" content=\"image\/png\" \/>\n<meta name=\"twitter:card\" content=\"summary_large_image\" \/>\n<meta name=\"twitter:label1\" content=\"Dur\u00e9e de lecture est.\" \/>\n\t<meta name=\"twitter:data1\" content=\"2 minutes\" \/>\n<script type=\"application\/ld+json\" class=\"yoast-schema-graph\">{\"@context\":\"https:\/\/schema.org\",\"@graph\":[{\"@type\":\"WebPage\",\"@id\":\"https:\/\/re-sentir.be\/?product=chapelle-sixtine-2\",\"url\":\"https:\/\/re-sentir.be\/?product=chapelle-sixtine-2\",\"name\":\"Chapelle Sixtine - Re.sentir\",\"isPartOf\":{\"@id\":\"https:\/\/re-sentir.be\/#website\"},\"primaryImageOfPage\":{\"@id\":\"https:\/\/re-sentir.be\/?product=chapelle-sixtine-2#primaryimage\"},\"image\":{\"@id\":\"https:\/\/re-sentir.be\/?product=chapelle-sixtine-2#primaryimage\"},\"thumbnailUrl\":\"https:\/\/re-sentir.be\/wp-content\/uploads\/2025\/03\/IMG_20250917_010430.png\",\"datePublished\":\"2025-03-31T12:26:14+00:00\",\"dateModified\":\"2026-02-19T12:57:14+00:00\",\"breadcrumb\":{\"@id\":\"https:\/\/re-sentir.be\/?product=chapelle-sixtine-2#breadcrumb\"},\"inLanguage\":\"fr-BE\",\"potentialAction\":[{\"@type\":\"ReadAction\",\"target\":[\"https:\/\/re-sentir.be\/?product=chapelle-sixtine-2\"]}]},{\"@type\":\"ImageObject\",\"inLanguage\":\"fr-BE\",\"@id\":\"https:\/\/re-sentir.be\/?product=chapelle-sixtine-2#primaryimage\",\"url\":\"https:\/\/re-sentir.be\/wp-content\/uploads\/2025\/03\/IMG_20250917_010430.png\",\"contentUrl\":\"https:\/\/re-sentir.be\/wp-content\/uploads\/2025\/03\/IMG_20250917_010430.png\",\"width\":1013,\"height\":1350,\"caption\":\"Re.sentir - Chapelle sixtine - Couverture\"},{\"@type\":\"BreadcrumbList\",\"@id\":\"https:\/\/re-sentir.be\/?product=chapelle-sixtine-2#breadcrumb\",\"itemListElement\":[{\"@type\":\"ListItem\",\"position\":1,\"name\":\"Accueil\",\"item\":\"https:\/\/re-sentir.be\/\"},{\"@type\":\"ListItem\",\"position\":2,\"name\":\"Boutique\",\"item\":\"https:\/\/re-sentir.be\/?page_id=364\"},{\"@type\":\"ListItem\",\"position\":3,\"name\":\"Chapelle Sixtine\"}]},{\"@type\":\"WebSite\",\"@id\":\"https:\/\/re-sentir.be\/#website\",\"url\":\"https:\/\/re-sentir.be\/\",\"name\":\"Re-Sentir\",\"description\":\"Parfums authentiques\",\"publisher\":{\"@id\":\"https:\/\/re-sentir.be\/#organization\"},\"potentialAction\":[{\"@type\":\"SearchAction\",\"target\":{\"@type\":\"EntryPoint\",\"urlTemplate\":\"https:\/\/re-sentir.be\/?s={search_term_string}\"},\"query-input\":{\"@type\":\"PropertyValueSpecification\",\"valueRequired\":true,\"valueName\":\"search_term_string\"}}],\"inLanguage\":\"fr-BE\"},{\"@type\":\"Organization\",\"@id\":\"https:\/\/re-sentir.be\/#organization\",\"name\":\"Re-Sentir\",\"url\":\"https:\/\/re-sentir.be\/\",\"logo\":{\"@type\":\"ImageObject\",\"inLanguage\":\"fr-BE\",\"@id\":\"https:\/\/re-sentir.be\/#\/schema\/logo\/image\/\",\"url\":\"https:\/\/re-sentir.be\/wp-content\/uploads\/2025\/02\/resentir_logo_100x100_72pp.png\",\"contentUrl\":\"https:\/\/re-sentir.be\/wp-content\/uploads\/2025\/02\/resentir_logo_100x100_72pp.png\",\"width\":44,\"height\":34,\"caption\":\"Re-Sentir\"},\"image\":{\"@id\":\"https:\/\/re-sentir.be\/#\/schema\/logo\/image\/\"}}]}<\/script>\n<!-- \/ Yoast SEO plugin. -->","yoast_head_json":{"title":"Chapelle Sixtine - Re.sentir","robots":{"index":"index","follow":"follow","max-snippet":"max-snippet:-1","max-image-preview":"max-image-preview:large","max-video-preview":"max-video-preview:-1"},"canonical":"https:\/\/re-sentir.be\/?product=chapelle-sixtine-2","og_locale":"fr_FR","og_type":"article","og_title":"Chapelle Sixtine - Re.sentir","og_description":"\"Myrrhe et encens, sous la vo\u00fbte de Michelangelo, \u00e9voquent un moment de m\u00e9ditation avec Chapelle Sixtine, un accord oriental alliant les bois pr\u00e9cieux - voire mystiques - \u00e0 la douceur de la vanille.\"","og_url":"https:\/\/re-sentir.be\/?product=chapelle-sixtine-2","og_site_name":"Re.sentir","article_modified_time":"2026-02-19T12:57:14+00:00","og_image":[{"width":768,"height":1024,"url":"https:\/\/re-sentir.be\/wp-content\/uploads\/2025\/03\/IMG_20250917_010430-768x1024.png","type":"image\/png"}],"twitter_card":"summary_large_image","twitter_misc":{"Dur\u00e9e de lecture est.":"2 minutes"},"schema":{"@context":"https:\/\/schema.org","@graph":[{"@type":"WebPage","@id":"https:\/\/re-sentir.be\/?product=chapelle-sixtine-2","url":"https:\/\/re-sentir.be\/?product=chapelle-sixtine-2","name":"Chapelle Sixtine - Re.sentir","isPartOf":{"@id":"https:\/\/re-sentir.be\/#website"},"primaryImageOfPage":{"@id":"https:\/\/re-sentir.be\/?product=chapelle-sixtine-2#primaryimage"},"image":{"@id":"https:\/\/re-sentir.be\/?product=chapelle-sixtine-2#primaryimage"},"thumbnailUrl":"https:\/\/re-sentir.be\/wp-content\/uploads\/2025\/03\/IMG_20250917_010430.png","datePublished":"2025-03-31T12:26:14+00:00","dateModified":"2026-02-19T12:57:14+00:00","breadcrumb":{"@id":"https:\/\/re-sentir.be\/?product=chapelle-sixtine-2#breadcrumb"},"inLanguage":"fr-BE","potentialAction":[{"@type":"ReadAction","target":["https:\/\/re-sentir.be\/?product=chapelle-sixtine-2"]}]},{"@type":"ImageObject","inLanguage":"fr-BE","@id":"https:\/\/re-sentir.be\/?product=chapelle-sixtine-2#primaryimage","url":"https:\/\/re-sentir.be\/wp-content\/uploads\/2025\/03\/IMG_20250917_010430.png","contentUrl":"https:\/\/re-sentir.be\/wp-content\/uploads\/2025\/03\/IMG_20250917_010430.png","width":1013,"height":1350,"caption":"Re.sentir - Chapelle sixtine - Couverture"},{"@type":"BreadcrumbList","@id":"https:\/\/re-sentir.be\/?product=chapelle-sixtine-2#breadcrumb","itemListElement":[{"@type":"ListItem","position":1,"name":"Accueil","item":"https:\/\/re-sentir.be\/"},{"@type":"ListItem","position":2,"name":"Boutique","item":"https:\/\/re-sentir.be\/?page_id=364"},{"@type":"ListItem","position":3,"name":"Chapelle Sixtine"}]},{"@type":"WebSite","@id":"https:\/\/re-sentir.be\/#website","url":"https:\/\/re-sentir.be\/","name":"Re-Sentir","description":"Parfums authentiques","publisher":{"@id":"https:\/\/re-sentir.be\/#organization"},"potentialAction":[{"@type":"SearchAction","target":{"@type":"EntryPoint","urlTemplate":"https:\/\/re-sentir.be\/?s={search_term_string}"},"query-input":{"@type":"PropertyValueSpecification","valueRequired":true,"valueName":"search_term_string"}}],"inLanguage":"fr-BE"},{"@type":"Organization","@id":"https:\/\/re-sentir.be\/#organization","name":"Re-Sentir","url":"https:\/\/re-sentir.be\/","logo":{"@type":"ImageObject","inLanguage":"fr-BE","@id":"https:\/\/re-sentir.be\/#\/schema\/logo\/image\/","url":"https:\/\/re-sentir.be\/wp-content\/uploads\/2025\/02\/resentir_logo_100x100_72pp.png","contentUrl":"https:\/\/re-sentir.be\/wp-content\/uploads\/2025\/02\/resentir_logo_100x100_72pp.png","width":44,"height":34,"caption":"Re-Sentir"},"image":{"@id":"https:\/\/re-sentir.be\/#\/schema\/logo\/image\/"}}]}},"_links":{"self":[{"href":"https:\/\/re-sentir.be\/index.php?rest_route=\/wp\/v2\/product\/437","targetHints":{"allow":["GET"]}}],"collection":[{"href":"https:\/\/re-sentir.be\/index.php?rest_route=\/wp\/v2\/product"}],"about":[{"href":"https:\/\/re-sentir.be\/index.php?rest_route=\/wp\/v2\/types\/product"}],"version-history":[{"count":24,"href":"https:\/\/re-sentir.be\/index.php?rest_route=\/wp\/v2\/product\/437\/revisions"}],"predecessor-version":[{"id":2006,"href":"https:\/\/re-sentir.be\/index.php?rest_route=\/wp\/v2\/product\/437\/revisions\/2006"}],"wp:featuredmedia":[{"embeddable":true,"href":"https:\/\/re-sentir.be\/index.php?rest_route=\/wp\/v2\/media\/1381"}],"wp:attachment":[{"href":"https:\/\/re-sentir.be\/index.php?rest_route=%2Fwp%2Fv2%2Fmedia&parent=437"}],"wp:term":[{"taxonomy":"product_brand","embeddable":true,"href":"https:\/\/re-sentir.be\/index.php?rest_route=%2Fwp%2Fv2%2Fproduct_brand&post=437"},{"taxonomy":"product_cat","embeddable":true,"href":"https:\/\/re-sentir.be\/index.php?rest_route=%2Fwp%2Fv2%2Fproduct_cat&post=437"},{"taxonomy":"product_tag","embeddable":true,"href":"https:\/\/re-sentir.be\/index.php?rest_route=%2Fwp%2Fv2%2Fproduct_tag&post=437"}],"curies":[{"name":"wp","href":"https:\/\/api.w.org\/{rel}","templated":true}]}}